{"id":15739,"date":"2024-04-12T10:47:45","date_gmt":"2024-04-12T08:47:45","guid":{"rendered":"https:\/\/www.conimast.fr\/csr\/der-ansatz\/"},"modified":"2024-09-10T11:26:47","modified_gmt":"2024-09-10T09:26:47","slug":"der-ansatz","status":"publish","type":"page","link":"https:\/\/www.conimast.fr\/de\/csr\/der-ansatz\/","title":{"rendered":"Der Ansatz"},"content":{"rendered":"<div class=\"wpb-content-wrapper\"><p>[vc_row full_width=&#8220;stretch_row&#8220; css=&#8220;.vc_custom_1715327846149{padding-bottom: 60px !important;}&#8220;][vc_column]<div class=\"clearboth\"><\/div><style>#thegem-divider-69fa01b7d11f8 {margin-top: 80px !important;}<\/style><div id=\"thegem-divider-69fa01b7d11f8\" class=\"gem-divider  \" style=\"\" ><\/div>[vc_column_text css=&#8220;.vc_custom_1715324814773{margin-top: -12px !important;}&#8220;]<\/p>\n<div class=\"title-h2\" style=\"text-align: left; margin-bottom: 20px;\">der Ansatz<\/div>\n<div style=\"width: 55px; height: 3px; background: #fbc300; text-indent: 9999px;\">1<\/div>\n<p>[\/vc_column_text][vc_column_text css=&#8220;&#8220;]<\/p>\n<h4>Auf dem Weg zu einer \u00f6kologisch verantwortlicheren Wirtschaft<\/h4>\n<p>[\/vc_column_text][vc_row_inner][vc_column_inner width=&#8220;1\/2&#8243;]<div class=\"clearboth\"><\/div><style>#thegem-divider-69fa01b7d12e4 {margin-top: 25px !important;}<\/style><div id=\"thegem-divider-69fa01b7d12e4\" class=\"gem-divider  \" style=\"\" ><\/div><div class=\"gem-image gem-wrapbox gem-wrapbox-style-default gem-wrapbox-position-below  thegem-custom-69fa01b7d13954662\"  style=\"\" ><div class=\"gem-wrapbox-inner \" ><img class=\"gem-wrapbox-element img-responsive\" src=\"https:\/\/www.conimast.fr\/wp-content\/uploads\/2024\/05\/ecologie-conimast.jpg\" alt=\"\"\/><\/div><\/div>[\/vc_column_inner][vc_column_inner width=&#8220;1\/2&#8243;]<div class=\"clearboth\"><\/div><style>#thegem-divider-69fa01b7d17b2 {margin-top: 40px !important;}<\/style><div id=\"thegem-divider-69fa01b7d17b2\" class=\"gem-divider  \" style=\"\" ><\/div>[vc_column_text css=&#8220;&#8220;]<\/p>\n<p style=\"text-align: justify;\"><strong>Die umweltbewusste Conimast setzt ihre Vorschl\u00e4ge f\u00fcr eine \u00f6kologisch verantwortungsbewusste Wirtschaft fort:<\/strong><\/p>\n<p style=\"text-align: justify;\">&#8211; Nachdem er bei 95% seiner Produktion das Schaumstoffprofil zum Schutz der Sohlen durch eine teurere, aber wiederverwertbare Spezialverpackung aus Karton ersetzt hat.<\/p>\n<p style=\"text-align: justify;\">&#8211; In den kommenden Monaten wird das Polyestergewebe f\u00fcr die Verpackung durch ein ebenso leistungsf\u00e4higes Produkt ersetzt, das zu 100 % kompostierbar und recycelbar ist (au\u00dfer bei speziellen Exportverpackungen).<\/p>\n<p>[\/vc_column_text][\/vc_column_inner][\/vc_row_inner][\/vc_column][\/vc_row][vc_row full_width=&#8220;stretch_row&#8220; css=&#8220;.vc_custom_1715328391446{padding-bottom: 60px !important;background-color: #f2f8fc !important;}&#8220;][vc_column]<div class=\"clearboth\"><\/div><style>#thegem-divider-69fa01b7d1856 {margin-top: 25px !important;}<\/style><div id=\"thegem-divider-69fa01b7d1856\" class=\"gem-divider  \" style=\"\" ><\/div>[vc_column_text css=&#8220;&#8220;]<\/p>\n<h4>heute<\/h4>\n<p>[\/vc_column_text][vc_row_inner][vc_column_inner width=&#8220;1\/3&#8243;]<div class=\"clearboth\"><\/div><style>#thegem-divider-69fa01b7d18f5 {margin-top: 40px !important;}<\/style><div id=\"thegem-divider-69fa01b7d18f5\" class=\"gem-divider  \" style=\"\" ><\/div>[vc_column_text css=&#8220;&#8220;]<\/p>\n<p style=\"text-align: justify;\">Um die Umweltauswirkungen des Lebenszyklus unserer Produkte zu reduzieren, bieten wir Ihnen die R\u00fccknahme von Masten am Ende ihrer Lebensdauer in Ihren Depots an.<\/p>\n<p style=\"text-align: justify;\">Das Konzept besteht darin, auf der R\u00fcckfahrt unserer Liefertouren die Abholung alter Masten, die Ihre Parks verstopfen, nach Terminvereinbarung zu organisieren und Ihnen die M\u00f6glichkeit zu geben, unsere Produktionsabf\u00e4lle aus Stahl (Abwickelkanten, Einstellmasten, Produktionsausschuss) zu recyceln.<\/p>\n<p style=\"text-align: justify;\">Dies gilt nur f\u00fcr demontierte Stahlmasten.<br \/>\nSie m\u00fcssen von den Leuchten, Geh\u00e4usen und Kabeln befreit werden.<br \/>\nDie Verladung und der Abtransport werden von unseren 25-Tonnen-Kranfahrzeugen durchgef\u00fchrt.  <\/p>\n<p>[\/vc_column_text][\/vc_column_inner][vc_column_inner width=&#8220;2\/3&#8243;]<div class=\"clearboth\"><\/div><style>#thegem-divider-69fa01b7d198e {margin-top: 25px !important;}<\/style><div id=\"thegem-divider-69fa01b7d198e\" class=\"gem-divider  \" style=\"\" ><\/div><div class=\"gem-image gem-wrapbox gem-wrapbox-style-default gem-wrapbox-position-below  thegem-custom-69fa01b7d1a2d9315\"  style=\"\" ><div class=\"gem-wrapbox-inner \" ><img class=\"gem-wrapbox-element img-responsive\" src=\"https:\/\/www.conimast.fr\/wp-content\/uploads\/2024\/05\/recyclage-conimast.jpg\" alt=\"\"\/><\/div><\/div>[\/vc_column_inner][\/vc_row_inner][\/vc_column][\/vc_row][vc_row full_width=&#8220;stretch_row&#8220; css=&#8220;.vc_custom_1715329002575{padding-bottom: 30px !important;}&#8220;][vc_column]<div class=\"clearboth\"><\/div><style>#thegem-divider-69fa01b7d1e32 {margin-top: 25px !important;}<\/style><div id=\"thegem-divider-69fa01b7d1e32\" class=\"gem-divider  \" style=\"\" ><\/div>[vc_row_inner][vc_column_inner width=&#8220;2\/3&#8243;]<div class=\"clearboth\"><\/div><style>#thegem-divider-69fa01b7d1ed8 {margin-top: 50px !important;}<\/style><div id=\"thegem-divider-69fa01b7d1ed8\" class=\"gem-divider  \" style=\"\" ><\/div><div class=\"gem-image gem-wrapbox gem-wrapbox-style-default gem-wrapbox-position-below  thegem-custom-69fa01b7d1f769388\"  style=\"\" ><div class=\"gem-wrapbox-inner \" ><img class=\"gem-wrapbox-element img-responsive\" src=\"https:\/\/www.conimast.fr\/wp-content\/uploads\/2024\/05\/document-a-signer.jpg\" alt=\"\"\/><\/div><\/div>[\/vc_column_inner][vc_column_inner width=&#8220;1\/3&#8243;]<div class=\"clearboth\"><\/div><style>#thegem-divider-69fa01b7d230b {margin-top: 40px !important;}<\/style><div id=\"thegem-divider-69fa01b7d230b\" class=\"gem-divider  \" style=\"\" ><\/div>[vc_column_text css=&#8220;&#8220;]<\/p>\n<p style=\"text-align: justify;\">Ein Dokument zur Genehmigung der Vernichtung wird Ihnen mit der Best\u00e4tigung des Termins zugesandt.<br \/>\nBei Erhalt in unseren R\u00e4umlichkeiten wird ein Wiegeschein ausgestellt und wir teilen Ihnen den Rechnungswert mit, den Sie in H\u00f6he von 50% des Recyclingwerts ausstellen m\u00fcssen. <\/p>\n<p style=\"text-align: justify;\">Der Preis f\u00fcr Schrott \u00e4ndert sich monatlich.<br \/>\nZur Information: Im April 2023 betrug er 233 \u20ac ohne MwSt. pro Tonne.<br \/>\nDieser Preis wird monatlich angepasst und basiert auf dem Index der Rubrik Q0623 &#8211; E1 &#8211; Sammelschrott, der von der Usine Nouvelle f\u00fcr die Regionen Nord-Est und \u00cele-de-France ver\u00f6ffentlicht wird.  <\/p>\n<p style=\"text-align: justify;\">Wir sorgen f\u00fcr ein kurzes Recycling dieser Produkte.<br \/>\nNachdem sie in 0,5 Meter lange Abschnitte geschnitten wurden, werden sie zu einem Unternehmen in der N\u00e4he unseres Standorts in Saint-Florentin transportiert, wo sie weiterverarbeitet werden, um ein neues Leben zu beginnen. <\/p>\n<p>[\/vc_column_text][\/vc_column_inner][\/vc_row_inner][\/vc_column][\/vc_row][vc_row full_width=&#8220;stretch_row&#8220; css=&#8220;.vc_custom_1715277600707{padding-bottom: 60px !important;background-color: #f2f8fc !important;}&#8220;][vc_column]<div class=\"clearboth\"><\/div><style>#thegem-divider-69fa01b7d23ac {margin-top: 25px !important;}<\/style><div id=\"thegem-divider-69fa01b7d23ac\" class=\"gem-divider  \" style=\"\" ><\/div>[vc_column_text css=&#8220;&#8220;]<\/p>\n<h4>Wir investieren in eine saubere und verantwortungsvolle Industrie<\/h4>\n<p>[\/vc_column_text][vc_row_inner][vc_column_inner width=&#8220;2\/3&#8243;]<div class=\"clearboth\"><\/div><style>#thegem-divider-69fa01b7d2446 {margin-top: 25px !important;}<\/style><div id=\"thegem-divider-69fa01b7d2446\" class=\"gem-divider  \" style=\"\" ><\/div><div class=\"clearboth\"><\/div><style>#thegem-divider-69fa01b7d24de {margin-top: 25px !important;}<\/style><div id=\"thegem-divider-69fa01b7d24de\" class=\"gem-divider  \" style=\"\" ><\/div><div class=\"gem-image gem-wrapbox gem-wrapbox-style-default gem-wrapbox-position-below  thegem-custom-69fa01b7d25774226\"  style=\"\" ><div class=\"gem-wrapbox-inner \" ><img class=\"gem-wrapbox-element img-responsive\" src=\"https:\/\/www.conimast.fr\/wp-content\/uploads\/2024\/05\/ambitions.jpg\" alt=\"\"\/><\/div><\/div>[\/vc_column_inner][vc_column_inner width=&#8220;1\/3&#8243;][vc_column_text css=&#8220;&#8220;]<strong>1. Abwasser- und Wasseraufbereitungsanlagen<\/strong><br \/> Unsere Galvanisierungsanlagen sind mit fortschrittlichen Wasseraufbereitungstechnologien und Abwasseraufbereitungssystemen ausgestattet, um einen geringen \u00f6kologischen Fu\u00dfabdruck zu gew\u00e4hrleisten.[\/vc_column_text][vc_column_text css=&#8220;&#8220;]<strong>2. Rauchgasabsaugungen<\/strong><br \/> Jede Galvanikanlage ist mit leistungsstarken Rauchgasabsaugungen ausgestattet, die eine effiziente Erfassung der w\u00e4hrend des Prozesses entstehenden Rauchgase gew\u00e4hrleisten.[\/vc_column_text][vc_column_text css=&#8220;&#8220;]<strong>3. Absaugung von Zinkstaub<\/strong><br \/> Die Schleifbereiche sind mit speziell entwickelten Absaugsystemen zur Beseitigung von Zinkstaub ausgestattet, die eine sauberere und sicherere Arbeitsumgebung gew\u00e4hrleisten.[\/vc_column_text]<div class=\"clearboth\"><\/div><style>#thegem-divider-69fa01b7d28e9 {margin-top: 15px !important;}<\/style><div id=\"thegem-divider-69fa01b7d28e9\" class=\"gem-divider  \" style=\"\" ><\/div>[vc_single_image image=&#8220;4395&#8243; img_size=&#8220;full&#8220; css=&#8220;&#8220;][\/vc_column_inner][\/vc_row_inner][\/vc_column][\/vc_row]<\/p>\n<\/div>","protected":false},"excerpt":{"rendered":"<p>[vc_row full_width=&#8220;stretch_row&#8220; css=&#8220;.vc_custom_1715327846149{padding-bottom: 60px !important;}&#8220;][vc_column][vc_column_text css=&#8220;.vc_custom_1715324814773{margin-top: -12px !important;}&#8220;] der Ansatz 1 [\/vc_column_text][vc_column_text css=&#8220;&#8220;] Auf dem Weg zu einer \u00f6kologisch verantwortlicheren&#8230;<\/p>\n","protected":false},"author":1,"featured_media":0,"parent":15485,"menu_order":0,"comment_status":"closed","ping_status":"closed","template":"","meta":{"_acf_changed":false,"footnotes":""},"class_list":["post-15739","page","type-page","status-publish"],"acf":[],"yoast_head":"<!-- This site is optimized with the Yoast SEO plugin v26.4 - https:\/\/yoast.com\/wordpress\/plugins\/seo\/ -->\r\n<title>Der Ansatz - Conimast<\/title>\r\n<meta name=\"robots\" content=\"index, follow, max-snippet:-1, max-image-preview:large, max-video-preview:-1\" \/>\r\n<link rel=\"canonical\" href=\"https:\/\/www.conimast.fr\/responsabilite-sociale-et-environnementale\/lapproche\/\" \/>\r\n<meta property=\"og:locale\" content=\"de_DE\" \/>\r\n<meta property=\"og:type\" content=\"article\" \/>\r\n<meta property=\"og:title\" content=\"Der Ansatz - Conimast\" \/>\r\n<meta property=\"og:description\" content=\"[vc_row full_width=&#8220;stretch_row&#8220; css=&#8220;.vc_custom_1715327846149{padding-bottom: 60px !important;}&#8220;][vc_column][vc_column_text css=&#8220;.vc_custom_1715324814773{margin-top: -12px !important;}&#8220;] der Ansatz 1 [\/vc_column_text][vc_column_text css=&#8220;&#8220;] Auf dem Weg zu einer \u00f6kologisch verantwortlicheren...\" \/>\r\n<meta property=\"og:url\" content=\"https:\/\/www.conimast.fr\/responsabilite-sociale-et-environnementale\/lapproche\/\" \/>\r\n<meta property=\"og:site_name\" content=\"Conimast\" \/>\r\n<meta property=\"article:modified_time\" content=\"2024-09-10T09:26:47+00:00\" \/>\r\n<meta name=\"twitter:card\" content=\"summary_large_image\" \/>\r\n<meta name=\"twitter:label1\" content=\"Gesch\u00e4tzte Lesezeit\" \/>\n\t<meta name=\"twitter:data1\" content=\"3\u00a0Minuten\" \/>\r\n<script type=\"application\/ld+json\" class=\"yoast-schema-graph\">{\"@context\":\"https:\/\/schema.org\",\"@graph\":[{\"@type\":\"WebPage\",\"@id\":\"https:\/\/www.conimast.fr\/responsabilite-sociale-et-environnementale\/lapproche\/\",\"url\":\"https:\/\/www.conimast.fr\/responsabilite-sociale-et-environnementale\/lapproche\/\",\"name\":\"Der Ansatz - Conimast\",\"isPartOf\":{\"@id\":\"https:\/\/www.conimast.fr\/#website\"},\"datePublished\":\"2024-04-12T08:47:45+00:00\",\"dateModified\":\"2024-09-10T09:26:47+00:00\",\"breadcrumb\":{\"@id\":\"https:\/\/www.conimast.fr\/responsabilite-sociale-et-environnementale\/lapproche\/#breadcrumb\"},\"inLanguage\":\"de\",\"potentialAction\":[{\"@type\":\"ReadAction\",\"target\":[\"https:\/\/www.conimast.fr\/responsabilite-sociale-et-environnementale\/lapproche\/\"]}]},{\"@type\":\"BreadcrumbList\",\"@id\":\"https:\/\/www.conimast.fr\/responsabilite-sociale-et-environnementale\/lapproche\/#breadcrumb\",\"itemListElement\":[{\"@type\":\"ListItem\",\"position\":1,\"name\":\"Accueil\",\"item\":\"https:\/\/www.conimast.fr\/de\/\"},{\"@type\":\"ListItem\",\"position\":2,\"name\":\"CSR\",\"item\":\"https:\/\/www.conimast.fr\/de\/csr\/\"},{\"@type\":\"ListItem\",\"position\":3,\"name\":\"Der Ansatz\"}]},{\"@type\":\"WebSite\",\"@id\":\"https:\/\/www.conimast.fr\/#website\",\"url\":\"https:\/\/www.conimast.fr\/\",\"name\":\"Conimast\",\"description\":\"sp\u00e9cialiste du Mobilier urbain d&#039;\u00e9clairage\",\"potentialAction\":[{\"@type\":\"SearchAction\",\"target\":{\"@type\":\"EntryPoint\",\"urlTemplate\":\"https:\/\/www.conimast.fr\/?s={search_term_string}\"},\"query-input\":{\"@type\":\"PropertyValueSpecification\",\"valueRequired\":true,\"valueName\":\"search_term_string\"}}],\"inLanguage\":\"de\"}]}<\/script>\r\n<!-- \/ Yoast SEO plugin. -->","yoast_head_json":{"title":"Der Ansatz - Conimast","robots":{"index":"index","follow":"follow","max-snippet":"max-snippet:-1","max-image-preview":"max-image-preview:large","max-video-preview":"max-video-preview:-1"},"canonical":"https:\/\/www.conimast.fr\/responsabilite-sociale-et-environnementale\/lapproche\/","og_locale":"de_DE","og_type":"article","og_title":"Der Ansatz - Conimast","og_description":"[vc_row full_width=&#8220;stretch_row&#8220; css=&#8220;.vc_custom_1715327846149{padding-bottom: 60px !important;}&#8220;][vc_column][vc_column_text css=&#8220;.vc_custom_1715324814773{margin-top: -12px !important;}&#8220;] der Ansatz 1 [\/vc_column_text][vc_column_text css=&#8220;&#8220;] Auf dem Weg zu einer \u00f6kologisch verantwortlicheren...","og_url":"https:\/\/www.conimast.fr\/responsabilite-sociale-et-environnementale\/lapproche\/","og_site_name":"Conimast","article_modified_time":"2024-09-10T09:26:47+00:00","twitter_card":"summary_large_image","twitter_misc":{"Gesch\u00e4tzte Lesezeit":"3\u00a0Minuten"},"schema":{"@context":"https:\/\/schema.org","@graph":[{"@type":"WebPage","@id":"https:\/\/www.conimast.fr\/responsabilite-sociale-et-environnementale\/lapproche\/","url":"https:\/\/www.conimast.fr\/responsabilite-sociale-et-environnementale\/lapproche\/","name":"Der Ansatz - Conimast","isPartOf":{"@id":"https:\/\/www.conimast.fr\/#website"},"datePublished":"2024-04-12T08:47:45+00:00","dateModified":"2024-09-10T09:26:47+00:00","breadcrumb":{"@id":"https:\/\/www.conimast.fr\/responsabilite-sociale-et-environnementale\/lapproche\/#breadcrumb"},"inLanguage":"de","potentialAction":[{"@type":"ReadAction","target":["https:\/\/www.conimast.fr\/responsabilite-sociale-et-environnementale\/lapproche\/"]}]},{"@type":"BreadcrumbList","@id":"https:\/\/www.conimast.fr\/responsabilite-sociale-et-environnementale\/lapproche\/#breadcrumb","itemListElement":[{"@type":"ListItem","position":1,"name":"Accueil","item":"https:\/\/www.conimast.fr\/de\/"},{"@type":"ListItem","position":2,"name":"CSR","item":"https:\/\/www.conimast.fr\/de\/csr\/"},{"@type":"ListItem","position":3,"name":"Der Ansatz"}]},{"@type":"WebSite","@id":"https:\/\/www.conimast.fr\/#website","url":"https:\/\/www.conimast.fr\/","name":"Conimast","description":"sp\u00e9cialiste du Mobilier urbain d&#039;\u00e9clairage","potentialAction":[{"@type":"SearchAction","target":{"@type":"EntryPoint","urlTemplate":"https:\/\/www.conimast.fr\/?s={search_term_string}"},"query-input":{"@type":"PropertyValueSpecification","valueRequired":true,"valueName":"search_term_string"}}],"inLanguage":"de"}]}},"_links":{"self":[{"href":"https:\/\/www.conimast.fr\/de\/wp-json\/wp\/v2\/pages\/15739","targetHints":{"allow":["GET"]}}],"collection":[{"href":"https:\/\/www.conimast.fr\/de\/wp-json\/wp\/v2\/pages"}],"about":[{"href":"https:\/\/www.conimast.fr\/de\/wp-json\/wp\/v2\/types\/page"}],"author":[{"embeddable":true,"href":"https:\/\/www.conimast.fr\/de\/wp-json\/wp\/v2\/users\/1"}],"replies":[{"embeddable":true,"href":"https:\/\/www.conimast.fr\/de\/wp-json\/wp\/v2\/comments?post=15739"}],"version-history":[{"count":1,"href":"https:\/\/www.conimast.fr\/de\/wp-json\/wp\/v2\/pages\/15739\/revisions"}],"predecessor-version":[{"id":16239,"href":"https:\/\/www.conimast.fr\/de\/wp-json\/wp\/v2\/pages\/15739\/revisions\/16239"}],"up":[{"embeddable":true,"href":"https:\/\/www.conimast.fr\/de\/wp-json\/wp\/v2\/pages\/15485"}],"wp:attachment":[{"href":"https:\/\/www.conimast.fr\/de\/wp-json\/wp\/v2\/media?parent=15739"}],"curies":[{"name":"wp","href":"https:\/\/api.w.org\/{rel}","templated":true}]}}