{"id":15729,"date":"2024-04-12T09:59:55","date_gmt":"2024-04-12T07:59:55","guid":{"rendered":"https:\/\/www.conimast.fr\/unsere-werte\/das-fuehrungsteam\/"},"modified":"2024-09-10T14:56:04","modified_gmt":"2024-09-10T12:56:04","slug":"das-fuehrungsteam","status":"publish","type":"page","link":"https:\/\/www.conimast.fr\/de\/unsere-werte\/das-fuehrungsteam\/","title":{"rendered":"Das F\u00fchrungsteam"},"content":{"rendered":"<div class=\"wpb-content-wrapper\"><p>[vc_row][vc_column][vc_column_text][\/vc_column_text][\/vc_column][\/vc_row][vc_row css=&#8220;.vc_custom_1511178027038{margin-bottom: 0px !important;}&#8220;][vc_column]<div class=\"clearboth\"><\/div><style>#thegem-divider-69fb3b9497925 {margin-top: 80px !important;}<\/style><div id=\"thegem-divider-69fb3b9497925\" class=\"gem-divider  \" style=\"\" ><\/div>[\/vc_column][\/vc_row][vc_row full_width=&#8220;stretch_row&#8220; css=&#8220;.vc_custom_1511177893404{margin-bottom: 0px !important;}&#8220;][vc_column offset=&#8220;vc_col-md-6&#8243;]<div class=\"gem-image gem-wrapbox gem-wrapbox-style-default gem-wrapbox-position-below  thegem-custom-69fb3b9497a107097\"  style=\"\" ><div class=\"gem-wrapbox-inner \" ><img class=\"gem-wrapbox-element img-responsive\" src=\"https:\/\/www.conimast.fr\/wp-content\/uploads\/2024\/05\/equipe-dirigeante.jpg\" alt=\"\"\/><\/div><\/div>[\/vc_column][vc_column offset=&#8220;vc_col-lg-offset-0 vc_col-md-offset-0 vc_col-md-6 vc_col-sm-offset-0&#8243;][vc_column_text css=&#8220;.vc_custom_1715122426623{margin-top: -12px !important;}&#8220;]<\/p>\n<div class=\"title-h2\" style=\"text-align: left; margin-bottom: 20px;\">Das F\u00fchrungsteam<\/div>\n<div style=\"width: 55px; height: 3px; background: #fbc300; text-indent: 9999px;\">1<\/div>\n<p>[\/vc_column_text]<div class=\"clearboth\"><\/div><style>#thegem-divider-69fb3b9497e5d {margin-top: 43px !important;}<\/style><div id=\"thegem-divider-69fb3b9497e5d\" class=\"gem-divider  \" style=\"\" ><\/div><div class=\"gem-list\" ><ul>\n<li><strong>Werte wie Engagement und Loyalit\u00e4t<\/strong><\/li>\n<li><strong>Die Suche nach Innovation<\/strong><\/li>\n<li><strong>Respekt f\u00fcr die Mitarbeiter<\/strong><\/li>\n<li><strong>Der wohlwollende Geist eines mittelst\u00e4ndischen Unternehmens, das zu einem gro\u00dfen Unternehmen wurde<\/strong><\/li>\n<li><strong>Das starke und pragmatische Image seines Sch\u00f6pfers<\/strong><\/li>\n<li><strong>Eine gro\u00dfe Delegation f\u00fcr mehr Reaktionsf\u00e4higkeit<\/strong><\/li>\n<li><strong>Ein verf\u00fcgbares und offenes Topmanagement<\/strong><\/li>\n<\/ul>\n<\/div>[\/vc_column][vc_column]<div class=\"clearboth\"><\/div><style>#thegem-divider-69fb3b9498066 {margin-top: 20px !important;}<\/style><div id=\"thegem-divider-69fb3b9498066\" class=\"gem-divider  \" style=\"\" ><\/div>[vc_column_text css=&#8220;&#8220;]Wir stellen Masten und Halterungen f\u00fcr Beleuchtung und Kameras her&#8230;<br \/>\nDiese Herstellung ist wichtig f\u00fcr Sie, f\u00fcr uns, sie werden bei der Installation gepr\u00fcft und dann vergessen, wenn sie einmal da sind.<br \/>\nDas ist es, was wir wollen: jahrelangen Service und Sicherheit durch unsere Qualit\u00e4t.[\/vc_column_text]<div class=\"clearboth\"><\/div><style>#thegem-divider-69fb3b9498107 {margin-top: 40px !important;}<\/style><div id=\"thegem-divider-69fb3b9498107\" class=\"gem-divider  \" style=\"\" ><\/div><div style='background-color: #f2f8fc; color: #2c2c2c; '  class=\"gem-quote gem-quote-style-1 gem-quote-no-paddings custom-color-blockqute-mark-added\" ><blockquote style='color: #2c2c2c ; border-color:  ' ><\/p>\n<div class=\"title-h5\">Die Dinge ernst machen, ohne sich selbst ernst zu nehmen<br \/>\nRobert Hossein<\/div>\n<p>Robert Hossein<\/blockquote><span style=color:#fbcf00;  class=\"custom-color-blockqute-mark\">&#xe60c;<\/span><\/div><div class=\"clearboth\"><\/div><style>#thegem-divider-69fb3b9498230 {margin-top: 40px !important;}<\/style><div id=\"thegem-divider-69fb3b9498230\" class=\"gem-divider  \" style=\"\" ><\/div>[\/vc_column][\/vc_row]<\/p>\n<\/div>","protected":false},"excerpt":{"rendered":"<p>[vc_row][vc_column][vc_column_text][\/vc_column_text][\/vc_column][\/vc_row][vc_row css=&#8220;.vc_custom_1511178027038{margin-bottom: 0px !important;}&#8220;][vc_column][\/vc_column][\/vc_row][vc_row full_width=&#8220;stretch_row&#8220; css=&#8220;.vc_custom_1511177893404{margin-bottom: 0px !important;}&#8220;][vc_column offset=&#8220;vc_col-md-6&#8243;][\/vc_column][vc_column offset=&#8220;vc_col-lg-offset-0 vc_col-md-offset-0 vc_col-md-6 vc_col-sm-offset-0&#8243;][vc_column_text css=&#8220;.vc_custom_1715122426623{margin-top: -12px !important;}&#8220;] Das F\u00fchrungsteam 1 [\/vc_column_text][\/vc_column][vc_column][vc_column_text&#8230;<\/p>\n","protected":false},"author":1,"featured_media":0,"parent":15459,"menu_order":0,"comment_status":"closed","ping_status":"closed","template":"","meta":{"_acf_changed":false,"footnotes":""},"class_list":["post-15729","page","type-page","status-publish"],"acf":[],"yoast_head":"<!-- This site is optimized with the Yoast SEO plugin v26.4 - https:\/\/yoast.com\/wordpress\/plugins\/seo\/ -->\r\n<title>Das F\u00fchrungsteam - Conimast<\/title>\r\n<meta name=\"robots\" content=\"index, follow, max-snippet:-1, max-image-preview:large, max-video-preview:-1\" \/>\r\n<link rel=\"canonical\" href=\"https:\/\/www.conimast.fr\/nos-valeurs\/lequipe-dirigeante\/\" \/>\r\n<meta property=\"og:locale\" content=\"de_DE\" \/>\r\n<meta property=\"og:type\" content=\"article\" \/>\r\n<meta property=\"og:title\" content=\"Das F\u00fchrungsteam - Conimast\" \/>\r\n<meta property=\"og:description\" content=\"[vc_row][vc_column][vc_column_text][\/vc_column_text][\/vc_column][\/vc_row][vc_row css=&#8220;.vc_custom_1511178027038{margin-bottom: 0px !important;}&#8220;][vc_column][\/vc_column][\/vc_row][vc_row full_width=&#8220;stretch_row&#8220; css=&#8220;.vc_custom_1511177893404{margin-bottom: 0px !important;}&#8220;][vc_column offset=&#8220;vc_col-md-6&#8243;][\/vc_column][vc_column offset=&#8220;vc_col-lg-offset-0 vc_col-md-offset-0 vc_col-md-6 vc_col-sm-offset-0&#8243;][vc_column_text css=&#8220;.vc_custom_1715122426623{margin-top: -12px !important;}&#8220;] Das F\u00fchrungsteam 1 [\/vc_column_text][\/vc_column][vc_column][vc_column_text...\" \/>\r\n<meta property=\"og:url\" content=\"https:\/\/www.conimast.fr\/nos-valeurs\/lequipe-dirigeante\/\" \/>\r\n<meta property=\"og:site_name\" content=\"Conimast\" \/>\r\n<meta property=\"article:modified_time\" content=\"2024-09-10T12:56:04+00:00\" \/>\r\n<meta name=\"twitter:card\" content=\"summary_large_image\" \/>\r\n<meta name=\"twitter:label1\" content=\"Gesch\u00e4tzte Lesezeit\" \/>\n\t<meta name=\"twitter:data1\" content=\"1\u00a0Minute\" \/>\r\n<script type=\"application\/ld+json\" class=\"yoast-schema-graph\">{\"@context\":\"https:\/\/schema.org\",\"@graph\":[{\"@type\":\"WebPage\",\"@id\":\"https:\/\/www.conimast.fr\/nos-valeurs\/lequipe-dirigeante\/\",\"url\":\"https:\/\/www.conimast.fr\/nos-valeurs\/lequipe-dirigeante\/\",\"name\":\"Das F\u00fchrungsteam - Conimast\",\"isPartOf\":{\"@id\":\"https:\/\/www.conimast.fr\/#website\"},\"datePublished\":\"2024-04-12T07:59:55+00:00\",\"dateModified\":\"2024-09-10T12:56:04+00:00\",\"breadcrumb\":{\"@id\":\"https:\/\/www.conimast.fr\/nos-valeurs\/lequipe-dirigeante\/#breadcrumb\"},\"inLanguage\":\"de\",\"potentialAction\":[{\"@type\":\"ReadAction\",\"target\":[\"https:\/\/www.conimast.fr\/nos-valeurs\/lequipe-dirigeante\/\"]}]},{\"@type\":\"BreadcrumbList\",\"@id\":\"https:\/\/www.conimast.fr\/nos-valeurs\/lequipe-dirigeante\/#breadcrumb\",\"itemListElement\":[{\"@type\":\"ListItem\",\"position\":1,\"name\":\"Accueil\",\"item\":\"https:\/\/www.conimast.fr\/de\/\"},{\"@type\":\"ListItem\",\"position\":2,\"name\":\"Unsere Werte\",\"item\":\"https:\/\/www.conimast.fr\/nos-valeurs\/\"},{\"@type\":\"ListItem\",\"position\":3,\"name\":\"Das F\u00fchrungsteam\"}]},{\"@type\":\"WebSite\",\"@id\":\"https:\/\/www.conimast.fr\/#website\",\"url\":\"https:\/\/www.conimast.fr\/\",\"name\":\"Conimast\",\"description\":\"sp\u00e9cialiste du Mobilier urbain d&#039;\u00e9clairage\",\"potentialAction\":[{\"@type\":\"SearchAction\",\"target\":{\"@type\":\"EntryPoint\",\"urlTemplate\":\"https:\/\/www.conimast.fr\/?s={search_term_string}\"},\"query-input\":{\"@type\":\"PropertyValueSpecification\",\"valueRequired\":true,\"valueName\":\"search_term_string\"}}],\"inLanguage\":\"de\"}]}<\/script>\r\n<!-- \/ Yoast SEO plugin. -->","yoast_head_json":{"title":"Das F\u00fchrungsteam - Conimast","robots":{"index":"index","follow":"follow","max-snippet":"max-snippet:-1","max-image-preview":"max-image-preview:large","max-video-preview":"max-video-preview:-1"},"canonical":"https:\/\/www.conimast.fr\/nos-valeurs\/lequipe-dirigeante\/","og_locale":"de_DE","og_type":"article","og_title":"Das F\u00fchrungsteam - Conimast","og_description":"[vc_row][vc_column][vc_column_text][\/vc_column_text][\/vc_column][\/vc_row][vc_row css=&#8220;.vc_custom_1511178027038{margin-bottom: 0px !important;}&#8220;][vc_column][\/vc_column][\/vc_row][vc_row full_width=&#8220;stretch_row&#8220; css=&#8220;.vc_custom_1511177893404{margin-bottom: 0px !important;}&#8220;][vc_column offset=&#8220;vc_col-md-6&#8243;][\/vc_column][vc_column offset=&#8220;vc_col-lg-offset-0 vc_col-md-offset-0 vc_col-md-6 vc_col-sm-offset-0&#8243;][vc_column_text css=&#8220;.vc_custom_1715122426623{margin-top: -12px !important;}&#8220;] Das F\u00fchrungsteam 1 [\/vc_column_text][\/vc_column][vc_column][vc_column_text...","og_url":"https:\/\/www.conimast.fr\/nos-valeurs\/lequipe-dirigeante\/","og_site_name":"Conimast","article_modified_time":"2024-09-10T12:56:04+00:00","twitter_card":"summary_large_image","twitter_misc":{"Gesch\u00e4tzte Lesezeit":"1\u00a0Minute"},"schema":{"@context":"https:\/\/schema.org","@graph":[{"@type":"WebPage","@id":"https:\/\/www.conimast.fr\/nos-valeurs\/lequipe-dirigeante\/","url":"https:\/\/www.conimast.fr\/nos-valeurs\/lequipe-dirigeante\/","name":"Das F\u00fchrungsteam - Conimast","isPartOf":{"@id":"https:\/\/www.conimast.fr\/#website"},"datePublished":"2024-04-12T07:59:55+00:00","dateModified":"2024-09-10T12:56:04+00:00","breadcrumb":{"@id":"https:\/\/www.conimast.fr\/nos-valeurs\/lequipe-dirigeante\/#breadcrumb"},"inLanguage":"de","potentialAction":[{"@type":"ReadAction","target":["https:\/\/www.conimast.fr\/nos-valeurs\/lequipe-dirigeante\/"]}]},{"@type":"BreadcrumbList","@id":"https:\/\/www.conimast.fr\/nos-valeurs\/lequipe-dirigeante\/#breadcrumb","itemListElement":[{"@type":"ListItem","position":1,"name":"Accueil","item":"https:\/\/www.conimast.fr\/de\/"},{"@type":"ListItem","position":2,"name":"Unsere Werte","item":"https:\/\/www.conimast.fr\/nos-valeurs\/"},{"@type":"ListItem","position":3,"name":"Das F\u00fchrungsteam"}]},{"@type":"WebSite","@id":"https:\/\/www.conimast.fr\/#website","url":"https:\/\/www.conimast.fr\/","name":"Conimast","description":"sp\u00e9cialiste du Mobilier urbain d&#039;\u00e9clairage","potentialAction":[{"@type":"SearchAction","target":{"@type":"EntryPoint","urlTemplate":"https:\/\/www.conimast.fr\/?s={search_term_string}"},"query-input":{"@type":"PropertyValueSpecification","valueRequired":true,"valueName":"search_term_string"}}],"inLanguage":"de"}]}},"_links":{"self":[{"href":"https:\/\/www.conimast.fr\/de\/wp-json\/wp\/v2\/pages\/15729","targetHints":{"allow":["GET"]}}],"collection":[{"href":"https:\/\/www.conimast.fr\/de\/wp-json\/wp\/v2\/pages"}],"about":[{"href":"https:\/\/www.conimast.fr\/de\/wp-json\/wp\/v2\/types\/page"}],"author":[{"embeddable":true,"href":"https:\/\/www.conimast.fr\/de\/wp-json\/wp\/v2\/users\/1"}],"replies":[{"embeddable":true,"href":"https:\/\/www.conimast.fr\/de\/wp-json\/wp\/v2\/comments?post=15729"}],"version-history":[{"count":2,"href":"https:\/\/www.conimast.fr\/de\/wp-json\/wp\/v2\/pages\/15729\/revisions"}],"predecessor-version":[{"id":16274,"href":"https:\/\/www.conimast.fr\/de\/wp-json\/wp\/v2\/pages\/15729\/revisions\/16274"}],"up":[{"embeddable":true,"href":"https:\/\/www.conimast.fr\/de\/wp-json\/wp\/v2\/pages\/15459"}],"wp:attachment":[{"href":"https:\/\/www.conimast.fr\/de\/wp-json\/wp\/v2\/media?parent=15729"}],"curies":[{"name":"wp","href":"https:\/\/api.w.org\/{rel}","templated":true}]}}