{"id":15684,"date":"2024-04-12T09:55:42","date_gmt":"2024-04-12T07:55:42","guid":{"rendered":"https:\/\/www.conimast.fr\/wer-sind-wir\/verpflichtungsschreiben\/"},"modified":"2025-09-11T17:28:34","modified_gmt":"2025-09-11T15:28:34","slug":"verpflichtungsschreiben","status":"publish","type":"page","link":"https:\/\/www.conimast.fr\/de\/wer-sind-wir\/verpflichtungsschreiben\/","title":{"rendered":"E-Mail d\\\\\\\\\\&#8217;engagement"},"content":{"rendered":"<div class=\"wpb-content-wrapper\"><p>[vc_row][vc_column]<div class=\"clearboth\"><\/div><style>#thegem-divider-6a048e0b99d2d {margin-top: 60px !important;}<\/style><div id=\"thegem-divider-6a048e0b99d2d\" class=\"gem-divider  \" style=\"\" ><\/div>[vc_column_text css=&#8220;.vc_custom_1714754607466{margin-top: -12px !important;}&#8220;]<\/p>\n<div class=\"title-h2\" style=\"text-align: left; margin-bottom: 20px;\">QUALIT\u00c4TSPOLITIK UMWELT HYGIENE &amp; SICHERHEIT<\/div>\n<div style=\"width: 55px; height: 3px; background: #fbc300; text-indent: 9999px;\">1<\/div>\n<p>[\/vc_column_text][\/vc_column][\/vc_row][vc_row full_width=&#8220;stretch_row&#8220;][vc_column width=&#8220;2\/3&#8243;][vc_column_text css=&#8220;&#8220; css_animation=&#8220;none&#8220;]France Galva, der Spezialist f\u00fcr Feuerverzinkung, ist eine Industriegruppe, die sich auf Oberfl\u00e4chenbehandlung und Metallverarbeitung spezialisiert hat.<\/p>\n<p>Die Branchen, in denen seine Auftraggeber t\u00e4tig sind, umfassen so unterschiedliche Bereiche wie Stahlbau, Stadtmobiliar, landwirtschaftliche Ger\u00e4te, Metallarbeiten, Stra\u00dfenbau und Metallverarbeitung im Allgemeinen.<\/p>\n<p>Wir haben ein offenes Ohr f\u00fcr die Interessengruppen, sind um den Umweltschutz bem\u00fcht und verpflichten uns, die gesetzlichen Anforderungen zu erf\u00fcllen und zu \u00fcbertreffen. Die Pr\u00e4vention und der Schutz vor Sicherheits- und Umweltrisiken ist ein wichtiger Teil unserer Strategie. <\/p>\n<p>Unsere wichtigsten strategischen Orientierungen sind die folgenden:[\/vc_column_text]<div class=\"gem-list gem-list-type-square gem-list-color-3\" ><p>&#8211; <strong>Wir legen Wert<\/strong> auf Ethik, Vorbildfunktion, Respekt f\u00fcr Menschen und Umwelt.<\/p>\n<p>&#8211; France Galva<strong>t\u00e4tigt langfristige Investitionen,<\/strong> um seine wirtschaftliche Entwicklung mit seinen Werten in Einklang zu bringen, wie z.B. <strong>sichere und gesunde Arbeitsbedingungen f\u00fcr seine Mitarbeiter und die Erf\u00fcllung seiner Compliance-Verpflichtungen.<\/strong><\/p>\n<p>&#8211; <strong>Wir verpflichten uns, unseren Kunden Produkte und Dienstleistungen von hoher Qualit\u00e4t anzubieten<\/strong>. Dies erfordert die Kontrolle der Produktqualit\u00e4t, die Einhaltung der Fristen, die Relevanz unserer technischen Beratung und die Effizienz unserer Dienstleistungen f\u00fcr den Kunden. Ein wettbewerbsf\u00e4higer Transportservice wird entwickelt, um die Loyalit\u00e4t unserer Kunden zu st\u00e4rken.  <\/p>\n<p>&#8211; <strong>Wir konzentrieren uns auf Pr\u00e4vention und Schutz<\/strong>. In Bezug auf Erschwernisse und gef\u00e4hrliche Situationen liegt der Schwerpunkt auf der Kommunikation und der Analyse jedes Problems. <\/p>\n<p>&#8211; <strong>Die Vermeidung von Umweltverschmutzung ist eine absolute Priorit\u00e4t<\/strong>. In jeder unserer Einheiten werden st\u00e4ndige Verbesserungen durchgef\u00fchrt, um die Sicherheit zu verbessern oder Gefahren zu beseitigen. Um die Risiken zu reduzieren, f\u00fchrt France Galva die gew\u00e4hlten Ma\u00dfnahmen durch und misst die Auswirkungen dieser Ma\u00dfnahmen, um seinen CO2-Fu\u00dfabdruck zu verringern.  <\/p>\n<p>&#8211; <strong>Wir bilden alle unsere Mitarbeiter st\u00e4ndig weiter<\/strong>, um ein hohes Ma\u00df an Kompetenz und Verantwortung zu erhalten, und wir tun alles, um <strong>Wissen und Kenntnisse weiterzugeben<\/strong>.<\/p>\n<p>&#8211;<strong> Wir pflegen eine offene und transparente Kommunikation<\/strong> mit unseren Mitarbeitern und <strong>ihren Vertretern, um sie in Entscheidungen einzubeziehen, insbesondere im Bereich der Sicherheit<\/strong>, und mit den lokalen Partnern (Pr\u00e4fektur, DREAL, Stadtverwaltung, Arbeitsmediziner, CRAM, Verb\u00e4nde usw.), um unsere Proaktivit\u00e4t zu zeigen.<\/p>\n<p>&#8211; <strong>Wir h\u00f6ren auf Ver\u00e4nderungen und Entwicklungen in unserer Umgebung<\/strong>, um entsprechend zu investieren und zu innovieren.  <strong>zu seinem Schutz. Die Kontrolle der Qualit\u00e4t unserer Regenwassereinleitungen ist unsere Priorit\u00e4t. <\/strong><\/p>\n<p>&#8211; <strong>Wir vermitteln unsere Unternehmenswerte<\/strong> an unsere Partner, Lieferanten und Beh\u00f6rden.<\/p>\n<p>&#8211; <strong>Wir unterst\u00fctzen einen lokalen Verein oder eine andere Organisation, die sich f\u00fcr die Gesundheit der Menschen oder eine nachhaltige Entwicklung einsetzt.<\/strong><\/p>\n<p>&#8211; <strong>Wir verbessern unsere Leistung kontinuierlich<\/strong> durch den Austausch von Wissen und Erfahrungen im Bereich QEHS zwischen den verschiedenen Standorten und durch die Sicherstellung der Kontrolle \u00fcber unsere Prozesse.<\/p>\n<p>Der kontinuierliche Erfolg unseres QEHS-Managementsystems h\u00e4ngt davon ab, dass sich jeder auf allen Ebenen damit identifiziert und daran teilnimmt.<\/p>\n<p>Als Pr\u00e4sident von France Galva verpflichte ich mich, die Umsetzung unserer QEHS-Politik an allen Standorten unserer Gruppe zu unterst\u00fctzen und zu erm\u00f6glichen.<\/p>\n<\/div><div class=\"clearboth\"><\/div><style>#thegem-divider-6a048e0b99f63 {margin-top: 30px !important;}<\/style><div id=\"thegem-divider-6a048e0b99f63\" class=\"gem-divider  \" style=\"\" ><\/div>[\/vc_column][vc_column width=&#8220;1\/3&#8243;][vc_single_image image=&#8220;14489&#8243; img_size=&#8220;full&#8220; css=&#8220;&#8220;]<div class=\"clearboth\"><\/div><style>#thegem-divider-6a048e0b9a005 {margin-top: 60px !important;}<\/style><div id=\"thegem-divider-6a048e0b9a005\" class=\"gem-divider  \" style=\"\" ><\/div><div style=''  class=\"gem-quote gem-quote-style-2 gem-quote-no-paddings\" ><blockquote  >Nous attachons de l\u2019importance \u00e0 l\u2019\u00e9thique, l\u2019exemplarit\u00e9, le respect des personnes et de l\u2019environnement.<\/blockquote><\/div><div class=\"clearboth\"><\/div><style>#thegem-divider-6a048e0b9a129 {margin-top: 60px !important;}<\/style><div id=\"thegem-divider-6a048e0b9a129\" class=\"gem-divider  \" style=\"\" ><\/div>[vc_single_image image=&#8220;14375&#8243; img_size=&#8220;full&#8220; css=&#8220;&#8220;]<div class=\"clearboth\"><\/div><style>#thegem-divider-6a048e0b9a1c2 {margin-top: 60px !important;}<\/style><div id=\"thegem-divider-6a048e0b9a1c2\" class=\"gem-divider  \" style=\"\" ><\/div>[\/vc_column][\/vc_row][vc_row][vc_column width=&#8220;1\/2&#8243;][vc_column_text css=&#8220;&#8220;]15. Juli 2025[\/vc_column_text][\/vc_column][vc_column width=&#8220;1\/2&#8243;][vc_column_text css=&#8220;&#8220;]<strong>Christophe DELOT<br \/><\/strong>Pr\u00e4sident von France Galva[\/vc_column_text][\/vc_column][\/vc_row][vc_row full_width=&#8220;stretch_row&#8220; css=&#8220;.vc_custom_1714857835852{background-color: #cccccc !important;background-position: center !important;background-repeat: no-repeat !important;background-size: cover !important;}&#8220;][vc_column][vc_column_text css=&#8220;&#8220;]<\/p>\n<h4 style=\"text-align: left;\"><a href=\"http:\/\/www.francegalva.fr\">www.francegalva.fr<\/a><\/h4>\n<p>[\/vc_column_text]<div class=\"clearboth\"><\/div><style>#thegem-divider-6a048e0b9a258 {margin-top: 30px !important;}<\/style><div id=\"thegem-divider-6a048e0b9a258\" class=\"gem-divider  \" style=\"\" ><\/div>[\/vc_column][\/vc_row][vc_row][vc_column][vc_column_text][\/vc_column_text][\/vc_column][\/vc_row]<\/p>\n<\/div>","protected":false},"excerpt":{"rendered":"<p>[vc_row][vc_column][vc_column_text css=&#8220;.vc_custom_1714754607466{margin-top: -12px !important;}&#8220;] QUALIT\u00c4TSPOLITIK UMWELT HYGIENE &amp; SICHERHEIT 1 [\/vc_column_text][\/vc_column][\/vc_row][vc_row full_width=&#8220;stretch_row&#8220;][vc_column width=&#8220;2\/3&#8243;][vc_column_text css=&#8220;&#8220; css_animation=&#8220;none&#8220;]France Galva, der Spezialist f\u00fcr Feuerverzinkung,&#8230;<\/p>\n","protected":false},"author":1,"featured_media":0,"parent":15412,"menu_order":0,"comment_status":"closed","ping_status":"closed","template":"","meta":{"_acf_changed":false,"footnotes":""},"class_list":["post-15684","page","type-page","status-publish"],"acf":[],"yoast_head":"<!-- This site is optimized with the Yoast SEO plugin v26.4 - https:\/\/yoast.com\/wordpress\/plugins\/seo\/ -->\r\n<title>E-Mail d\\\\\\\\\\&#039;engagement - Conimast<\/title>\r\n<meta name=\"robots\" content=\"index, follow, max-snippet:-1, max-image-preview:large, max-video-preview:-1\" \/>\r\n<link rel=\"canonical\" href=\"https:\/\/www.conimast.fr\/de\/wer-sind-wir\/verpflichtungsschreiben\/\" \/>\r\n<meta property=\"og:locale\" content=\"de_DE\" \/>\r\n<meta property=\"og:type\" content=\"article\" \/>\r\n<meta property=\"og:title\" content=\"E-Mail d\\\\\\\\\\&#039;engagement - Conimast\" \/>\r\n<meta property=\"og:description\" content=\"[vc_row][vc_column][vc_column_text css=&#8220;.vc_custom_1714754607466{margin-top: -12px !important;}&#8220;] QUALIT\u00c4TSPOLITIK UMWELT HYGIENE &amp; SICHERHEIT 1 [\/vc_column_text][\/vc_column][\/vc_row][vc_row full_width=&#8220;stretch_row&#8220;][vc_column width=&#8220;2\/3&#8243;][vc_column_text css=&#8220;&#8220; css_animation=&#8220;none&#8220;]France Galva, der Spezialist f\u00fcr Feuerverzinkung,...\" \/>\r\n<meta property=\"og:url\" content=\"https:\/\/www.conimast.fr\/de\/wer-sind-wir\/verpflichtungsschreiben\/\" \/>\r\n<meta property=\"og:site_name\" content=\"Conimast\" \/>\r\n<meta property=\"article:modified_time\" content=\"2025-09-11T15:28:34+00:00\" \/>\r\n<meta name=\"twitter:card\" content=\"summary_large_image\" \/>\r\n<meta name=\"twitter:label1\" content=\"Gesch\u00e4tzte Lesezeit\" \/>\n\t<meta name=\"twitter:data1\" content=\"4\u00a0Minuten\" \/>\r\n<script type=\"application\/ld+json\" class=\"yoast-schema-graph\">{\"@context\":\"https:\/\/schema.org\",\"@graph\":[{\"@type\":\"WebPage\",\"@id\":\"https:\/\/www.conimast.fr\/de\/wer-sind-wir\/verpflichtungsschreiben\/\",\"url\":\"https:\/\/www.conimast.fr\/de\/wer-sind-wir\/verpflichtungsschreiben\/\",\"name\":\"E-Mail d\\\\\\\\\\\\\\\\\\\\'engagement - Conimast\",\"isPartOf\":{\"@id\":\"https:\/\/www.conimast.fr\/#website\"},\"datePublished\":\"2024-04-12T07:55:42+00:00\",\"dateModified\":\"2025-09-11T15:28:34+00:00\",\"breadcrumb\":{\"@id\":\"https:\/\/www.conimast.fr\/de\/wer-sind-wir\/verpflichtungsschreiben\/#breadcrumb\"},\"inLanguage\":\"de\",\"potentialAction\":[{\"@type\":\"ReadAction\",\"target\":[\"https:\/\/www.conimast.fr\/de\/wer-sind-wir\/verpflichtungsschreiben\/\"]}]},{\"@type\":\"BreadcrumbList\",\"@id\":\"https:\/\/www.conimast.fr\/de\/wer-sind-wir\/verpflichtungsschreiben\/#breadcrumb\",\"itemListElement\":[{\"@type\":\"ListItem\",\"position\":1,\"name\":\"Accueil\",\"item\":\"https:\/\/www.conimast.fr\/de\/\"},{\"@type\":\"ListItem\",\"position\":2,\"name\":\"Wer sind wir?\",\"item\":\"https:\/\/www.conimast.fr\/qui-sommes-nous\/\"},{\"@type\":\"ListItem\",\"position\":3,\"name\":\"E-Mail d\\\\\\\\\\\\\\\\\\\\&rsquo;engagement\"}]},{\"@type\":\"WebSite\",\"@id\":\"https:\/\/www.conimast.fr\/#website\",\"url\":\"https:\/\/www.conimast.fr\/\",\"name\":\"Conimast\",\"description\":\"sp\u00e9cialiste du Mobilier urbain d&#039;\u00e9clairage\",\"potentialAction\":[{\"@type\":\"SearchAction\",\"target\":{\"@type\":\"EntryPoint\",\"urlTemplate\":\"https:\/\/www.conimast.fr\/?s={search_term_string}\"},\"query-input\":{\"@type\":\"PropertyValueSpecification\",\"valueRequired\":true,\"valueName\":\"search_term_string\"}}],\"inLanguage\":\"de\"}]}<\/script>\r\n<!-- \/ Yoast SEO plugin. -->","yoast_head_json":{"title":"E-Mail d\\\\\\\\\\'engagement - Conimast","robots":{"index":"index","follow":"follow","max-snippet":"max-snippet:-1","max-image-preview":"max-image-preview:large","max-video-preview":"max-video-preview:-1"},"canonical":"https:\/\/www.conimast.fr\/de\/wer-sind-wir\/verpflichtungsschreiben\/","og_locale":"de_DE","og_type":"article","og_title":"E-Mail d\\\\\\\\\\'engagement - Conimast","og_description":"[vc_row][vc_column][vc_column_text css=&#8220;.vc_custom_1714754607466{margin-top: -12px !important;}&#8220;] QUALIT\u00c4TSPOLITIK UMWELT HYGIENE &amp; SICHERHEIT 1 [\/vc_column_text][\/vc_column][\/vc_row][vc_row full_width=&#8220;stretch_row&#8220;][vc_column width=&#8220;2\/3&#8243;][vc_column_text css=&#8220;&#8220; css_animation=&#8220;none&#8220;]France Galva, der Spezialist f\u00fcr Feuerverzinkung,...","og_url":"https:\/\/www.conimast.fr\/de\/wer-sind-wir\/verpflichtungsschreiben\/","og_site_name":"Conimast","article_modified_time":"2025-09-11T15:28:34+00:00","twitter_card":"summary_large_image","twitter_misc":{"Gesch\u00e4tzte Lesezeit":"4\u00a0Minuten"},"schema":{"@context":"https:\/\/schema.org","@graph":[{"@type":"WebPage","@id":"https:\/\/www.conimast.fr\/de\/wer-sind-wir\/verpflichtungsschreiben\/","url":"https:\/\/www.conimast.fr\/de\/wer-sind-wir\/verpflichtungsschreiben\/","name":"E-Mail d\\\\\\\\\\'engagement - Conimast","isPartOf":{"@id":"https:\/\/www.conimast.fr\/#website"},"datePublished":"2024-04-12T07:55:42+00:00","dateModified":"2025-09-11T15:28:34+00:00","breadcrumb":{"@id":"https:\/\/www.conimast.fr\/de\/wer-sind-wir\/verpflichtungsschreiben\/#breadcrumb"},"inLanguage":"de","potentialAction":[{"@type":"ReadAction","target":["https:\/\/www.conimast.fr\/de\/wer-sind-wir\/verpflichtungsschreiben\/"]}]},{"@type":"BreadcrumbList","@id":"https:\/\/www.conimast.fr\/de\/wer-sind-wir\/verpflichtungsschreiben\/#breadcrumb","itemListElement":[{"@type":"ListItem","position":1,"name":"Accueil","item":"https:\/\/www.conimast.fr\/de\/"},{"@type":"ListItem","position":2,"name":"Wer sind wir?","item":"https:\/\/www.conimast.fr\/qui-sommes-nous\/"},{"@type":"ListItem","position":3,"name":"E-Mail d\\\\\\\\\\&rsquo;engagement"}]},{"@type":"WebSite","@id":"https:\/\/www.conimast.fr\/#website","url":"https:\/\/www.conimast.fr\/","name":"Conimast","description":"sp\u00e9cialiste du Mobilier urbain d&#039;\u00e9clairage","potentialAction":[{"@type":"SearchAction","target":{"@type":"EntryPoint","urlTemplate":"https:\/\/www.conimast.fr\/?s={search_term_string}"},"query-input":{"@type":"PropertyValueSpecification","valueRequired":true,"valueName":"search_term_string"}}],"inLanguage":"de"}]}},"_links":{"self":[{"href":"https:\/\/www.conimast.fr\/de\/wp-json\/wp\/v2\/pages\/15684","targetHints":{"allow":["GET"]}}],"collection":[{"href":"https:\/\/www.conimast.fr\/de\/wp-json\/wp\/v2\/pages"}],"about":[{"href":"https:\/\/www.conimast.fr\/de\/wp-json\/wp\/v2\/types\/page"}],"author":[{"embeddable":true,"href":"https:\/\/www.conimast.fr\/de\/wp-json\/wp\/v2\/users\/1"}],"replies":[{"embeddable":true,"href":"https:\/\/www.conimast.fr\/de\/wp-json\/wp\/v2\/comments?post=15684"}],"version-history":[{"count":18,"href":"https:\/\/www.conimast.fr\/de\/wp-json\/wp\/v2\/pages\/15684\/revisions"}],"predecessor-version":[{"id":16749,"href":"https:\/\/www.conimast.fr\/de\/wp-json\/wp\/v2\/pages\/15684\/revisions\/16749"}],"up":[{"embeddable":true,"href":"https:\/\/www.conimast.fr\/de\/wp-json\/wp\/v2\/pages\/15412"}],"wp:attachment":[{"href":"https:\/\/www.conimast.fr\/de\/wp-json\/wp\/v2\/media?parent=15684"}],"curies":[{"name":"wp","href":"https:\/\/api.w.org\/{rel}","templated":true}]}}