{"id":15637,"date":"2024-04-12T09:50:39","date_gmt":"2024-04-12T07:50:39","guid":{"rendered":"https:\/\/www.conimast.fr\/unser-netzwerk\/die-naehe\/"},"modified":"2024-09-10T11:21:29","modified_gmt":"2024-09-10T09:21:29","slug":"die-naehe","status":"publish","type":"page","link":"https:\/\/www.conimast.fr\/de\/unser-netzwerk\/die-naehe\/","title":{"rendered":"Die N\u00e4he"},"content":{"rendered":"<div class=\"wpb-content-wrapper\"><p>[vc_row css=&#8220;.vc_custom_1511178027038{margin-bottom: 0px !important;}&#8220;][vc_column]<div class=\"clearboth\"><\/div><style>#thegem-divider-69fb39c9610b8 {margin-top: 80px !important;}<\/style><div id=\"thegem-divider-69fb39c9610b8\" class=\"gem-divider  \" style=\"\" ><\/div>[vc_column_text css=&#8220;.vc_custom_1713801121357{margin-top: -12px !important;}&#8220;]<\/p>\n<div class=\"title-h2\" style=\"text-align: left; margin-bottom: 20px;\">UNSERE LOKALEN AKTEURE<\/div>\n<div style=\"width: 55px; height: 3px; background: #fbc300; text-indent: 9999px;\">1<\/div>\n<p>[\/vc_column_text]<div class=\"clearboth\"><\/div><style>#thegem-divider-69fb39c96119f {margin-top: 43px !important;}<\/style><div id=\"thegem-divider-69fb39c96119f\" class=\"gem-divider  \" style=\"\" ><\/div>[\/vc_column][\/vc_row][vc_row full_width=&#8220;stretch_row&#8220; css=&#8220;.vc_custom_1511177893404{margin-bottom: 0px !important;}&#8220;][vc_column offset=&#8220;vc_col-md-6&#8243;]<div class=\"gem-image gem-wrapbox gem-wrapbox-style-default gem-wrapbox-position-below  thegem-custom-69fb39c9612485982\"  style=\"\" ><div class=\"gem-wrapbox-inner \" ><img class=\"gem-wrapbox-element img-responsive\" src=\"https:\/\/www.conimast.fr\/wp-content\/uploads\/2024\/04\/01-1.jpg\" alt=\"\"\/><\/div><\/div>[\/vc_column][vc_column offset=&#8220;vc_col-lg-offset-0 vc_col-md-offset-0 vc_col-md-6 vc_col-sm-offset-0&#8243;][vc_tta_accordion shape=&#8220;square&#8220; color=&#8220;white&#8220; gap=&#8220;4&#8243; c_icon=&#8220;chevron&#8220; active_section=&#8220;2&#8243;][vc_tta_section title=&#8220;Sie vertreten Conimast&#8220; tab_id=&#8220;1463992621538-fb0b080b-8572&#8243;][vc_column_text css=&#8220;.vc_custom_1725455381384{margin-bottom: 0px !important;}&#8220;]Unsere lokalen Akteure repr\u00e4sentieren Conimast, egal ob sie selbst\u00e4ndige oder angestellte Vertreter sind, sie sind Spezialisten f\u00fcr \u00f6ffentliche Beleuchtung.[\/vc_column_text][\/vc_tta_section][vc_tta_section title=&#8220;Lokal angesiedelt&#8220; tab_id=&#8220;1463992621539-7e8c32db-eb4a&#8220;][vc_column_text css=&#8220;.vc_custom_1713801075179{margin-bottom: 0px !important;}&#8220;]Sie sind vor Ort angesiedelt und kennen die geographischen und umweltbedingten Einschr\u00e4nkungen Ihrer Region sowie den Stil jedes Dorfes, um eine perfekte Integration zu gew\u00e4hrleisten.[\/vc_column_text][\/vc_tta_section][vc_tta_section title=&#8220;Ein umfassendes und unterschiedliches Angebot&#8220; tab_id=&#8220;1463993166551-1b36e6d6-50f0&#8243;][vc_column_text css=&#8220;.vc_custom_1713801194900{margin-bottom: 0px !important;}&#8220;]Sie vertreten vor Ort erg\u00e4nzende Produkte, um Ihnen ein vollst\u00e4ndiges und unterschiedliches Angebot zu bieten.[\/vc_column_text][\/vc_tta_section][vc_tta_section title=&#8220;Die Erfahrung&#8220; tab_id=&#8220;1713801234303-9083974a-f88e&#8220;][vc_column_text css=&#8220;.vc_custom_1725455409921{margin-bottom: 0px !important;}&#8220;]Sie haben Erfahrung mit Conimast-Produkten und deren Eigenschaften und werden Ihnen die beste Qualit\u00e4t zum besten Preis anbieten, da sie auf Ihre Bed\u00fcrfnisse zugeschnitten sind.[\/vc_column_text][\/vc_tta_section][vc_tta_section title=&#8220;Das Relais&#8220; tab_id=&#8220;1713801300727-8ae51ec1-6ee9&#8243;][vc_column_text css=&#8220;.vc_custom_1713801322515{margin-bottom: 0px !important;}&#8220;]Sie sind Ihr Ansprechpartner f\u00fcr alle Ihre originellen Kreationen.[\/vc_column_text][\/vc_tta_section][\/vc_tta_accordion][\/vc_column][vc_column]<div class=\"clearboth\"><\/div><style>#thegem-divider-69fb39c9616f1 {margin-top: 60px !important;}<\/style><div id=\"thegem-divider-69fb39c9616f1\" class=\"gem-divider  \" style=\"\" ><\/div><div style='background-color: #f2f8fc; color: #2c2c2c; '  class=\"gem-quote gem-quote-style-1 gem-quote-no-paddings custom-color-blockqute-mark-added\" ><blockquote style='color: #2c2c2c ; border-color:  ' ><\/p>\n<div class=\"title-h5\">&#8230;in Ihrer N\u00e4he zu sein<\/div>\n<p><\/blockquote><span style=color:#fbcf00;  class=\"custom-color-blockqute-mark\">&#xe60c;<\/span><\/div><div class=\"clearboth\"><\/div><style>#thegem-divider-69fb39c961821 {margin-top: 150px !important;}<\/style><div id=\"thegem-divider-69fb39c961821\" class=\"gem-divider  \" style=\"\" ><\/div>[\/vc_column][\/vc_row]<\/p>\n<\/div>","protected":false},"excerpt":{"rendered":"<p>[vc_row css=&#8220;.vc_custom_1511178027038{margin-bottom: 0px !important;}&#8220;][vc_column][vc_column_text css=&#8220;.vc_custom_1713801121357{margin-top: -12px !important;}&#8220;] UNSERE LOKALEN AKTEURE 1 [\/vc_column_text][\/vc_column][\/vc_row][vc_row full_width=&#8220;stretch_row&#8220; css=&#8220;.vc_custom_1511177893404{margin-bottom: 0px !important;}&#8220;][vc_column offset=&#8220;vc_col-md-6&#8243;][\/vc_column][vc_column offset=&#8220;vc_col-lg-offset-0 vc_col-md-offset-0 vc_col-md-6&#8230;<\/p>\n","protected":false},"author":1,"featured_media":0,"parent":15413,"menu_order":0,"comment_status":"closed","ping_status":"closed","template":"","meta":{"_acf_changed":false,"footnotes":""},"class_list":["post-15637","page","type-page","status-publish"],"acf":[],"yoast_head":"<!-- This site is optimized with the Yoast SEO plugin v26.4 - https:\/\/yoast.com\/wordpress\/plugins\/seo\/ -->\r\n<title>Die N\u00e4he - Conimast<\/title>\r\n<meta name=\"robots\" content=\"index, follow, max-snippet:-1, max-image-preview:large, max-video-preview:-1\" \/>\r\n<link rel=\"canonical\" href=\"https:\/\/www.conimast.fr\/de\/unser-netzwerk\/die-naehe\/\" \/>\r\n<meta property=\"og:locale\" content=\"de_DE\" \/>\r\n<meta property=\"og:type\" content=\"article\" \/>\r\n<meta property=\"og:title\" content=\"Die N\u00e4he - Conimast\" \/>\r\n<meta property=\"og:description\" content=\"[vc_row css=&#8220;.vc_custom_1511178027038{margin-bottom: 0px !important;}&#8220;][vc_column][vc_column_text css=&#8220;.vc_custom_1713801121357{margin-top: -12px !important;}&#8220;] UNSERE LOKALEN AKTEURE 1 [\/vc_column_text][\/vc_column][\/vc_row][vc_row full_width=&#8220;stretch_row&#8220; css=&#8220;.vc_custom_1511177893404{margin-bottom: 0px !important;}&#8220;][vc_column offset=&#8220;vc_col-md-6&#8243;][\/vc_column][vc_column offset=&#8220;vc_col-lg-offset-0 vc_col-md-offset-0 vc_col-md-6...\" \/>\r\n<meta property=\"og:url\" content=\"https:\/\/www.conimast.fr\/de\/unser-netzwerk\/die-naehe\/\" \/>\r\n<meta property=\"og:site_name\" content=\"Conimast\" \/>\r\n<meta property=\"article:modified_time\" content=\"2024-09-10T09:21:29+00:00\" \/>\r\n<meta name=\"twitter:card\" content=\"summary_large_image\" \/>\r\n<meta name=\"twitter:label1\" content=\"Gesch\u00e4tzte Lesezeit\" \/>\n\t<meta name=\"twitter:data1\" content=\"2\u00a0Minuten\" \/>\r\n<script type=\"application\/ld+json\" class=\"yoast-schema-graph\">{\"@context\":\"https:\/\/schema.org\",\"@graph\":[{\"@type\":\"WebPage\",\"@id\":\"https:\/\/www.conimast.fr\/de\/unser-netzwerk\/die-naehe\/\",\"url\":\"https:\/\/www.conimast.fr\/de\/unser-netzwerk\/die-naehe\/\",\"name\":\"Die N\u00e4he - Conimast\",\"isPartOf\":{\"@id\":\"https:\/\/www.conimast.fr\/#website\"},\"datePublished\":\"2024-04-12T07:50:39+00:00\",\"dateModified\":\"2024-09-10T09:21:29+00:00\",\"breadcrumb\":{\"@id\":\"https:\/\/www.conimast.fr\/de\/unser-netzwerk\/die-naehe\/#breadcrumb\"},\"inLanguage\":\"de\",\"potentialAction\":[{\"@type\":\"ReadAction\",\"target\":[\"https:\/\/www.conimast.fr\/de\/unser-netzwerk\/die-naehe\/\"]}]},{\"@type\":\"BreadcrumbList\",\"@id\":\"https:\/\/www.conimast.fr\/de\/unser-netzwerk\/die-naehe\/#breadcrumb\",\"itemListElement\":[{\"@type\":\"ListItem\",\"position\":1,\"name\":\"Accueil\",\"item\":\"https:\/\/www.conimast.fr\/de\/\"},{\"@type\":\"ListItem\",\"position\":2,\"name\":\"Unser Netzwerk\",\"item\":\"https:\/\/www.conimast.fr\/de\/unser-netzwerk\/\"},{\"@type\":\"ListItem\",\"position\":3,\"name\":\"Die N\u00e4he\"}]},{\"@type\":\"WebSite\",\"@id\":\"https:\/\/www.conimast.fr\/#website\",\"url\":\"https:\/\/www.conimast.fr\/\",\"name\":\"Conimast\",\"description\":\"sp\u00e9cialiste du Mobilier urbain d&#039;\u00e9clairage\",\"potentialAction\":[{\"@type\":\"SearchAction\",\"target\":{\"@type\":\"EntryPoint\",\"urlTemplate\":\"https:\/\/www.conimast.fr\/?s={search_term_string}\"},\"query-input\":{\"@type\":\"PropertyValueSpecification\",\"valueRequired\":true,\"valueName\":\"search_term_string\"}}],\"inLanguage\":\"de\"}]}<\/script>\r\n<!-- \/ Yoast SEO plugin. -->","yoast_head_json":{"title":"Die N\u00e4he - Conimast","robots":{"index":"index","follow":"follow","max-snippet":"max-snippet:-1","max-image-preview":"max-image-preview:large","max-video-preview":"max-video-preview:-1"},"canonical":"https:\/\/www.conimast.fr\/de\/unser-netzwerk\/die-naehe\/","og_locale":"de_DE","og_type":"article","og_title":"Die N\u00e4he - Conimast","og_description":"[vc_row css=&#8220;.vc_custom_1511178027038{margin-bottom: 0px !important;}&#8220;][vc_column][vc_column_text css=&#8220;.vc_custom_1713801121357{margin-top: -12px !important;}&#8220;] UNSERE LOKALEN AKTEURE 1 [\/vc_column_text][\/vc_column][\/vc_row][vc_row full_width=&#8220;stretch_row&#8220; css=&#8220;.vc_custom_1511177893404{margin-bottom: 0px !important;}&#8220;][vc_column offset=&#8220;vc_col-md-6&#8243;][\/vc_column][vc_column offset=&#8220;vc_col-lg-offset-0 vc_col-md-offset-0 vc_col-md-6...","og_url":"https:\/\/www.conimast.fr\/de\/unser-netzwerk\/die-naehe\/","og_site_name":"Conimast","article_modified_time":"2024-09-10T09:21:29+00:00","twitter_card":"summary_large_image","twitter_misc":{"Gesch\u00e4tzte Lesezeit":"2\u00a0Minuten"},"schema":{"@context":"https:\/\/schema.org","@graph":[{"@type":"WebPage","@id":"https:\/\/www.conimast.fr\/de\/unser-netzwerk\/die-naehe\/","url":"https:\/\/www.conimast.fr\/de\/unser-netzwerk\/die-naehe\/","name":"Die N\u00e4he - Conimast","isPartOf":{"@id":"https:\/\/www.conimast.fr\/#website"},"datePublished":"2024-04-12T07:50:39+00:00","dateModified":"2024-09-10T09:21:29+00:00","breadcrumb":{"@id":"https:\/\/www.conimast.fr\/de\/unser-netzwerk\/die-naehe\/#breadcrumb"},"inLanguage":"de","potentialAction":[{"@type":"ReadAction","target":["https:\/\/www.conimast.fr\/de\/unser-netzwerk\/die-naehe\/"]}]},{"@type":"BreadcrumbList","@id":"https:\/\/www.conimast.fr\/de\/unser-netzwerk\/die-naehe\/#breadcrumb","itemListElement":[{"@type":"ListItem","position":1,"name":"Accueil","item":"https:\/\/www.conimast.fr\/de\/"},{"@type":"ListItem","position":2,"name":"Unser Netzwerk","item":"https:\/\/www.conimast.fr\/de\/unser-netzwerk\/"},{"@type":"ListItem","position":3,"name":"Die N\u00e4he"}]},{"@type":"WebSite","@id":"https:\/\/www.conimast.fr\/#website","url":"https:\/\/www.conimast.fr\/","name":"Conimast","description":"sp\u00e9cialiste du Mobilier urbain d&#039;\u00e9clairage","potentialAction":[{"@type":"SearchAction","target":{"@type":"EntryPoint","urlTemplate":"https:\/\/www.conimast.fr\/?s={search_term_string}"},"query-input":{"@type":"PropertyValueSpecification","valueRequired":true,"valueName":"search_term_string"}}],"inLanguage":"de"}]}},"_links":{"self":[{"href":"https:\/\/www.conimast.fr\/de\/wp-json\/wp\/v2\/pages\/15637","targetHints":{"allow":["GET"]}}],"collection":[{"href":"https:\/\/www.conimast.fr\/de\/wp-json\/wp\/v2\/pages"}],"about":[{"href":"https:\/\/www.conimast.fr\/de\/wp-json\/wp\/v2\/types\/page"}],"author":[{"embeddable":true,"href":"https:\/\/www.conimast.fr\/de\/wp-json\/wp\/v2\/users\/1"}],"replies":[{"embeddable":true,"href":"https:\/\/www.conimast.fr\/de\/wp-json\/wp\/v2\/comments?post=15637"}],"version-history":[{"count":1,"href":"https:\/\/www.conimast.fr\/de\/wp-json\/wp\/v2\/pages\/15637\/revisions"}],"predecessor-version":[{"id":16231,"href":"https:\/\/www.conimast.fr\/de\/wp-json\/wp\/v2\/pages\/15637\/revisions\/16231"}],"up":[{"embeddable":true,"href":"https:\/\/www.conimast.fr\/de\/wp-json\/wp\/v2\/pages\/15413"}],"wp:attachment":[{"href":"https:\/\/www.conimast.fr\/de\/wp-json\/wp\/v2\/media?parent=15637"}],"curies":[{"name":"wp","href":"https:\/\/api.w.org\/{rel}","templated":true}]}}