{"id":15610,"date":"2024-04-12T09:49:52","date_gmt":"2024-04-12T07:49:52","guid":{"rendered":"https:\/\/www.conimast.fr\/unser-netzwerk\/verknuepfte-webseiten\/"},"modified":"2025-10-13T11:38:34","modified_gmt":"2025-10-13T09:38:34","slug":"verknuepfte-webseiten","status":"publish","type":"page","link":"https:\/\/www.conimast.fr\/de\/unser-netzwerk\/verknuepfte-webseiten\/","title":{"rendered":"Verkn\u00fcpfte Webseiten"},"content":{"rendered":"<div class=\"wpb-content-wrapper\"><p>[vc_row][vc_column]<div class=\"clearboth\"><\/div><style>#thegem-divider-69fb39f2ed947 {margin-top: 60px !important;}<\/style><div id=\"thegem-divider-69fb39f2ed947\" class=\"gem-divider  \" style=\"\" ><\/div><div class=\"clearboth\"><\/div><style>#thegem-divider-69fb39f2eda26 {margin-top: 50px !important;}<\/style><div id=\"thegem-divider-69fb39f2eda26\" class=\"gem-divider  \" style=\"\" ><\/div>[vc_row_inner][vc_column_inner width=&#8220;1\/3&#8243;][vc_single_image image=&#8220;14501&#8243; img_size=&#8220;full&#8220; alignment=&#8220;center&#8220; onclick=&#8220;custom_link&#8220; img_link_target=&#8220;_blank&#8220; css=&#8220;&#8220; link=&#8220;https:\/\/www.norep-mobilier-urbain-nordis-gaz-eclairage-76.com\/&#8220;]<div class=\"clearboth\"><\/div><style>#thegem-divider-69fb39f2edad7 {margin-top: 30px !important;}<\/style><div id=\"thegem-divider-69fb39f2edad7\" class=\"gem-divider  \" style=\"\" ><\/div>[vc_column_text css=&#8220;&#8220;]<\/p>\n<p style=\"text-align: center;\"><strong>NOREP<\/strong> ist auf<strong> \u00f6ffentliche Beleuchtung<\/strong> und im weiteren Sinne<strong> auf Stadtplanung<\/strong> spezialisiert<strong>.<\/strong><\/p>\n<p>[\/vc_column_text]<div class=\"gem-button-container gem-button-position-center thegem-button-69fb39f2edca26276    \"  ><a class=\"gem-button gem-button-size-small gem-button-style-flat gem-button-text-weight-normal\" data-ll-effect=\"drop-right-without-wrap\" style=\"border-radius: 3px;background-color: #4c82c3;\" onmouseleave=\"this.style.backgroundColor='#4c82c3';\" onmouseenter=\"this.style.backgroundColor='#fbba00';\" href=\"https:\/\/www.norep-mobilier-urbain-nordis-gaz-eclairage-76.com\/\" target=\"_blank\">Besuchen Sie die Website<\/a><\/div> [\/vc_column_inner][vc_column_inner width=&#8220;1\/3&#8243;][vc_single_image image=&#8220;14495&#8243; img_size=&#8220;full&#8220; alignment=&#8220;center&#8220; onclick=&#8220;custom_link&#8220; img_link_target=&#8220;_blank&#8220; css=&#8220;&#8220; link=&#8220;https:\/\/www.agence-adf.com\/&#8220;]<div class=\"clearboth\"><\/div><style>#thegem-divider-69fb39f2edd6f {margin-top: 30px !important;}<\/style><div id=\"thegem-divider-69fb39f2edd6f\" class=\"gem-divider  \" style=\"\" ><\/div>[vc_column_text css=&#8220;&#8220;]<\/p>\n<p style=\"text-align: center;\"><strong>ADF<\/strong> ist auf den <strong>B-to-B-Verkauf von Ger\u00e4ten f\u00fcr die \u00f6ffentliche Beleuchtung<\/strong> spezialisiert <strong>.<\/strong><\/p>\n<p>[\/vc_column_text]<div class=\"gem-button-container gem-button-position-center thegem-button-69fb39f2ededc9707    \"  ><a class=\"gem-button gem-button-size-small gem-button-style-flat gem-button-text-weight-normal\" data-ll-effect=\"drop-right-without-wrap\" style=\"border-radius: 3px;background-color: #4c82c3;\" onmouseleave=\"this.style.backgroundColor='#4c82c3';\" onmouseenter=\"this.style.backgroundColor='#fbba00';\" href=\"https:\/\/www.agence-adf.com\/\" target=\"_blank\">Besuchen Sie die Website<\/a><\/div> [\/vc_column_inner][vc_column_inner width=&#8220;1\/3&#8243;][vc_single_image image=&#8220;14498&#8243; img_size=&#8220;full&#8220; alignment=&#8220;center&#8220; onclick=&#8220;custom_link&#8220; img_link_target=&#8220;_blank&#8220; css=&#8220;&#8220; link=&#8220;http:\/\/deltadis.fr\/eclairage_partenaires_centre.asp&#8220;]<div class=\"clearboth\"><\/div><style>#thegem-divider-69fb39f2edf93 {margin-top: 30px !important;}<\/style><div id=\"thegem-divider-69fb39f2edf93\" class=\"gem-divider  \" style=\"\" ><\/div>[vc_column_text css=&#8220;&#8220;]<\/p>\n<p style=\"text-align: center;\"><strong>DELTADIS<\/strong> ist <strong>Lieferant f\u00fcr \u00f6ffentliche Beleuchtung.<\/strong><\/p>\n<p>[\/vc_column_text]<div class=\"gem-button-container gem-button-position-center thegem-button-69fb39f2ee0f33112    \"  ><a class=\"gem-button gem-button-size-small gem-button-style-flat gem-button-text-weight-normal\" data-ll-effect=\"drop-right-without-wrap\" style=\"border-radius: 3px;background-color: #4c82c3;\" onmouseleave=\"this.style.backgroundColor='#4c82c3';\" onmouseenter=\"this.style.backgroundColor='#fbba00';\" href=\"http:\/\/deltadis.fr\/eclairage_partenaires_centre.asp\" target=\"_blank\">Besuchen Sie die Website<\/a><\/div> [\/vc_column_inner][\/vc_row_inner]<div class=\"clearboth\"><\/div><style>#thegem-divider-69fb39f2ee1a6 {margin-top: 100px !important;}<\/style><div id=\"thegem-divider-69fb39f2ee1a6\" class=\"gem-divider  \" style=\"\" ><\/div>[vc_row_inner][vc_column_inner width=&#8220;1\/3&#8243;][vc_single_image image=&#8220;14522&#8243; img_size=&#8220;full&#8220; alignment=&#8220;center&#8220; onclick=&#8220;custom_link&#8220; img_link_target=&#8220;_blank&#8220; css=&#8220;&#8220; link=&#8220;https:\/\/sameg.fr\/&#8220;]<div class=\"clearboth\"><\/div><style>#thegem-divider-69fb39f2ee240 {margin-top: 30px !important;}<\/style><div id=\"thegem-divider-69fb39f2ee240\" class=\"gem-divider  \" style=\"\" ><\/div>[vc_column_text css=&#8220;&#8220;]<\/p>\n<p style=\"text-align: center;\"><strong>SAMEG<\/strong> vertritt und vermarktet <strong>elektrisches Material und Beleuchtung<\/strong>.<\/p>\n<p>[\/vc_column_text]<div class=\"gem-button-container gem-button-position-center thegem-button-69fb39f2ee3b49124    \"  ><a class=\"gem-button gem-button-size-small gem-button-style-flat gem-button-text-weight-normal\" data-ll-effect=\"drop-right-without-wrap\" style=\"border-radius: 3px;background-color: #4c82c3;\" onmouseleave=\"this.style.backgroundColor='#4c82c3';\" onmouseenter=\"this.style.backgroundColor='#fbba00';\" href=\"https:\/\/sameg.fr\/\" target=\"_blank\">Besuchen Sie die Website<\/a><\/div> [\/vc_column_inner][vc_column_inner width=&#8220;1\/3&#8243;][vc_single_image image=&#8220;14516&#8243; img_size=&#8220;full&#8220; alignment=&#8220;center&#8220; onclick=&#8220;custom_link&#8220; img_link_target=&#8220;_blank&#8220; css=&#8220;&#8220; link=&#8220;https:\/\/www.actilum.fr\/&#8220;]<div class=\"clearboth\"><\/div><style>#thegem-divider-69fb39f2ee466 {margin-top: 30px !important;}<\/style><div id=\"thegem-divider-69fb39f2ee466\" class=\"gem-divider  \" style=\"\" ><\/div>[vc_column_text css=&#8220;&#8220;]<\/p>\n<p style=\"text-align: center;\"><strong>Actilum<\/strong> ist auf die Bereiche <strong>Stadt-, Architektur- und Industriebeleuchtung<\/strong> spezialisiert <strong>.<\/strong><\/p>\n<p>[\/vc_column_text]<div class=\"gem-button-container gem-button-position-center thegem-button-69fb39f2ee5be2948    \"  ><a class=\"gem-button gem-button-size-small gem-button-style-flat gem-button-text-weight-normal\" data-ll-effect=\"drop-right-without-wrap\" style=\"border-radius: 3px;background-color: #4c82c3;\" onmouseleave=\"this.style.backgroundColor='#4c82c3';\" onmouseenter=\"this.style.backgroundColor='#fbba00';\" href=\"https:\/\/www.actilum.fr\/\" target=\"_blank\">Besuchen Sie die Website<\/a><\/div> [\/vc_column_inner][vc_column_inner width=&#8220;1\/3&#8243;][vc_single_image image=&#8220;14519&#8243; img_size=&#8220;full&#8220; alignment=&#8220;center&#8220; onclick=&#8220;custom_link&#8220; img_link_target=&#8220;_blank&#8220; css=&#8220;&#8220; link=&#8220;https:\/\/www.lumtec.fr\/&#8220;]<div class=\"clearboth\"><\/div><style>#thegem-divider-69fb39f2ee66d {margin-top: 30px !important;}<\/style><div id=\"thegem-divider-69fb39f2ee66d\" class=\"gem-divider  \" style=\"\" ><\/div>[vc_column_text css=&#8220;&#8220;]<\/p>\n<p style=\"text-align: center;\"><strong>LUMTEC<\/strong> ist ein <b>franz\u00f6sisches Unternehmen, das sich auf \u00f6ffentliche Beleuchtung spezialisiert<\/b> hat.<\/p>\n<p>[\/vc_column_text]<div class=\"gem-button-container gem-button-position-center thegem-button-69fb39f2ee7d17022    \"  ><a class=\"gem-button gem-button-size-small gem-button-style-flat gem-button-text-weight-normal\" data-ll-effect=\"drop-right-without-wrap\" style=\"border-radius: 3px;background-color: #4c82c3;\" onmouseleave=\"this.style.backgroundColor='#4c82c3';\" onmouseenter=\"this.style.backgroundColor='#fbba00';\" href=\"https:\/\/www.lumtec.fr\/\" target=\"_blank\">Besuchen Sie die Website<\/a><\/div> [\/vc_column_inner][\/vc_row_inner]<div class=\"clearboth\"><\/div><style>#thegem-divider-69fb39f2ee883 {margin-top: 100px !important;}<\/style><div id=\"thegem-divider-69fb39f2ee883\" class=\"gem-divider  \" style=\"\" ><\/div>[vc_row_inner][vc_column_inner width=&#8220;1\/3&#8243;][vc_single_image image=&#8220;14525&#8243; img_size=&#8220;full&#8220; alignment=&#8220;center&#8220; onclick=&#8220;custom_link&#8220; img_link_target=&#8220;_blank&#8220; css=&#8220;&#8220; link=&#8220;https:\/\/www.sorena.fr\/&#8220;]<div class=\"clearboth\"><\/div><style>#thegem-divider-69fb39f2ee91b {margin-top: 30px !important;}<\/style><div id=\"thegem-divider-69fb39f2ee91b\" class=\"gem-divider  \" style=\"\" ><\/div>[vc_column_text css=&#8220;&#8220;]<\/p>\n<p style=\"text-align: center;\"><strong>SORENA<\/strong> ist auf <strong>Ausr\u00fcstung<\/strong> f\u00fcr <strong>Energienetze<\/strong> spezialisiert.<\/p>\n<p>[\/vc_column_text]<div class=\"gem-button-container gem-button-position-center thegem-button-69fb39f2eea702563    \"  ><a class=\"gem-button gem-button-size-small gem-button-style-flat gem-button-text-weight-normal\" data-ll-effect=\"drop-right-without-wrap\" style=\"border-radius: 3px;background-color: #4c82c3;\" onmouseleave=\"this.style.backgroundColor='#4c82c3';\" onmouseenter=\"this.style.backgroundColor='#fbba00';\" href=\"https:\/\/www.sorena.fr\/\" target=\"_blank\">Besuchen Sie die Website<\/a><\/div> [\/vc_column_inner][vc_column_inner width=&#8220;1\/3&#8243;][vc_single_image image=&#8220;14531&#8243; img_size=&#8220;full&#8220; alignment=&#8220;center&#8220; onclick=&#8220;custom_link&#8220; img_link_target=&#8220;_blank&#8220; css=&#8220;&#8220; link=&#8220;https:\/\/ceec-agence.fr\/&#8220;]<div class=\"clearboth\"><\/div><style>#thegem-divider-69fb39f2eeb1d {margin-top: 30px !important;}<\/style><div id=\"thegem-divider-69fb39f2eeb1d\" class=\"gem-divider  \" style=\"\" ><\/div>[vc_column_text css=&#8220;&#8220;]<\/p>\n<p style=\"text-align: center;\"><strong>CEEC<\/strong> ist spezialisiert auf <strong>\u00f6ffentliche Beleuchtung, Energiemanagement und Aufwertung von Geb\u00e4uden.<\/strong><\/p>\n<p>[\/vc_column_text]<div class=\"gem-button-container gem-button-position-center thegem-button-69fb39f2eec706434    \"  ><a class=\"gem-button gem-button-size-small gem-button-style-flat gem-button-text-weight-normal\" data-ll-effect=\"drop-right-without-wrap\" style=\"border-radius: 3px;background-color: #4c82c3;\" onmouseleave=\"this.style.backgroundColor='#4c82c3';\" onmouseenter=\"this.style.backgroundColor='#fbba00';\" href=\"https:\/\/ceec-agence.fr\/\" target=\"_blank\">Besuchen Sie die Website<\/a><\/div> [\/vc_column_inner][vc_column_inner width=&#8220;1\/3&#8243;][vc_single_image image=&#8220;14528&#8243; img_size=&#8220;full&#8220; alignment=&#8220;center&#8220; css=&#8220;&#8220;]<div class=\"clearboth\"><\/div><style>#thegem-divider-69fb39f2eed1b {margin-top: 30px !important;}<\/style><div id=\"thegem-divider-69fb39f2eed1b\" class=\"gem-divider  \" style=\"\" ><\/div>[vc_column_text css=&#8220;&#8220;]<\/p>\n<p style=\"text-align: center;\"><strong>LONGUEUR D&#8217;ONDE<\/strong> ist auf<strong> \u00f6ffentliche Beleuchtung<\/strong> spezialisiert.<\/p>\n<p>[\/vc_column_text]<div class=\"gem-button-container gem-button-position-center thegem-button-69fb39f2eee551719    \"  ><a class=\"gem-button gem-button-size-small gem-button-style-flat gem-button-text-weight-normal\" data-ll-effect=\"drop-right-without-wrap\" style=\"border-radius: 3px;background-color: #4c82c3;\" onmouseleave=\"this.style.backgroundColor='#4c82c3';\" onmouseenter=\"this.style.backgroundColor='#fbba00';\" href=\"\" target=\"_self\" role=\"button\">Besuchen Sie die Website<\/a><\/div> [\/vc_column_inner][\/vc_row_inner]<div class=\"clearboth\"><\/div><style>#thegem-divider-69fb39f2eef0b {margin-top: 60px !important;}<\/style><div id=\"thegem-divider-69fb39f2eef0b\" class=\"gem-divider  \" style=\"\" ><\/div>[\/vc_column][\/vc_row]<\/p>\n<\/div>","protected":false},"excerpt":{"rendered":"<p>[vc_row][vc_column][vc_row_inner][vc_column_inner width=&#8220;1\/3&#8243;][vc_single_image image=&#8220;14501&#8243; img_size=&#8220;full&#8220; alignment=&#8220;center&#8220; onclick=&#8220;custom_link&#8220; img_link_target=&#8220;_blank&#8220; css=&#8220;&#8220; link=&#8220;https:\/\/www.norep-mobilier-urbain-nordis-gaz-eclairage-76.com\/&#8220;][vc_column_text css=&#8220;&#8220;] NOREP ist auf \u00f6ffentliche Beleuchtung und im weiteren Sinne auf&#8230;<\/p>\n","protected":false},"author":1,"featured_media":0,"parent":15413,"menu_order":0,"comment_status":"closed","ping_status":"closed","template":"","meta":{"_acf_changed":false,"footnotes":""},"class_list":["post-15610","page","type-page","status-publish"],"acf":[],"yoast_head":"<!-- This site is optimized with the Yoast SEO plugin v26.4 - https:\/\/yoast.com\/wordpress\/plugins\/seo\/ -->\r\n<title>Verkn\u00fcpfte Webseiten - Conimast<\/title>\r\n<meta name=\"robots\" content=\"index, follow, max-snippet:-1, max-image-preview:large, max-video-preview:-1\" \/>\r\n<link rel=\"canonical\" href=\"https:\/\/www.conimast.fr\/de\/unser-netzwerk\/verknuepfte-webseiten\/\" \/>\r\n<meta property=\"og:locale\" content=\"de_DE\" \/>\r\n<meta property=\"og:type\" content=\"article\" \/>\r\n<meta property=\"og:title\" content=\"Verkn\u00fcpfte Webseiten - Conimast\" \/>\r\n<meta property=\"og:description\" content=\"[vc_row][vc_column][vc_row_inner][vc_column_inner width=&#8220;1\/3&#8243;][vc_single_image image=&#8220;14501&#8243; img_size=&#8220;full&#8220; alignment=&#8220;center&#8220; onclick=&#8220;custom_link&#8220; img_link_target=&#8220;_blank&#8220; css=&#8220;&#8220; link=&#8220;https:\/\/www.norep-mobilier-urbain-nordis-gaz-eclairage-76.com\/&#8220;][vc_column_text css=&#8220;&#8220;] NOREP ist auf \u00f6ffentliche Beleuchtung und im weiteren Sinne auf...\" \/>\r\n<meta property=\"og:url\" content=\"https:\/\/www.conimast.fr\/de\/unser-netzwerk\/verknuepfte-webseiten\/\" \/>\r\n<meta property=\"og:site_name\" content=\"Conimast\" \/>\r\n<meta property=\"article:modified_time\" content=\"2025-10-13T09:38:34+00:00\" \/>\r\n<meta name=\"twitter:card\" content=\"summary_large_image\" \/>\r\n<meta name=\"twitter:label1\" content=\"Gesch\u00e4tzte Lesezeit\" \/>\n\t<meta name=\"twitter:data1\" content=\"4\u00a0Minuten\" \/>\r\n<script type=\"application\/ld+json\" class=\"yoast-schema-graph\">{\"@context\":\"https:\/\/schema.org\",\"@graph\":[{\"@type\":\"WebPage\",\"@id\":\"https:\/\/www.conimast.fr\/de\/unser-netzwerk\/verknuepfte-webseiten\/\",\"url\":\"https:\/\/www.conimast.fr\/de\/unser-netzwerk\/verknuepfte-webseiten\/\",\"name\":\"Verkn\u00fcpfte Webseiten - Conimast\",\"isPartOf\":{\"@id\":\"https:\/\/www.conimast.fr\/#website\"},\"datePublished\":\"2024-04-12T07:49:52+00:00\",\"dateModified\":\"2025-10-13T09:38:34+00:00\",\"breadcrumb\":{\"@id\":\"https:\/\/www.conimast.fr\/de\/unser-netzwerk\/verknuepfte-webseiten\/#breadcrumb\"},\"inLanguage\":\"de\",\"potentialAction\":[{\"@type\":\"ReadAction\",\"target\":[\"https:\/\/www.conimast.fr\/de\/unser-netzwerk\/verknuepfte-webseiten\/\"]}]},{\"@type\":\"BreadcrumbList\",\"@id\":\"https:\/\/www.conimast.fr\/de\/unser-netzwerk\/verknuepfte-webseiten\/#breadcrumb\",\"itemListElement\":[{\"@type\":\"ListItem\",\"position\":1,\"name\":\"Accueil\",\"item\":\"https:\/\/www.conimast.fr\/de\/\"},{\"@type\":\"ListItem\",\"position\":2,\"name\":\"Unser Netzwerk\",\"item\":\"https:\/\/www.conimast.fr\/de\/unser-netzwerk\/\"},{\"@type\":\"ListItem\",\"position\":3,\"name\":\"Verkn\u00fcpfte Webseiten\"}]},{\"@type\":\"WebSite\",\"@id\":\"https:\/\/www.conimast.fr\/#website\",\"url\":\"https:\/\/www.conimast.fr\/\",\"name\":\"Conimast\",\"description\":\"sp\u00e9cialiste du Mobilier urbain d&#039;\u00e9clairage\",\"potentialAction\":[{\"@type\":\"SearchAction\",\"target\":{\"@type\":\"EntryPoint\",\"urlTemplate\":\"https:\/\/www.conimast.fr\/?s={search_term_string}\"},\"query-input\":{\"@type\":\"PropertyValueSpecification\",\"valueRequired\":true,\"valueName\":\"search_term_string\"}}],\"inLanguage\":\"de\"}]}<\/script>\r\n<!-- \/ Yoast SEO plugin. -->","yoast_head_json":{"title":"Verkn\u00fcpfte Webseiten - Conimast","robots":{"index":"index","follow":"follow","max-snippet":"max-snippet:-1","max-image-preview":"max-image-preview:large","max-video-preview":"max-video-preview:-1"},"canonical":"https:\/\/www.conimast.fr\/de\/unser-netzwerk\/verknuepfte-webseiten\/","og_locale":"de_DE","og_type":"article","og_title":"Verkn\u00fcpfte Webseiten - Conimast","og_description":"[vc_row][vc_column][vc_row_inner][vc_column_inner width=&#8220;1\/3&#8243;][vc_single_image image=&#8220;14501&#8243; img_size=&#8220;full&#8220; alignment=&#8220;center&#8220; onclick=&#8220;custom_link&#8220; img_link_target=&#8220;_blank&#8220; css=&#8220;&#8220; link=&#8220;https:\/\/www.norep-mobilier-urbain-nordis-gaz-eclairage-76.com\/&#8220;][vc_column_text css=&#8220;&#8220;] NOREP ist auf \u00f6ffentliche Beleuchtung und im weiteren Sinne auf...","og_url":"https:\/\/www.conimast.fr\/de\/unser-netzwerk\/verknuepfte-webseiten\/","og_site_name":"Conimast","article_modified_time":"2025-10-13T09:38:34+00:00","twitter_card":"summary_large_image","twitter_misc":{"Gesch\u00e4tzte Lesezeit":"4\u00a0Minuten"},"schema":{"@context":"https:\/\/schema.org","@graph":[{"@type":"WebPage","@id":"https:\/\/www.conimast.fr\/de\/unser-netzwerk\/verknuepfte-webseiten\/","url":"https:\/\/www.conimast.fr\/de\/unser-netzwerk\/verknuepfte-webseiten\/","name":"Verkn\u00fcpfte Webseiten - Conimast","isPartOf":{"@id":"https:\/\/www.conimast.fr\/#website"},"datePublished":"2024-04-12T07:49:52+00:00","dateModified":"2025-10-13T09:38:34+00:00","breadcrumb":{"@id":"https:\/\/www.conimast.fr\/de\/unser-netzwerk\/verknuepfte-webseiten\/#breadcrumb"},"inLanguage":"de","potentialAction":[{"@type":"ReadAction","target":["https:\/\/www.conimast.fr\/de\/unser-netzwerk\/verknuepfte-webseiten\/"]}]},{"@type":"BreadcrumbList","@id":"https:\/\/www.conimast.fr\/de\/unser-netzwerk\/verknuepfte-webseiten\/#breadcrumb","itemListElement":[{"@type":"ListItem","position":1,"name":"Accueil","item":"https:\/\/www.conimast.fr\/de\/"},{"@type":"ListItem","position":2,"name":"Unser Netzwerk","item":"https:\/\/www.conimast.fr\/de\/unser-netzwerk\/"},{"@type":"ListItem","position":3,"name":"Verkn\u00fcpfte Webseiten"}]},{"@type":"WebSite","@id":"https:\/\/www.conimast.fr\/#website","url":"https:\/\/www.conimast.fr\/","name":"Conimast","description":"sp\u00e9cialiste du Mobilier urbain d&#039;\u00e9clairage","potentialAction":[{"@type":"SearchAction","target":{"@type":"EntryPoint","urlTemplate":"https:\/\/www.conimast.fr\/?s={search_term_string}"},"query-input":{"@type":"PropertyValueSpecification","valueRequired":true,"valueName":"search_term_string"}}],"inLanguage":"de"}]}},"_links":{"self":[{"href":"https:\/\/www.conimast.fr\/de\/wp-json\/wp\/v2\/pages\/15610","targetHints":{"allow":["GET"]}}],"collection":[{"href":"https:\/\/www.conimast.fr\/de\/wp-json\/wp\/v2\/pages"}],"about":[{"href":"https:\/\/www.conimast.fr\/de\/wp-json\/wp\/v2\/types\/page"}],"author":[{"embeddable":true,"href":"https:\/\/www.conimast.fr\/de\/wp-json\/wp\/v2\/users\/1"}],"replies":[{"embeddable":true,"href":"https:\/\/www.conimast.fr\/de\/wp-json\/wp\/v2\/comments?post=15610"}],"version-history":[{"count":2,"href":"https:\/\/www.conimast.fr\/de\/wp-json\/wp\/v2\/pages\/15610\/revisions"}],"predecessor-version":[{"id":16752,"href":"https:\/\/www.conimast.fr\/de\/wp-json\/wp\/v2\/pages\/15610\/revisions\/16752"}],"up":[{"embeddable":true,"href":"https:\/\/www.conimast.fr\/de\/wp-json\/wp\/v2\/pages\/15413"}],"wp:attachment":[{"href":"https:\/\/www.conimast.fr\/de\/wp-json\/wp\/v2\/media?parent=15610"}],"curies":[{"name":"wp","href":"https:\/\/api.w.org\/{rel}","templated":true}]}}