{"id":15515,"date":"2024-04-11T17:33:06","date_gmt":"2024-04-11T15:33:06","guid":{"rendered":"https:\/\/www.conimast.fr\/die-entitaet\/"},"modified":"2024-09-10T11:18:01","modified_gmt":"2024-09-10T09:18:01","slug":"die-entitaet","status":"publish","type":"page","link":"https:\/\/www.conimast.fr\/de\/die-entitaet\/","title":{"rendered":"Die Entit\u00e4t"},"content":{"rendered":"<div class=\"wpb-content-wrapper\"><p>[vc_row full_width=&#8220;stretch_row&#8220; css=&#8220;.vc_custom_1722118306143{margin-bottom: 0px !important;padding-top: 80px !important;background-color: #f0f3f2 !important;background-position: center !important;background-repeat: no-repeat !important;background-size: cover !important;}&#8220; custom_css_code=&#8220;LndwY2Y3LWZvcm0lMjBpbnB1dCU1QnR5cGUlM0RzdWJtaXQlNUQlN0IlMEElMjAlMjAlMjAlMjBmb250LXNpemUlM0ElMjAxNnB4JTNCJTBBJTdEJTBBLndwY2Y3LWZvcm0lMjAlM0ElM0FwbGFjZWhvbGRlciUyMCU3QiUwQSUyMCUyMCUyMCUyMGNvbG9yJTNBJTIwJTIzOTlhOWI1JTNCJTBBJTdEJTBBLmdlbS1pY29uLXNpemUtc21hbGwlN0IlMEElMjAlMjAlMjAlMjBmb250LXNpemUlM0ElMjAxNnB4JTNCJTBBJTdEJTBBLmdlbS1pY29uLXdpdGgtdGV4dCU3QiUwQSUyMCUyMCUyMCUyMG1hcmdpbi1ib3R0b20lM0ElMjAwJTNCJTBBJTdEJTBBLmdlbS1pY29uLXdpdGgtdGV4dC10ZXh0JTIwcCU3QiUwQSUyMCUyMCUyMCUyMG1hcmdpbi1ib3R0b20lM0ElMjAxMnB4JTNCJTIwJTIwJTIwJTIwJTBBJTdEJTBBJTQwbWVkaWElMjAlMjhtYXgtd2lkdGglM0ElMjAxMTk5cHglMjklN0IlMEElMjAlMjAlMjAlMjAud3BjZjctZm9ybSUyMHNwYW4ud3BjZjctbGlzdC1pdGVtJTIwJTdCJTBBJTIwJTIwJTIwJTIwJTIwJTIwJTIwJTIwZGlzcGxheSUzQSUyMGJsb2NrJTNCJTBBJTIwJTIwJTIwJTIwJTIwJTIwJTIwJTIwZmxvYXQlM0ElMjBsZWZ0JTNCJTBBJTIwJTIwJTIwJTIwJTIwJTIwJTIwJTIwbWFyZ2luLWJvdHRvbSUzQSUyMDIwcHglM0IlMEElMjAlMjAlMjAlMjAlN0QlMEElN0Q=&#8220;][vc_column width=&#8220;1\/2&#8243; css=&#8220;.vc_custom_1589888331279{padding-top: 0px !important;}&#8220;][vc_column_text css=&#8220;&#8220;]<\/p>\n<div class=\"title-h2\" style=\"text-align: left; margin-bottom: 20px;\">die Entit\u00e4t<\/div>\n<div style=\"width: 55px; height: 3px; background: #fbc300; text-indent: 9999px;\">1<\/div>\n<p>[\/vc_column_text]<div class=\"clearboth\"><\/div><style>#thegem-divider-69fb39d87d6ac {margin-top: 40px !important;}<\/style><div id=\"thegem-divider-69fb39d87d6ac\" class=\"gem-divider  \" style=\"\" ><\/div><div class=\"clearboth\"><\/div><style>#thegem-divider-69fb39d87d786 {margin-top: 25px !important;}<\/style><div id=\"thegem-divider-69fb39d87d786\" class=\"gem-divider  \" style=\"\" ><\/div>[vc_column_text]<\/p>\n<div class=\"styled-subtitle\" style=\"text-align: left;\"><strong>CONIMAST, das ist :<\/strong><strong>Die Zugeh\u00f6rigkeit zu einer Gruppe: France Galva \u00fcber 61 Millionen Euro.<\/strong> <strong>davon 23 Millionen Euro Galvanisierung f\u00fcr Drittkunden.<\/strong><\/div>\n<p>[\/vc_column_text]<div class=\"clearboth\"><\/div><style>#thegem-divider-69fb39d87d828 {margin-top: 20px !important;}<\/style><div id=\"thegem-divider-69fb39d87d828\" class=\"gem-divider  \" style=\"\" ><\/div>[vc_column_text]Der Bereich \u00f6ffentliche Beleuchtung umfasst :[\/vc_column_text]<div class=\"clearboth\"><\/div><style>#thegem-divider-69fb39d87d8e0 {margin-top: 15px !important;}<\/style><div id=\"thegem-divider-69fb39d87d8e0\" class=\"gem-divider  \" style=\"\" ><\/div><div class=\"gem-list\" ><ul>\n<li><strong>260 Personen<\/strong><\/li>\n<li><strong>34 Mio. \u20ac Umsatz<\/strong> im Kandelabergesch\u00e4ft.<\/li>\n<li><strong>Eine 7-k\u00f6pfige Verkaufsabteilung<\/strong>, die von fast 25 Verkaufsgesellschaften in Europa und im Export unterst\u00fctzt wird und in direktem Kontakt mit Installateuren, Gebietsk\u00f6rperschaften und Beleuchtungsverb\u00e4nden steht.<\/li>\n<li><strong>Ein 6-k\u00f6pfiges Planungsb\u00fcro<\/strong>, das sich mit Ihren Projekten befasst<\/li>\n<li><strong>Ein Industriegel\u00e4nde von 110.000 m\u00b2<\/strong><\/li>\n<li><strong>31.000 m\u00b2 Geb\u00e4ude<\/strong><\/li>\n<li><strong>Ein Showroom<\/strong> f\u00fcr den Empfang der Kunden und die Pr\u00e4sentation der neuen Produkte.<\/li>\n<\/ul>\n<\/div>[\/vc_column][vc_column width=&#8220;1\/2&#8243;]<div class=\"clearboth\"><\/div><style>#thegem-divider-69fb39d87daca {margin-top: 80px !important;}<\/style><div id=\"thegem-divider-69fb39d87daca\" class=\"gem-divider  \" style=\"\" ><\/div>[vc_single_image image=&#8220;3837&#8243; img_size=&#8220;full&#8220; css=&#8220;&#8220;]<div class=\"clearboth\"><\/div><style>#thegem-divider-69fb39d87db66 {margin-top: 80px !important;}<\/style><div id=\"thegem-divider-69fb39d87db66\" class=\"gem-divider  \" style=\"\" ><\/div>[\/vc_column][\/vc_row][vc_row][vc_column]<div class=\"clearboth\"><\/div><style>#thegem-divider-69fb39d87dbfc {margin-top: 30px !important;}<\/style><div id=\"thegem-divider-69fb39d87dbfc\" class=\"gem-divider  \" style=\"\" ><\/div>[vc_column_text]<\/p>\n<div class=\"styled-subtitle\" style=\"text-align: center;\"><strong>CONIMAST INTERNATIONAL Z.I La Sauni\u00e8re &#8211; 89600 Saint Florentin &#8211; Frankreich<\/strong><\/div>\n<p>[\/vc_column_text]<div class=\"clearboth\"><\/div><style>#thegem-divider-69fb39d87dc9d {margin-top: 50px !important;}<\/style><div id=\"thegem-divider-69fb39d87dc9d\" class=\"gem-divider  \" style=\"\" ><\/div>[vc_gmaps link=&#8220;#E-8_JTNDaWZyYW1lJTIwc3JjJTNEJTIyaHR0cHMlM0ElMkYlMkZ3d3cuZ29vZ2xlLmNvbSUyRm1hcHMlMkZlbWJlZCUzRnBiJTNEJTIxMW0xNCUyMTFtOCUyMTFtMyUyMTFkMjEzNjAuODkzNDA3MDk1NTk1JTIxMmQzLjc0MDc2MDIlMjEzZDQ3Ljk5MjIyODklMjEzbTIlMjExaTEwMjQlMjEyaTc2OCUyMTRmMTMuMSUyMTNtMyUyMTFtMiUyMTFzMHg0N2VlNWYxNDhjNjM3ZGMxJTI1M0EweGE3MDhlMWU5ZmQ2MDU3NjUlMjEyc0NvbmltYXN0JTI1MjBJbnRlcm5hdGlvbmFsJTIxNWUwJTIxM20yJTIxMXNmciUyMTJzZnIlMjE0djE3MjI1MDA5NDcyMzAlMjE1bTIlMjExc2ZyJTIxMnNmciUyMiUyMHdpZHRoJTNEJTIyMTAwJTI1JTIyJTIwaGVpZ2h0JTNEJTIyMzUwJTIyJTIwc3R5bGUlM0QlMjJib3JkZXIlM0EwJTNCJTIyJTIwYWxsb3dmdWxsc2NyZWVuJTNEJTIyJTIyJTIwbG9hZGluZyUzRCUyMmxhenklMjIlMjByZWZlcnJlcnBvbGljeSUzRCUyMm5vLXJlZmVycmVyLXdoZW4tZG93bmdyYWRlJTIyJTNFJTNDJTJGaWZyYW1lJTNF&#8220; css=&#8220;&#8220;]<div class=\"clearboth\"><\/div><style>#thegem-divider-69fb39d87dd30 {margin-top: 80px !important;}<\/style><div id=\"thegem-divider-69fb39d87dd30\" class=\"gem-divider  \" style=\"\" ><\/div>[\/vc_column][\/vc_row]<\/p>\n<\/div>","protected":false},"excerpt":{"rendered":"<p>[vc_row full_width=&#8220;stretch_row&#8220; css=&#8220;.vc_custom_1722118306143{margin-bottom: 0px !important;padding-top: 80px !important;background-color: #f0f3f2 !important;background-position: center !important;background-repeat: no-repeat !important;background-size: cover !important;}&#8220; custom_css_code=&#8220;LndwY2Y3LWZvcm0lMjBpbnB1dCU1QnR5cGUlM0RzdWJtaXQlNUQlN0IlMEElMjAlMjAlMjAlMjBmb250LXNpemUlM0ElMjAxNnB4JTNCJTBBJTdEJTBBLndwY2Y3LWZvcm0lMjAlM0ElM0FwbGFjZWhvbGRlciUyMCU3QiUwQSUyMCUyMCUyMCUyMGNvbG9yJTNBJTIwJTIzOTlhOWI1JTNCJTBBJTdEJTBBLmdlbS1pY29uLXNpemUtc21hbGwlN0IlMEElMjAlMjAlMjAlMjBmb250LXNpemUlM0ElMjAxNnB4JTNCJTBBJTdEJTBBLmdlbS1pY29uLXdpdGgtdGV4dCU3QiUwQSUyMCUyMCUyMCUyMG1hcmdpbi1ib3R0b20lM0ElMjAwJTNCJTBBJTdEJTBBLmdlbS1pY29uLXdpdGgtdGV4dC10ZXh0JTIwcCU3QiUwQSUyMCUyMCUyMCUyMG1hcmdpbi1ib3R0b20lM0ElMjAxMnB4JTNCJTIwJTIwJTIwJTIwJTBBJTdEJTBBJTQwbWVkaWElMjAlMjhtYXgtd2lkdGglM0ElMjAxMTk5cHglMjklN0IlMEElMjAlMjAlMjAlMjAud3BjZjctZm9ybSUyMHNwYW4ud3BjZjctbGlzdC1pdGVtJTIwJTdCJTBBJTIwJTIwJTIwJTIwJTIwJTIwJTIwJTIwZGlzcGxheSUzQSUyMGJsb2NrJTNCJTBBJTIwJTIwJTIwJTIwJTIwJTIwJTIwJTIwZmxvYXQlM0ElMjBsZWZ0JTNCJTBBJTIwJTIwJTIwJTIwJTIwJTIwJTIwJTIwbWFyZ2luLWJvdHRvbSUzQSUyMDIwcHglM0IlMEElMjAlMjAlMjAlMjAlN0QlMEElN0Q=&#8220;][vc_column width=&#8220;1\/2&#8243; css=&#8220;.vc_custom_1589888331279{padding-top: 0px !important;}&#8220;][vc_column_text&#8230;<\/p>\n","protected":false},"author":1,"featured_media":0,"parent":0,"menu_order":0,"comment_status":"closed","ping_status":"closed","template":"","meta":{"_acf_changed":false,"footnotes":""},"class_list":["post-15515","page","type-page","status-publish"],"acf":[],"yoast_head":"<!-- This site is optimized with the Yoast SEO plugin v26.4 - https:\/\/yoast.com\/wordpress\/plugins\/seo\/ -->\r\n<title>Die Entit\u00e4t - Conimast<\/title>\r\n<meta name=\"robots\" content=\"index, follow, max-snippet:-1, max-image-preview:large, max-video-preview:-1\" \/>\r\n<link rel=\"canonical\" href=\"https:\/\/www.conimast.fr\/lentite\/\" \/>\r\n<meta property=\"og:locale\" content=\"de_DE\" \/>\r\n<meta property=\"og:type\" content=\"article\" \/>\r\n<meta property=\"og:title\" content=\"Die Entit\u00e4t - Conimast\" \/>\r\n<meta property=\"og:description\" content=\"[vc_row full_width=&#8220;stretch_row&#8220; css=&#8220;.vc_custom_1722118306143{margin-bottom: 0px !important;padding-top: 80px !important;background-color: #f0f3f2 !important;background-position: center !important;background-repeat: no-repeat !important;background-size: cover !important;}&#8220; custom_css_code=&#8220;LndwY2Y3LWZvcm0lMjBpbnB1dCU1QnR5cGUlM0RzdWJtaXQlNUQlN0IlMEElMjAlMjAlMjAlMjBmb250LXNpemUlM0ElMjAxNnB4JTNCJTBBJTdEJTBBLndwY2Y3LWZvcm0lMjAlM0ElM0FwbGFjZWhvbGRlciUyMCU3QiUwQSUyMCUyMCUyMCUyMGNvbG9yJTNBJTIwJTIzOTlhOWI1JTNCJTBBJTdEJTBBLmdlbS1pY29uLXNpemUtc21hbGwlN0IlMEElMjAlMjAlMjAlMjBmb250LXNpemUlM0ElMjAxNnB4JTNCJTBBJTdEJTBBLmdlbS1pY29uLXdpdGgtdGV4dCU3QiUwQSUyMCUyMCUyMCUyMG1hcmdpbi1ib3R0b20lM0ElMjAwJTNCJTBBJTdEJTBBLmdlbS1pY29uLXdpdGgtdGV4dC10ZXh0JTIwcCU3QiUwQSUyMCUyMCUyMCUyMG1hcmdpbi1ib3R0b20lM0ElMjAxMnB4JTNCJTIwJTIwJTIwJTIwJTBBJTdEJTBBJTQwbWVkaWElMjAlMjhtYXgtd2lkdGglM0ElMjAxMTk5cHglMjklN0IlMEElMjAlMjAlMjAlMjAud3BjZjctZm9ybSUyMHNwYW4ud3BjZjctbGlzdC1pdGVtJTIwJTdCJTBBJTIwJTIwJTIwJTIwJTIwJTIwJTIwJTIwZGlzcGxheSUzQSUyMGJsb2NrJTNCJTBBJTIwJTIwJTIwJTIwJTIwJTIwJTIwJTIwZmxvYXQlM0ElMjBsZWZ0JTNCJTBBJTIwJTIwJTIwJTIwJTIwJTIwJTIwJTIwbWFyZ2luLWJvdHRvbSUzQSUyMDIwcHglM0IlMEElMjAlMjAlMjAlMjAlN0QlMEElN0Q=&#8220;][vc_column width=&#8220;1\/2&#8243; css=&#8220;.vc_custom_1589888331279{padding-top: 0px !important;}&#8220;][vc_column_text...\" \/>\r\n<meta property=\"og:url\" content=\"https:\/\/www.conimast.fr\/lentite\/\" \/>\r\n<meta property=\"og:site_name\" content=\"Conimast\" \/>\r\n<meta property=\"article:modified_time\" content=\"2024-09-10T09:18:01+00:00\" \/>\r\n<meta name=\"twitter:card\" content=\"summary_large_image\" \/>\r\n<meta name=\"twitter:label1\" content=\"Gesch\u00e4tzte Lesezeit\" \/>\n\t<meta name=\"twitter:data1\" content=\"2\u00a0Minuten\" \/>\r\n<script type=\"application\/ld+json\" class=\"yoast-schema-graph\">{\"@context\":\"https:\/\/schema.org\",\"@graph\":[{\"@type\":\"WebPage\",\"@id\":\"https:\/\/www.conimast.fr\/lentite\/\",\"url\":\"https:\/\/www.conimast.fr\/lentite\/\",\"name\":\"Die Entit\u00e4t - Conimast\",\"isPartOf\":{\"@id\":\"https:\/\/www.conimast.fr\/#website\"},\"datePublished\":\"2024-04-11T15:33:06+00:00\",\"dateModified\":\"2024-09-10T09:18:01+00:00\",\"breadcrumb\":{\"@id\":\"https:\/\/www.conimast.fr\/lentite\/#breadcrumb\"},\"inLanguage\":\"de\",\"potentialAction\":[{\"@type\":\"ReadAction\",\"target\":[\"https:\/\/www.conimast.fr\/lentite\/\"]}]},{\"@type\":\"BreadcrumbList\",\"@id\":\"https:\/\/www.conimast.fr\/lentite\/#breadcrumb\",\"itemListElement\":[{\"@type\":\"ListItem\",\"position\":1,\"name\":\"Accueil\",\"item\":\"https:\/\/www.conimast.fr\/de\/\"},{\"@type\":\"ListItem\",\"position\":2,\"name\":\"Die Entit\u00e4t\"}]},{\"@type\":\"WebSite\",\"@id\":\"https:\/\/www.conimast.fr\/#website\",\"url\":\"https:\/\/www.conimast.fr\/\",\"name\":\"Conimast\",\"description\":\"sp\u00e9cialiste du Mobilier urbain d&#039;\u00e9clairage\",\"potentialAction\":[{\"@type\":\"SearchAction\",\"target\":{\"@type\":\"EntryPoint\",\"urlTemplate\":\"https:\/\/www.conimast.fr\/?s={search_term_string}\"},\"query-input\":{\"@type\":\"PropertyValueSpecification\",\"valueRequired\":true,\"valueName\":\"search_term_string\"}}],\"inLanguage\":\"de\"}]}<\/script>\r\n<!-- \/ Yoast SEO plugin. -->","yoast_head_json":{"title":"Die Entit\u00e4t - Conimast","robots":{"index":"index","follow":"follow","max-snippet":"max-snippet:-1","max-image-preview":"max-image-preview:large","max-video-preview":"max-video-preview:-1"},"canonical":"https:\/\/www.conimast.fr\/lentite\/","og_locale":"de_DE","og_type":"article","og_title":"Die Entit\u00e4t - Conimast","og_description":"[vc_row full_width=&#8220;stretch_row&#8220; css=&#8220;.vc_custom_1722118306143{margin-bottom: 0px !important;padding-top: 80px !important;background-color: #f0f3f2 !important;background-position: center !important;background-repeat: no-repeat !important;background-size: cover !important;}&#8220; custom_css_code=&#8220;LndwY2Y3LWZvcm0lMjBpbnB1dCU1QnR5cGUlM0RzdWJtaXQlNUQlN0IlMEElMjAlMjAlMjAlMjBmb250LXNpemUlM0ElMjAxNnB4JTNCJTBBJTdEJTBBLndwY2Y3LWZvcm0lMjAlM0ElM0FwbGFjZWhvbGRlciUyMCU3QiUwQSUyMCUyMCUyMCUyMGNvbG9yJTNBJTIwJTIzOTlhOWI1JTNCJTBBJTdEJTBBLmdlbS1pY29uLXNpemUtc21hbGwlN0IlMEElMjAlMjAlMjAlMjBmb250LXNpemUlM0ElMjAxNnB4JTNCJTBBJTdEJTBBLmdlbS1pY29uLXdpdGgtdGV4dCU3QiUwQSUyMCUyMCUyMCUyMG1hcmdpbi1ib3R0b20lM0ElMjAwJTNCJTBBJTdEJTBBLmdlbS1pY29uLXdpdGgtdGV4dC10ZXh0JTIwcCU3QiUwQSUyMCUyMCUyMCUyMG1hcmdpbi1ib3R0b20lM0ElMjAxMnB4JTNCJTIwJTIwJTIwJTIwJTBBJTdEJTBBJTQwbWVkaWElMjAlMjhtYXgtd2lkdGglM0ElMjAxMTk5cHglMjklN0IlMEElMjAlMjAlMjAlMjAud3BjZjctZm9ybSUyMHNwYW4ud3BjZjctbGlzdC1pdGVtJTIwJTdCJTBBJTIwJTIwJTIwJTIwJTIwJTIwJTIwJTIwZGlzcGxheSUzQSUyMGJsb2NrJTNCJTBBJTIwJTIwJTIwJTIwJTIwJTIwJTIwJTIwZmxvYXQlM0ElMjBsZWZ0JTNCJTBBJTIwJTIwJTIwJTIwJTIwJTIwJTIwJTIwbWFyZ2luLWJvdHRvbSUzQSUyMDIwcHglM0IlMEElMjAlMjAlMjAlMjAlN0QlMEElN0Q=&#8220;][vc_column width=&#8220;1\/2&#8243; css=&#8220;.vc_custom_1589888331279{padding-top: 0px !important;}&#8220;][vc_column_text...","og_url":"https:\/\/www.conimast.fr\/lentite\/","og_site_name":"Conimast","article_modified_time":"2024-09-10T09:18:01+00:00","twitter_card":"summary_large_image","twitter_misc":{"Gesch\u00e4tzte Lesezeit":"2\u00a0Minuten"},"schema":{"@context":"https:\/\/schema.org","@graph":[{"@type":"WebPage","@id":"https:\/\/www.conimast.fr\/lentite\/","url":"https:\/\/www.conimast.fr\/lentite\/","name":"Die Entit\u00e4t - Conimast","isPartOf":{"@id":"https:\/\/www.conimast.fr\/#website"},"datePublished":"2024-04-11T15:33:06+00:00","dateModified":"2024-09-10T09:18:01+00:00","breadcrumb":{"@id":"https:\/\/www.conimast.fr\/lentite\/#breadcrumb"},"inLanguage":"de","potentialAction":[{"@type":"ReadAction","target":["https:\/\/www.conimast.fr\/lentite\/"]}]},{"@type":"BreadcrumbList","@id":"https:\/\/www.conimast.fr\/lentite\/#breadcrumb","itemListElement":[{"@type":"ListItem","position":1,"name":"Accueil","item":"https:\/\/www.conimast.fr\/de\/"},{"@type":"ListItem","position":2,"name":"Die Entit\u00e4t"}]},{"@type":"WebSite","@id":"https:\/\/www.conimast.fr\/#website","url":"https:\/\/www.conimast.fr\/","name":"Conimast","description":"sp\u00e9cialiste du Mobilier urbain d&#039;\u00e9clairage","potentialAction":[{"@type":"SearchAction","target":{"@type":"EntryPoint","urlTemplate":"https:\/\/www.conimast.fr\/?s={search_term_string}"},"query-input":{"@type":"PropertyValueSpecification","valueRequired":true,"valueName":"search_term_string"}}],"inLanguage":"de"}]}},"_links":{"self":[{"href":"https:\/\/www.conimast.fr\/de\/wp-json\/wp\/v2\/pages\/15515","targetHints":{"allow":["GET"]}}],"collection":[{"href":"https:\/\/www.conimast.fr\/de\/wp-json\/wp\/v2\/pages"}],"about":[{"href":"https:\/\/www.conimast.fr\/de\/wp-json\/wp\/v2\/types\/page"}],"author":[{"embeddable":true,"href":"https:\/\/www.conimast.fr\/de\/wp-json\/wp\/v2\/users\/1"}],"replies":[{"embeddable":true,"href":"https:\/\/www.conimast.fr\/de\/wp-json\/wp\/v2\/comments?post=15515"}],"version-history":[{"count":1,"href":"https:\/\/www.conimast.fr\/de\/wp-json\/wp\/v2\/pages\/15515\/revisions"}],"predecessor-version":[{"id":16226,"href":"https:\/\/www.conimast.fr\/de\/wp-json\/wp\/v2\/pages\/15515\/revisions\/16226"}],"wp:attachment":[{"href":"https:\/\/www.conimast.fr\/de\/wp-json\/wp\/v2\/media?parent=15515"}],"curies":[{"name":"wp","href":"https:\/\/api.w.org\/{rel}","templated":true}]}}