{"id":15292,"date":"2024-04-14T20:38:17","date_gmt":"2024-04-14T18:38:17","guid":{"rendered":"https:\/\/www.conimast.fr\/wie-sie-uns-erreichen\/"},"modified":"2024-09-10T11:31:45","modified_gmt":"2024-09-10T09:31:45","slug":"wie-sie-uns-erreichen","status":"publish","type":"page","link":"https:\/\/www.conimast.fr\/de\/wie-sie-uns-erreichen\/","title":{"rendered":"Wie Sie uns erreichen"},"content":{"rendered":"<div class=\"wpb-content-wrapper\"><p>[vc_row full_width=&#8220;stretch_row&#8220; css=&#8220;.vc_custom_1722118073391{margin-bottom: 0px !important;background-color: #dddddd !important;background-position: center !important;background-repeat: no-repeat !important;background-size: cover !important;}&#8220; custom_css_code=&#8220;LmNvbG9yLXRpdGxlJTIwJTdCJTBBJTIwJTIwJTIwJTIwYm9yZGVyLXRvcC1sZWZ0LXJhZGl1cyUzQSUyMDI1cHglM0IlMEElMjAlMjAlMjAlMjBib3JkZXItdG9wLXJpZ2h0LXJhZGl1cyUzQSUyMDI1cHglM0IlMEElN0QlMEEuZ2VtLXRleHRib3glMjAlN0IlMEElMjAlMjAlMjAlMjBtYXJnaW4tYm90dG9tJTNBJTIwMCUyMWltcG9ydGFudCUzQiUwQSU3RCUwQS5jdXN0b20tYWNjb3JkaW9uJTIwLnZjX3R0YS1wYW5lbC52Y19hY3RpdmUlMjAudmNfdHRhLXRpdGxlLXRleHQlMjAlN0IlMEElMjAlMjAlMjAlMjBsZXR0ZXItc3BhY2luZyUzQSUyMDAlMjFpbXBvcnRhbnQlM0IlMEElN0QlMEEuY3VzdG9tLWFjY29yZGlvbiUyMC52Y190dGEtcGFuZWwudmNfYWN0aXZlJTIwLnZjX3R0YS10aXRsZS10ZXh0JTJDJTBBLmN1c3RvbS1hY2NvcmRpb24lMjAudmNfdHRhLXRpdGxlLXRleHQlMjAlN0IlMEElMjAlMjAlMjAlMjB0ZXh0LXRyYW5zZm9ybSUzQSUyMG5vbmUlM0IlMEElMjAlMjAlMjAlMjBmb250LXNpemUlM0ElMjAxNnB4JTNCJTBBJTdEJTBBLmN1c3RvbS1hY2NvcmRpb24lMjAudmNfdHRhLWNvbnRyb2xzLWljb24lM0ElM0FiZWZvcmUlMkMlMEEuY3VzdG9tLWFjY29yZGlvbiUyMC52Y190dGEtY29udHJvbHMtaWNvbiUzQSUzQWFmdGVyJTdCJTBBJTIwJTIwJTIwJTIwYm9yZGVyLWNvbG9yJTNBJTIwJTIzM2MzOTUwJTIxaW1wb3J0YW50JTNCJTBBJTIwJTIwJTIwJTIwY29sb3IlM0ElMjAlMjMzYzM5NTAlMjFpbXBvcnRhbnQlM0IlMEElN0Q=&#8220;][vc_column css=&#8220;.vc_custom_1722118445077{padding-top: 75px !important;padding-bottom: 120px !important;}&#8220; tablet_padding_top=&#8220;75&#8243; tablet_padding_bottom=&#8220;80&#8243; mobile_padding_top=&#8220;60&#8243; mobile_padding_bottom=&#8220;60&#8243;][vc_column_text css=&#8220;&#8220;]<\/p>\n<div class=\"title-h1\" style=\"margin-bottom: 20px; text-align: center;\">Besuchen Sie uns<\/div>\n<p>[\/vc_column_text]<div class=\"clearboth\"><\/div><style>#thegem-divider-69fe0e12baf40 {margin-top: 60px !important;}@media screen and (max-width: 1023px) and (min-width: 768px) {#thegem-divider-69fe0e12baf40 {margin-top: 60px !important;}}@media screen and (max-width: 767px) {#thegem-divider-69fe0e12baf40 {margin-top: 60px !important;}}<\/style><div id=\"thegem-divider-69fe0e12baf40\" class=\"gem-divider  \" style=\"\" ><\/div>[vc_row_inner css=&#8220;.vc_custom_1712737576641{margin-bottom: 0px !important;}&#8220;][vc_column_inner width=&#8220;1\/2&#8243; css=&#8220;.vc_custom_1710758875160{padding-top: 0px !important;padding-right: 10px !important;}&#8220; mobile_padding_right=&#8220;21&#8243;]<div class=\"thegem-te-heading thegem-custom-69fe0e12bb3b5206\" ><div id=\"thegem-heading-69fe0e12bb343\" class=\"thegem-heading title-h3 color-title vc_custom_1722117708829\" style=\"text-align: left;\" ><span class=\"colored\" style=\"color: #ffffff;\">WARTUNGSTECHNIKER (M\/W)<\/span><\/div><style type=\"text\/css\">#thegem-heading-69fe0e12bb343 {margin: 0;}#thegem-heading-69fe0e12bb343 a:hover, #thegem-heading-69fe0e12bb343 a:hover span.colored {color: var(--thegem-to-menu-level1-color-hover, #00BCD4) !important;}<\/style><\/div><style>@media screen and (max-width: 1023px) {.thegem-te-heading.thegem-custom-69fe0e12bb3b5206{display: block!important;}}@media screen and (max-width: 767px) {.thegem-te-heading.thegem-custom-69fe0e12bb3b5206{display: block!important;}}@media screen and (max-width: 1023px) {.thegem-te-heading.thegem-custom-69fe0e12bb3b5206{position: relative !important;}}@media screen and (max-width: 767px) {.thegem-te-heading.thegem-custom-69fe0e12bb3b5206{position: relative !important;}}<\/style><div class=\"gem-textbox \"  ><div class=\"gem-textbox-inner\" style=\"border-bottom-right-radius: 25px;border-bottom-left-radius: 25px;\"><div class=\"gem-textbox-content\" style=\"background-color: #ffffff;background-position: center top;padding-top: 25px;padding-bottom: 50px;padding-left: 55px;padding-right: 55px;\">[vc_tta_accordion style=&#8220;simple_solid&#8220; c_position=&#8220;right&#8220; active_section=&#8220;1&#8243; thegem_top_spacing=&#8220;10&#8243; thegem_bottom_spacing=&#8220;40&#8243; el_class=&#8220;custom-accordion&#8220;][vc_tta_section title=&#8220;Unbefristete Stelle &#8211; Saint Florentin (89)&#8220; tab_id=&#8220;1710756340490-9acc7b5f-c496b232-9b27&#8243;][vc_column_text css=&#8220;&#8220;]<strong>Sie sind f\u00fcr die vorbeugende und heilende Wartung der Produktionsmaschinen sowie f\u00fcr die Einhaltung der Vorschriften verantwortlich.<br \/>\nHierzu f\u00fchren Sie die folgenden Aufgaben aus: <\/strong><\/p>\n<ul>\n<li><strong>Erkennen<\/strong> von Fehlfunktionen und Durchf\u00fchrung von Reparaturdiagnosen,<\/li>\n<li><strong>Wartung und Verbesserung<\/strong> der mechanischen, pneumatischen, hydraulischen, elektrischen und sicherheitsrelevanten Elemente von Maschinen und Personen,<\/li>\n<li>Fehlerbehebung bei automatisierten Systemen (Elektrotechnik, Mechanik und Automatisierung)<strong>,<\/strong> <\/li>\n<li><strong>F\u00fchren Sie<\/strong> vorbeugende Wartungsarbeiten <strong>durch<\/strong> und aktualisieren Sie die technischen Daten,<\/li>\n<li><strong>Planung und \u00dcberwachung<\/strong> der Aktivit\u00e4ten von Lieferanten und Subunternehmern,<\/li>\n<li>Verwaltung der Ersatzteilbest\u00e4nde.<\/li>\n<\/ul>\n<p>  Sie haben eine Ausbildung in Elektrotechnik\/Industrieinstandhaltung und verf\u00fcgen \u00fcber Erfahrung als Wartungstechniker in einem industriellen Umfeld.<br \/>\nSie verf\u00fcgen \u00fcber Kenntnisse in den Bereichen Mechanik, Elektrik, Hydraulik und Pneumatik.<br \/>\nKenntnisse in Automatisierungstechnik sind ein Pluspunkt f\u00fcr Ihre Bewerbung.<br \/>\nDie Stelle ist in einer 3-Schicht organisiert.<br \/>\nIhre Selbstst\u00e4ndigkeit, Ihre Serviceorientierung und Ihre Genauigkeit werden Ihnen helfen, sich an diese entwicklungsf\u00e4hige Stelle und an dieses Unternehmen, das den Menschen in den Mittelpunkt seiner Strategie stellt, anzupassen.[\/vc_column_text][\/vc_tta_section][\/vc_tta_accordion]<\/div><\/div><\/div>[\/vc_column_inner][vc_column_inner width=&#8220;1\/2&#8243; css=&#8220;.vc_custom_1710758945949{padding-top: 0px !important;padding-left: 10px !important;}&#8220; mobile_padding_left=&#8220;21&#8243; mobile_padding_top=&#8220;50&#8243;]<div class=\"thegem-te-heading thegem-custom-69fe0e12bb8d69200\" ><div id=\"thegem-heading-69fe0e12bb878\" class=\"thegem-heading title-h3 color-title vc_custom_1722117761643\" style=\"text-align: left;\" ><span class=\"colored\" style=\"color: #ffffff;\">TECHNIKER (M\/W) IN DER ENTWICKLUNGSABTEILUNG<\/span><\/div><style type=\"text\/css\">#thegem-heading-69fe0e12bb878 {margin: 0;}#thegem-heading-69fe0e12bb878 a:hover, #thegem-heading-69fe0e12bb878 a:hover span.colored {color: var(--thegem-to-menu-level1-color-hover, #00BCD4) !important;}<\/style><\/div><style>@media screen and (max-width: 1023px) {.thegem-te-heading.thegem-custom-69fe0e12bb8d69200{display: block!important;}}@media screen and (max-width: 767px) {.thegem-te-heading.thegem-custom-69fe0e12bb8d69200{display: block!important;}}@media screen and (max-width: 1023px) {.thegem-te-heading.thegem-custom-69fe0e12bb8d69200{position: relative !important;}}@media screen and (max-width: 767px) {.thegem-te-heading.thegem-custom-69fe0e12bb8d69200{position: relative !important;}}<\/style><div class=\"gem-textbox \"  ><div class=\"gem-textbox-inner\" style=\"border-bottom-right-radius: 25px;border-bottom-left-radius: 25px;\"><div class=\"gem-textbox-content\" style=\"background-color: #ffffff;background-position: center top;padding-top: 25px;padding-bottom: 50px;padding-left: 55px;padding-right: 55px;\">[vc_tta_accordion style=&#8220;simple_solid&#8220; c_position=&#8220;right&#8220; active_section=&#8220;1&#8243; el_class=&#8220;custom-accordion&#8220; thegem_top_spacing=&#8220;10&#8243; thegem_bottom_spacing=&#8220;40&#8243;][vc_tta_section title=&#8220;CDI &#8211; Saint Florentin (89)&#8220; tab_id=&#8220;1710758104323-ac66d272-cb54b232-9b27&#8243;][vc_column_text css=&#8220;&#8220;]<strong>Sie sind dem Leiter der Entwicklungsabteilung unterstellt und bieten technische L\u00f6sungen f\u00fcr Kundenanfragen unter Ber\u00fccksichtigung der internen Kontrollm\u00f6glichkeiten.<br \/>\nHierzu f\u00fchren Sie die folgenden Aufgaben aus <\/strong><\/p>\n<ul>\n<li><strong>Unterst\u00fctzung<\/strong> der bestehenden Teams beim Aufbau technischer Kompetenzen,<\/li>\n<li><strong>Analysieren Sie<\/strong> die Baubeschreibungen und die Anfragen der Kunden,<\/li>\n<li><strong>Verwaltung<\/strong> von Arbeitsauftr\u00e4gen (Berechnung von RDM, PRI, &#8230;),<\/li>\n<li>Produkte <strong>anbieten<\/strong>, die diesen Anforderungen entsprechen,<\/li>\n<li><strong>Erstellung<\/strong> von technischen Unterlagen f\u00fcr spezifische Anfragen oder Pr\u00fcfungen von Organisationen,<\/li>\n<li><strong>Erstellen Sie<\/strong> die Montageanleitungen f\u00fcr die Produkte,<\/li>\n<li><strong>Verwaltung<\/strong> der Tabellen zur mechanischen Festigkeit unter Ber\u00fccksichtigung der Entwicklung der Normen.<\/li>\n<\/ul>\n<p>  Sie verf\u00fcgen \u00fcber eine technische Ausbildung (BTS CPI, DUT GMP, Licence Professionnelle&#8230;) und haben Erfahrung in einem Konstruktionsb\u00fcro f\u00fcr Mechanik und\/oder in der Konstruktion in einem industriellen Umfeld.<br \/>\nKenntnisse in der Metallbranche sowie Kenntnisse in Solidworks oder Catia sind von Vorteil.<br \/>\nJe nach Ihrer Erfahrung und Ihren F\u00e4higkeiten kann sich diese Stelle in dieser Abteilung mit 12 Mitarbeitern schnell weiterentwickeln.<br \/>\nIhre Genauigkeit, Ihr Engagement und Ihre Selbst\u00e4ndigkeit werden es Ihnen erm\u00f6glichen, sich an diese neue Stelle und an dieses Unternehmen, das den Menschen in den Mittelpunkt seiner Strategie stellt, anzupassen.[\/vc_column_text][\/vc_tta_section][\/vc_tta_accordion]<\/div><\/div><\/div>[\/vc_column_inner][\/vc_row_inner][\/vc_column][\/vc_row]<\/p>\n<\/div>","protected":false},"excerpt":{"rendered":"<p>[vc_row full_width=&#8220;stretch_row&#8220; css=&#8220;.vc_custom_1722118073391{margin-bottom: 0px !important;background-color: #dddddd !important;background-position: center !important;background-repeat: no-repeat !important;background-size: cover !important;}&#8220; custom_css_code=&#8220;LmNvbG9yLXRpdGxlJTIwJTdCJTBBJTIwJTIwJTIwJTIwYm9yZGVyLXRvcC1sZWZ0LXJhZGl1cyUzQSUyMDI1cHglM0IlMEElMjAlMjAlMjAlMjBib3JkZXItdG9wLXJpZ2h0LXJhZGl1cyUzQSUyMDI1cHglM0IlMEElN0QlMEEuZ2VtLXRleHRib3glMjAlN0IlMEElMjAlMjAlMjAlMjBtYXJnaW4tYm90dG9tJTNBJTIwMCUyMWltcG9ydGFudCUzQiUwQSU3RCUwQS5jdXN0b20tYWNjb3JkaW9uJTIwLnZjX3R0YS1wYW5lbC52Y19hY3RpdmUlMjAudmNfdHRhLXRpdGxlLXRleHQlMjAlN0IlMEElMjAlMjAlMjAlMjBsZXR0ZXItc3BhY2luZyUzQSUyMDAlMjFpbXBvcnRhbnQlM0IlMEElN0QlMEEuY3VzdG9tLWFjY29yZGlvbiUyMC52Y190dGEtcGFuZWwudmNfYWN0aXZlJTIwLnZjX3R0YS10aXRsZS10ZXh0JTJDJTBBLmN1c3RvbS1hY2NvcmRpb24lMjAudmNfdHRhLXRpdGxlLXRleHQlMjAlN0IlMEElMjAlMjAlMjAlMjB0ZXh0LXRyYW5zZm9ybSUzQSUyMG5vbmUlM0IlMEElMjAlMjAlMjAlMjBmb250LXNpemUlM0ElMjAxNnB4JTNCJTBBJTdEJTBBLmN1c3RvbS1hY2NvcmRpb24lMjAudmNfdHRhLWNvbnRyb2xzLWljb24lM0ElM0FiZWZvcmUlMkMlMEEuY3VzdG9tLWFjY29yZGlvbiUyMC52Y190dGEtY29udHJvbHMtaWNvbiUzQSUzQWFmdGVyJTdCJTBBJTIwJTIwJTIwJTIwYm9yZGVyLWNvbG9yJTNBJTIwJTIzM2MzOTUwJTIxaW1wb3J0YW50JTNCJTBBJTIwJTIwJTIwJTIwY29sb3IlM0ElMjAlMjMzYzM5NTAlMjFpbXBvcnRhbnQlM0IlMEElN0Q=&#8220;][vc_column css=&#8220;.vc_custom_1722118445077{padding-top: 75px !important;padding-bottom: 120px !important;}&#8220; tablet_padding_top=&#8220;75&#8243;&#8230;<\/p>\n","protected":false},"author":1,"featured_media":0,"parent":0,"menu_order":0,"comment_status":"closed","ping_status":"closed","template":"","meta":{"_acf_changed":false,"footnotes":""},"class_list":["post-15292","page","type-page","status-publish"],"acf":[],"yoast_head":"<!-- This site is optimized with the Yoast SEO plugin v26.4 - https:\/\/yoast.com\/wordpress\/plugins\/seo\/ -->\r\n<title>Wie Sie uns erreichen - Conimast<\/title>\r\n<meta name=\"robots\" content=\"index, follow, max-snippet:-1, max-image-preview:large, max-video-preview:-1\" \/>\r\n<link rel=\"canonical\" href=\"https:\/\/www.conimast.fr\/nous-rejoindre\/\" \/>\r\n<meta property=\"og:locale\" content=\"de_DE\" \/>\r\n<meta property=\"og:type\" content=\"article\" \/>\r\n<meta property=\"og:title\" content=\"Wie Sie uns erreichen - Conimast\" \/>\r\n<meta property=\"og:description\" content=\"[vc_row full_width=&#8220;stretch_row&#8220; css=&#8220;.vc_custom_1722118073391{margin-bottom: 0px !important;background-color: #dddddd !important;background-position: center !important;background-repeat: no-repeat !important;background-size: cover !important;}&#8220; custom_css_code=&#8220;LmNvbG9yLXRpdGxlJTIwJTdCJTBBJTIwJTIwJTIwJTIwYm9yZGVyLXRvcC1sZWZ0LXJhZGl1cyUzQSUyMDI1cHglM0IlMEElMjAlMjAlMjAlMjBib3JkZXItdG9wLXJpZ2h0LXJhZGl1cyUzQSUyMDI1cHglM0IlMEElN0QlMEEuZ2VtLXRleHRib3glMjAlN0IlMEElMjAlMjAlMjAlMjBtYXJnaW4tYm90dG9tJTNBJTIwMCUyMWltcG9ydGFudCUzQiUwQSU3RCUwQS5jdXN0b20tYWNjb3JkaW9uJTIwLnZjX3R0YS1wYW5lbC52Y19hY3RpdmUlMjAudmNfdHRhLXRpdGxlLXRleHQlMjAlN0IlMEElMjAlMjAlMjAlMjBsZXR0ZXItc3BhY2luZyUzQSUyMDAlMjFpbXBvcnRhbnQlM0IlMEElN0QlMEEuY3VzdG9tLWFjY29yZGlvbiUyMC52Y190dGEtcGFuZWwudmNfYWN0aXZlJTIwLnZjX3R0YS10aXRsZS10ZXh0JTJDJTBBLmN1c3RvbS1hY2NvcmRpb24lMjAudmNfdHRhLXRpdGxlLXRleHQlMjAlN0IlMEElMjAlMjAlMjAlMjB0ZXh0LXRyYW5zZm9ybSUzQSUyMG5vbmUlM0IlMEElMjAlMjAlMjAlMjBmb250LXNpemUlM0ElMjAxNnB4JTNCJTBBJTdEJTBBLmN1c3RvbS1hY2NvcmRpb24lMjAudmNfdHRhLWNvbnRyb2xzLWljb24lM0ElM0FiZWZvcmUlMkMlMEEuY3VzdG9tLWFjY29yZGlvbiUyMC52Y190dGEtY29udHJvbHMtaWNvbiUzQSUzQWFmdGVyJTdCJTBBJTIwJTIwJTIwJTIwYm9yZGVyLWNvbG9yJTNBJTIwJTIzM2MzOTUwJTIxaW1wb3J0YW50JTNCJTBBJTIwJTIwJTIwJTIwY29sb3IlM0ElMjAlMjMzYzM5NTAlMjFpbXBvcnRhbnQlM0IlMEElN0Q=&#8220;][vc_column css=&#8220;.vc_custom_1722118445077{padding-top: 75px !important;padding-bottom: 120px !important;}&#8220; tablet_padding_top=&#8220;75&#8243;...\" \/>\r\n<meta property=\"og:url\" content=\"https:\/\/www.conimast.fr\/nous-rejoindre\/\" \/>\r\n<meta property=\"og:site_name\" content=\"Conimast\" \/>\r\n<meta property=\"article:modified_time\" content=\"2024-09-10T09:31:45+00:00\" \/>\r\n<meta name=\"twitter:card\" content=\"summary_large_image\" \/>\r\n<meta name=\"twitter:label1\" content=\"Gesch\u00e4tzte Lesezeit\" \/>\n\t<meta name=\"twitter:data1\" content=\"4\u00a0Minuten\" \/>\r\n<script type=\"application\/ld+json\" class=\"yoast-schema-graph\">{\"@context\":\"https:\/\/schema.org\",\"@graph\":[{\"@type\":\"WebPage\",\"@id\":\"https:\/\/www.conimast.fr\/nous-rejoindre\/\",\"url\":\"https:\/\/www.conimast.fr\/nous-rejoindre\/\",\"name\":\"Wie Sie uns erreichen - Conimast\",\"isPartOf\":{\"@id\":\"https:\/\/www.conimast.fr\/#website\"},\"datePublished\":\"2024-04-14T18:38:17+00:00\",\"dateModified\":\"2024-09-10T09:31:45+00:00\",\"breadcrumb\":{\"@id\":\"https:\/\/www.conimast.fr\/nous-rejoindre\/#breadcrumb\"},\"inLanguage\":\"de\",\"potentialAction\":[{\"@type\":\"ReadAction\",\"target\":[\"https:\/\/www.conimast.fr\/nous-rejoindre\/\"]}]},{\"@type\":\"BreadcrumbList\",\"@id\":\"https:\/\/www.conimast.fr\/nous-rejoindre\/#breadcrumb\",\"itemListElement\":[{\"@type\":\"ListItem\",\"position\":1,\"name\":\"Accueil\",\"item\":\"https:\/\/www.conimast.fr\/de\/\"},{\"@type\":\"ListItem\",\"position\":2,\"name\":\"Wie Sie uns erreichen\"}]},{\"@type\":\"WebSite\",\"@id\":\"https:\/\/www.conimast.fr\/#website\",\"url\":\"https:\/\/www.conimast.fr\/\",\"name\":\"Conimast\",\"description\":\"sp\u00e9cialiste du Mobilier urbain d&#039;\u00e9clairage\",\"potentialAction\":[{\"@type\":\"SearchAction\",\"target\":{\"@type\":\"EntryPoint\",\"urlTemplate\":\"https:\/\/www.conimast.fr\/?s={search_term_string}\"},\"query-input\":{\"@type\":\"PropertyValueSpecification\",\"valueRequired\":true,\"valueName\":\"search_term_string\"}}],\"inLanguage\":\"de\"}]}<\/script>\r\n<!-- \/ Yoast SEO plugin. -->","yoast_head_json":{"title":"Wie Sie uns erreichen - Conimast","robots":{"index":"index","follow":"follow","max-snippet":"max-snippet:-1","max-image-preview":"max-image-preview:large","max-video-preview":"max-video-preview:-1"},"canonical":"https:\/\/www.conimast.fr\/nous-rejoindre\/","og_locale":"de_DE","og_type":"article","og_title":"Wie Sie uns erreichen - Conimast","og_description":"[vc_row full_width=&#8220;stretch_row&#8220; css=&#8220;.vc_custom_1722118073391{margin-bottom: 0px !important;background-color: #dddddd !important;background-position: center !important;background-repeat: no-repeat !important;background-size: cover !important;}&#8220; custom_css_code=&#8220;LmNvbG9yLXRpdGxlJTIwJTdCJTBBJTIwJTIwJTIwJTIwYm9yZGVyLXRvcC1sZWZ0LXJhZGl1cyUzQSUyMDI1cHglM0IlMEElMjAlMjAlMjAlMjBib3JkZXItdG9wLXJpZ2h0LXJhZGl1cyUzQSUyMDI1cHglM0IlMEElN0QlMEEuZ2VtLXRleHRib3glMjAlN0IlMEElMjAlMjAlMjAlMjBtYXJnaW4tYm90dG9tJTNBJTIwMCUyMWltcG9ydGFudCUzQiUwQSU3RCUwQS5jdXN0b20tYWNjb3JkaW9uJTIwLnZjX3R0YS1wYW5lbC52Y19hY3RpdmUlMjAudmNfdHRhLXRpdGxlLXRleHQlMjAlN0IlMEElMjAlMjAlMjAlMjBsZXR0ZXItc3BhY2luZyUzQSUyMDAlMjFpbXBvcnRhbnQlM0IlMEElN0QlMEEuY3VzdG9tLWFjY29yZGlvbiUyMC52Y190dGEtcGFuZWwudmNfYWN0aXZlJTIwLnZjX3R0YS10aXRsZS10ZXh0JTJDJTBBLmN1c3RvbS1hY2NvcmRpb24lMjAudmNfdHRhLXRpdGxlLXRleHQlMjAlN0IlMEElMjAlMjAlMjAlMjB0ZXh0LXRyYW5zZm9ybSUzQSUyMG5vbmUlM0IlMEElMjAlMjAlMjAlMjBmb250LXNpemUlM0ElMjAxNnB4JTNCJTBBJTdEJTBBLmN1c3RvbS1hY2NvcmRpb24lMjAudmNfdHRhLWNvbnRyb2xzLWljb24lM0ElM0FiZWZvcmUlMkMlMEEuY3VzdG9tLWFjY29yZGlvbiUyMC52Y190dGEtY29udHJvbHMtaWNvbiUzQSUzQWFmdGVyJTdCJTBBJTIwJTIwJTIwJTIwYm9yZGVyLWNvbG9yJTNBJTIwJTIzM2MzOTUwJTIxaW1wb3J0YW50JTNCJTBBJTIwJTIwJTIwJTIwY29sb3IlM0ElMjAlMjMzYzM5NTAlMjFpbXBvcnRhbnQlM0IlMEElN0Q=&#8220;][vc_column css=&#8220;.vc_custom_1722118445077{padding-top: 75px !important;padding-bottom: 120px !important;}&#8220; tablet_padding_top=&#8220;75&#8243;...","og_url":"https:\/\/www.conimast.fr\/nous-rejoindre\/","og_site_name":"Conimast","article_modified_time":"2024-09-10T09:31:45+00:00","twitter_card":"summary_large_image","twitter_misc":{"Gesch\u00e4tzte Lesezeit":"4\u00a0Minuten"},"schema":{"@context":"https:\/\/schema.org","@graph":[{"@type":"WebPage","@id":"https:\/\/www.conimast.fr\/nous-rejoindre\/","url":"https:\/\/www.conimast.fr\/nous-rejoindre\/","name":"Wie Sie uns erreichen - Conimast","isPartOf":{"@id":"https:\/\/www.conimast.fr\/#website"},"datePublished":"2024-04-14T18:38:17+00:00","dateModified":"2024-09-10T09:31:45+00:00","breadcrumb":{"@id":"https:\/\/www.conimast.fr\/nous-rejoindre\/#breadcrumb"},"inLanguage":"de","potentialAction":[{"@type":"ReadAction","target":["https:\/\/www.conimast.fr\/nous-rejoindre\/"]}]},{"@type":"BreadcrumbList","@id":"https:\/\/www.conimast.fr\/nous-rejoindre\/#breadcrumb","itemListElement":[{"@type":"ListItem","position":1,"name":"Accueil","item":"https:\/\/www.conimast.fr\/de\/"},{"@type":"ListItem","position":2,"name":"Wie Sie uns erreichen"}]},{"@type":"WebSite","@id":"https:\/\/www.conimast.fr\/#website","url":"https:\/\/www.conimast.fr\/","name":"Conimast","description":"sp\u00e9cialiste du Mobilier urbain d&#039;\u00e9clairage","potentialAction":[{"@type":"SearchAction","target":{"@type":"EntryPoint","urlTemplate":"https:\/\/www.conimast.fr\/?s={search_term_string}"},"query-input":{"@type":"PropertyValueSpecification","valueRequired":true,"valueName":"search_term_string"}}],"inLanguage":"de"}]}},"_links":{"self":[{"href":"https:\/\/www.conimast.fr\/de\/wp-json\/wp\/v2\/pages\/15292","targetHints":{"allow":["GET"]}}],"collection":[{"href":"https:\/\/www.conimast.fr\/de\/wp-json\/wp\/v2\/pages"}],"about":[{"href":"https:\/\/www.conimast.fr\/de\/wp-json\/wp\/v2\/types\/page"}],"author":[{"embeddable":true,"href":"https:\/\/www.conimast.fr\/de\/wp-json\/wp\/v2\/users\/1"}],"replies":[{"embeddable":true,"href":"https:\/\/www.conimast.fr\/de\/wp-json\/wp\/v2\/comments?post=15292"}],"version-history":[{"count":1,"href":"https:\/\/www.conimast.fr\/de\/wp-json\/wp\/v2\/pages\/15292\/revisions"}],"predecessor-version":[{"id":16247,"href":"https:\/\/www.conimast.fr\/de\/wp-json\/wp\/v2\/pages\/15292\/revisions\/16247"}],"wp:attachment":[{"href":"https:\/\/www.conimast.fr\/de\/wp-json\/wp\/v2\/media?parent=15292"}],"curies":[{"name":"wp","href":"https:\/\/api.w.org\/{rel}","templated":true}]}}