{"id":15120,"date":"2024-04-12T10:49:00","date_gmt":"2024-04-12T08:49:00","guid":{"rendered":"https:\/\/www.conimast.fr\/die-meisten\/"},"modified":"2024-09-10T11:27:24","modified_gmt":"2024-09-10T09:27:24","slug":"die-meisten","status":"publish","type":"page","link":"https:\/\/www.conimast.fr\/de\/csr\/die-meisten\/","title":{"rendered":"Die meisten"},"content":{"rendered":"<div class=\"wpb-content-wrapper\"><p>[vc_row full_width=&#8220;stretch_row&#8220; css=&#8220;.vc_custom_1715280238905{padding-bottom: 60px !important;}&#8220;][vc_column]<div class=\"clearboth\"><\/div><style>#thegem-divider-69fb3a188e592 {margin-top: 60px !important;}<\/style><div id=\"thegem-divider-69fb3a188e592\" class=\"gem-divider  \" style=\"\" ><\/div>[vc_column_text css=&#8220;&#8220;]<\/p>\n<h3>unsere Ambitionen f\u00fcr morgen<\/h3>\n<p>[\/vc_column_text]<div class=\"clearboth\"><\/div><style>#thegem-divider-69fb3a188e6a0 {margin-top: -20px !important;}<\/style><div id=\"thegem-divider-69fb3a188e6a0\" class=\"gem-divider  \" style=\"\" ><\/div>[vc_column_text css=&#8220;&#8220;]<\/p>\n<h6><strong>Handeln Sie mit uns<\/strong><\/h6>\n<p>[\/vc_column_text][vc_row_inner][vc_column_inner width=&#8220;1\/2&#8243;]<div class=\"clearboth\"><\/div><style>#thegem-divider-69fb3a188e74b {margin-top: 25px !important;}<\/style><div id=\"thegem-divider-69fb3a188e74b\" class=\"gem-divider  \" style=\"\" ><\/div><div class=\"gem-image gem-wrapbox gem-wrapbox-style-default gem-wrapbox-position-below  thegem-custom-69fb3a188e7f74378\"  style=\"\" ><div class=\"gem-wrapbox-inner \" ><img class=\"gem-wrapbox-element img-responsive\" src=\"https:\/\/www.conimast.fr\/wp-content\/uploads\/2024\/05\/demain.jpg\" alt=\"\"\/><\/div><\/div>[\/vc_column_inner][vc_column_inner width=&#8220;1\/2&#8243;]<div class=\"clearboth\"><\/div><style>#thegem-divider-69fb3a188ec9e {margin-top: 40px !important;}<\/style><div id=\"thegem-divider-69fb3a188ec9e\" class=\"gem-divider  \" style=\"\" ><\/div>[vc_column_text css=&#8220;&#8220;]<strong>1.<\/strong><br \/> Wir m\u00f6chten die R\u00fcckkehr unserer Liefertouren nutzen, um eine echte Wertsch\u00f6pfungskette f\u00fcr ausgediente <strong>Masten<\/strong> im Recycling zu schaffen.<br \/>\nAnbringung einer Telefonnummer auf den Masten, um die Abholung an einem Sammelpunkt anzuk\u00fcndigen.[\/vc_column_text][vc_separator css=&#8220;.vc_custom_1715277941456{background-color: #5f727f !important;}&#8220;][vc_column_text css=&#8220;&#8220;]<strong>2. VERMEIDUNG VON NICHT RECYCELBAREN ABF\u00c4LLEN F\u00dcR UNSERE VERPACKUNGEN<\/strong><br \/>.<br \/>\nDie Transportstoffe bestehen bereits aus recycelten und wiederverwertbaren Materialien.<br \/>.<br \/>\nErsetzen der PE-Schutzwinkel durch einen Schutz aus recyceltem und recycelbarem Karton.[\/vc_column_text][\/vc_column_inner][\/vc_row_inner][\/vc_column][\/vc_row]<\/p>\n<\/div>","protected":false},"excerpt":{"rendered":"<p>[vc_row full_width=&#8220;stretch_row&#8220; css=&#8220;.vc_custom_1715280238905{padding-bottom: 60px !important;}&#8220;][vc_column][vc_column_text css=&#8220;&#8220;] unsere Ambitionen f\u00fcr morgen [\/vc_column_text][vc_column_text css=&#8220;&#8220;] Handeln Sie mit uns [\/vc_column_text][vc_row_inner][vc_column_inner width=&#8220;1\/2&#8243;][\/vc_column_inner][vc_column_inner width=&#8220;1\/2&#8243;][vc_column_text css=&#8220;&#8220;]1&#8230;.<\/p>\n","protected":false},"author":1,"featured_media":0,"parent":15485,"menu_order":0,"comment_status":"closed","ping_status":"closed","template":"","meta":{"_acf_changed":false,"footnotes":""},"class_list":["post-15120","page","type-page","status-publish"],"acf":[],"yoast_head":"<!-- This site is optimized with the Yoast SEO plugin v26.4 - https:\/\/yoast.com\/wordpress\/plugins\/seo\/ -->\r\n<title>Die meisten - Conimast<\/title>\r\n<meta name=\"robots\" content=\"index, follow, max-snippet:-1, max-image-preview:large, max-video-preview:-1\" \/>\r\n<link rel=\"canonical\" href=\"https:\/\/www.conimast.fr\/responsabilite-sociale-et-environnementale\/les-plus\/\" \/>\r\n<meta property=\"og:locale\" content=\"de_DE\" \/>\r\n<meta property=\"og:type\" content=\"article\" \/>\r\n<meta property=\"og:title\" content=\"Die meisten - Conimast\" \/>\r\n<meta property=\"og:description\" content=\"[vc_row full_width=&#8220;stretch_row&#8220; css=&#8220;.vc_custom_1715280238905{padding-bottom: 60px !important;}&#8220;][vc_column][vc_column_text css=&#8220;&#8220;] unsere Ambitionen f\u00fcr morgen [\/vc_column_text][vc_column_text css=&#8220;&#8220;] Handeln Sie mit uns [\/vc_column_text][vc_row_inner][vc_column_inner width=&#8220;1\/2&#8243;][\/vc_column_inner][vc_column_inner width=&#8220;1\/2&#8243;][vc_column_text css=&#8220;&#8220;]1....\" \/>\r\n<meta property=\"og:url\" content=\"https:\/\/www.conimast.fr\/responsabilite-sociale-et-environnementale\/les-plus\/\" \/>\r\n<meta property=\"og:site_name\" content=\"Conimast\" \/>\r\n<meta property=\"article:modified_time\" content=\"2024-09-10T09:27:24+00:00\" \/>\r\n<meta name=\"twitter:card\" content=\"summary_large_image\" \/>\r\n<meta name=\"twitter:label1\" content=\"Gesch\u00e4tzte Lesezeit\" \/>\n\t<meta name=\"twitter:data1\" content=\"1\u00a0Minute\" \/>\r\n<script type=\"application\/ld+json\" class=\"yoast-schema-graph\">{\"@context\":\"https:\/\/schema.org\",\"@graph\":[{\"@type\":\"WebPage\",\"@id\":\"https:\/\/www.conimast.fr\/responsabilite-sociale-et-environnementale\/les-plus\/\",\"url\":\"https:\/\/www.conimast.fr\/responsabilite-sociale-et-environnementale\/les-plus\/\",\"name\":\"Die meisten - Conimast\",\"isPartOf\":{\"@id\":\"https:\/\/www.conimast.fr\/#website\"},\"datePublished\":\"2024-04-12T08:49:00+00:00\",\"dateModified\":\"2024-09-10T09:27:24+00:00\",\"breadcrumb\":{\"@id\":\"https:\/\/www.conimast.fr\/responsabilite-sociale-et-environnementale\/les-plus\/#breadcrumb\"},\"inLanguage\":\"de\",\"potentialAction\":[{\"@type\":\"ReadAction\",\"target\":[\"https:\/\/www.conimast.fr\/responsabilite-sociale-et-environnementale\/les-plus\/\"]}]},{\"@type\":\"BreadcrumbList\",\"@id\":\"https:\/\/www.conimast.fr\/responsabilite-sociale-et-environnementale\/les-plus\/#breadcrumb\",\"itemListElement\":[{\"@type\":\"ListItem\",\"position\":1,\"name\":\"Accueil\",\"item\":\"https:\/\/www.conimast.fr\/de\/\"},{\"@type\":\"ListItem\",\"position\":2,\"name\":\"CSR\",\"item\":\"https:\/\/www.conimast.fr\/de\/csr\/\"},{\"@type\":\"ListItem\",\"position\":3,\"name\":\"Die meisten\"}]},{\"@type\":\"WebSite\",\"@id\":\"https:\/\/www.conimast.fr\/#website\",\"url\":\"https:\/\/www.conimast.fr\/\",\"name\":\"Conimast\",\"description\":\"sp\u00e9cialiste du Mobilier urbain d&#039;\u00e9clairage\",\"potentialAction\":[{\"@type\":\"SearchAction\",\"target\":{\"@type\":\"EntryPoint\",\"urlTemplate\":\"https:\/\/www.conimast.fr\/?s={search_term_string}\"},\"query-input\":{\"@type\":\"PropertyValueSpecification\",\"valueRequired\":true,\"valueName\":\"search_term_string\"}}],\"inLanguage\":\"de\"}]}<\/script>\r\n<!-- \/ Yoast SEO plugin. -->","yoast_head_json":{"title":"Die meisten - Conimast","robots":{"index":"index","follow":"follow","max-snippet":"max-snippet:-1","max-image-preview":"max-image-preview:large","max-video-preview":"max-video-preview:-1"},"canonical":"https:\/\/www.conimast.fr\/responsabilite-sociale-et-environnementale\/les-plus\/","og_locale":"de_DE","og_type":"article","og_title":"Die meisten - Conimast","og_description":"[vc_row full_width=&#8220;stretch_row&#8220; css=&#8220;.vc_custom_1715280238905{padding-bottom: 60px !important;}&#8220;][vc_column][vc_column_text css=&#8220;&#8220;] unsere Ambitionen f\u00fcr morgen [\/vc_column_text][vc_column_text css=&#8220;&#8220;] Handeln Sie mit uns [\/vc_column_text][vc_row_inner][vc_column_inner width=&#8220;1\/2&#8243;][\/vc_column_inner][vc_column_inner width=&#8220;1\/2&#8243;][vc_column_text css=&#8220;&#8220;]1....","og_url":"https:\/\/www.conimast.fr\/responsabilite-sociale-et-environnementale\/les-plus\/","og_site_name":"Conimast","article_modified_time":"2024-09-10T09:27:24+00:00","twitter_card":"summary_large_image","twitter_misc":{"Gesch\u00e4tzte Lesezeit":"1\u00a0Minute"},"schema":{"@context":"https:\/\/schema.org","@graph":[{"@type":"WebPage","@id":"https:\/\/www.conimast.fr\/responsabilite-sociale-et-environnementale\/les-plus\/","url":"https:\/\/www.conimast.fr\/responsabilite-sociale-et-environnementale\/les-plus\/","name":"Die meisten - Conimast","isPartOf":{"@id":"https:\/\/www.conimast.fr\/#website"},"datePublished":"2024-04-12T08:49:00+00:00","dateModified":"2024-09-10T09:27:24+00:00","breadcrumb":{"@id":"https:\/\/www.conimast.fr\/responsabilite-sociale-et-environnementale\/les-plus\/#breadcrumb"},"inLanguage":"de","potentialAction":[{"@type":"ReadAction","target":["https:\/\/www.conimast.fr\/responsabilite-sociale-et-environnementale\/les-plus\/"]}]},{"@type":"BreadcrumbList","@id":"https:\/\/www.conimast.fr\/responsabilite-sociale-et-environnementale\/les-plus\/#breadcrumb","itemListElement":[{"@type":"ListItem","position":1,"name":"Accueil","item":"https:\/\/www.conimast.fr\/de\/"},{"@type":"ListItem","position":2,"name":"CSR","item":"https:\/\/www.conimast.fr\/de\/csr\/"},{"@type":"ListItem","position":3,"name":"Die meisten"}]},{"@type":"WebSite","@id":"https:\/\/www.conimast.fr\/#website","url":"https:\/\/www.conimast.fr\/","name":"Conimast","description":"sp\u00e9cialiste du Mobilier urbain d&#039;\u00e9clairage","potentialAction":[{"@type":"SearchAction","target":{"@type":"EntryPoint","urlTemplate":"https:\/\/www.conimast.fr\/?s={search_term_string}"},"query-input":{"@type":"PropertyValueSpecification","valueRequired":true,"valueName":"search_term_string"}}],"inLanguage":"de"}]}},"_links":{"self":[{"href":"https:\/\/www.conimast.fr\/de\/wp-json\/wp\/v2\/pages\/15120","targetHints":{"allow":["GET"]}}],"collection":[{"href":"https:\/\/www.conimast.fr\/de\/wp-json\/wp\/v2\/pages"}],"about":[{"href":"https:\/\/www.conimast.fr\/de\/wp-json\/wp\/v2\/types\/page"}],"author":[{"embeddable":true,"href":"https:\/\/www.conimast.fr\/de\/wp-json\/wp\/v2\/users\/1"}],"replies":[{"embeddable":true,"href":"https:\/\/www.conimast.fr\/de\/wp-json\/wp\/v2\/comments?post=15120"}],"version-history":[{"count":1,"href":"https:\/\/www.conimast.fr\/de\/wp-json\/wp\/v2\/pages\/15120\/revisions"}],"predecessor-version":[{"id":16240,"href":"https:\/\/www.conimast.fr\/de\/wp-json\/wp\/v2\/pages\/15120\/revisions\/16240"}],"up":[{"embeddable":true,"href":"https:\/\/www.conimast.fr\/de\/wp-json\/wp\/v2\/pages\/15485"}],"wp:attachment":[{"href":"https:\/\/www.conimast.fr\/de\/wp-json\/wp\/v2\/media?parent=15120"}],"curies":[{"name":"wp","href":"https:\/\/api.w.org\/{rel}","templated":true}]}}