{"id":15119,"date":"2024-04-12T10:50:11","date_gmt":"2024-04-12T08:50:11","guid":{"rendered":"https:\/\/www.conimast.fr\/die-vorgehensweise\/"},"modified":"2024-09-05T11:58:05","modified_gmt":"2024-09-05T09:58:05","slug":"die-vorgehensweise","status":"publish","type":"page","link":"https:\/\/www.conimast.fr\/de\/csr\/die-vorgehensweise\/","title":{"rendered":"Die Vorgehensweise"},"content":{"rendered":"<div class=\"wpb-content-wrapper\"><p>[vc_row css=&#8220;.vc_custom_1511178027038{margin-bottom: 0px !important;}&#8220;][vc_column]<div class=\"clearboth\"><\/div><style>#thegem-divider-69fb483f54764 {margin-top: 60px !important;}<\/style><div id=\"thegem-divider-69fb483f54764\" class=\"gem-divider  \" style=\"\" ><\/div>[vc_column_text css=&#8220;.vc_custom_1715277531070{margin-top: -12px !important;}&#8220;]<\/p>\n<div class=\"title-h2\" style=\"text-align: left; margin-bottom: 20px;\">conimast w\u00e4hlen&#8230;<\/div>\n<div style=\"width: 55px; height: 3px; background: #fbc300; text-indent: 9999px;\">1<\/div>\n<p>[\/vc_column_text]<div class=\"clearboth\"><\/div><style>#thegem-divider-69fb483f5486c {margin-top: 40px !important;}<\/style><div id=\"thegem-divider-69fb483f5486c\" class=\"gem-divider  \" style=\"\" ><\/div>[\/vc_column][\/vc_row][vc_row][vc_column width=&#8220;1\/2&#8243;]<div class=\"gem-image gem-wrapbox gem-wrapbox-style-default gem-wrapbox-position-below  thegem-custom-69fb483f5491e6694\"  style=\"\" ><div class=\"gem-wrapbox-inner \" ><img class=\"gem-wrapbox-element img-responsive\" src=\"https:\/\/www.conimast.fr\/wp-content\/uploads\/2024\/05\/conimast-approche.jpg\" alt=\"\"\/><\/div><\/div>[\/vc_column][vc_column width=&#8220;1\/2&#8243;]<div class=\"gem-list\" ><ul>\n<li><strong>Es bedeutet, ein Unternehmen zu w\u00e4hlen, das in seinem Gebiet verwurzelt ist,<\/strong> sich seiner Verantwortung voll bewusst ist und sich um seine \u00f6kologischen und wirtschaftlichen \u00d6kosysteme sorgt.<\/li>\n<li><strong>Es ist franz\u00f6sisch zu kaufen<\/strong><\/li>\n<li><strong>Sie arbeiten mit einem der wenigen franz\u00f6sischen Unternehmen zusammen, das die gesamte Fertigung an einem Standort integriert:<\/strong> von der Stahlrolle bis zum Mast, der auf Ihre Baustelle geliefert wird.<br \/>\nWeniger Transport, weniger Transfers, weniger CO2! <\/li>\n<\/ul>\n<\/div><div class=\"gem-image gem-wrapbox gem-wrapbox-style-default gem-wrapbox-position-below  thegem-custom-69fb483f54ef51209\"  style=\"\" ><div class=\"gem-wrapbox-inner \" ><img class=\"gem-wrapbox-element img-responsive\" src=\"https:\/\/www.conimast.fr\/wp-content\/uploads\/2024\/05\/french-fab.jpg\" alt=\"\"\/><\/div><\/div><div style='background-color: #f2f8fc; color: #2c2c2c; '  class=\"gem-quote gem-quote-style-1 gem-quote-no-paddings custom-color-blockqute-mark-added\" ><blockquote style='color: #2c2c2c ; border-color:  ' ><\/p>\n<div class=\"title-h5\">Nous ne faisons pas que planter des arbres, nous agissons !<\/div>\n<p><\/blockquote><span style=color:#fbcf00;  class=\"custom-color-blockqute-mark\">&#xe60c;<\/span><\/div>[\/vc_column][\/vc_row][vc_row full_width=&#8220;stretch_row&#8220; css=&#8220;.vc_custom_1715277600707{padding-bottom: 60px !important;background-color: #f2f8fc !important;}&#8220;][vc_column]<div class=\"clearboth\"><\/div><style>#thegem-divider-69fb483f553b3 {margin-top: 25px !important;}<\/style><div id=\"thegem-divider-69fb483f553b3\" class=\"gem-divider  \" style=\"\" ><\/div>[vc_column_text css=&#8220;&#8220;]<\/p>\n<h4>Eine strategische Entscheidung, die von einer \u00dcberzeugung getragen wird<\/h4>\n<p>[\/vc_column_text][vc_row_inner][vc_column_inner width=&#8220;1\/3&#8243;]<div class=\"clearboth\"><\/div><style>#thegem-divider-69fb483f5545c {margin-top: 25px !important;}<\/style><div id=\"thegem-divider-69fb483f5545c\" class=\"gem-divider  \" style=\"\" ><\/div><div class=\"gem-image gem-wrapbox gem-wrapbox-style-default gem-wrapbox-position-below  thegem-custom-69fb483f554fe6601\"  style=\"\" ><div class=\"gem-wrapbox-inner \" ><img class=\"gem-wrapbox-element img-responsive\" src=\"https:\/\/www.conimast.fr\/wp-content\/uploads\/2024\/05\/realisation-conimast.jpg\" alt=\"\"\/><\/div><\/div>[\/vc_column_inner][vc_column_inner width=&#8220;2\/3&#8243;]<div class=\"clearboth\"><\/div><style>#thegem-divider-69fb483f558d4 {margin-top: 35px !important;}<\/style><div id=\"thegem-divider-69fb483f558d4\" class=\"gem-divider  \" style=\"\" ><\/div>[vc_column_text css=&#8220;&#8220;]<strong>Es ist einfach, sich zu entlasten und ein gutes Gewissen<\/strong><strong>zu<\/strong> <strong>erwerben.<\/strong>&gt;  alles in -&gt;  nicht versucht, seine Emissionen zu bek\u00e4mpfen<br \/>\n<strong>Vergabe von Unterauftr\u00e4gen<\/strong> &#8211; &gt;  in -&gt;  seine Subunternehmer nicht \u00fcberwacht<br \/>\n<strong>Kauf von Verschmutzungsrechten<\/strong>  &gt;  alles in -&gt;  Wettbewerbsverzerrungen verursachen<br \/>\n<strong>Sich vor der Verantwortung dr\u00fccken<\/strong>  &gt;  alles in -&gt;  dort produzieren zu lassen, wo die Standards am niedrigsten sind.<br \/>\n<strong>die Kosten zu senken<\/strong>  &gt;  alles in -&gt;  zum niedrigsten Preis einkaufen[\/vc_column_text][vc_column_text css=&#8220;&#8220;]<strong>Kurz gesagt, die Vergabe von Unterauftr\u00e4gen erm\u00f6glicht es, sich von den Problemen der eigenen Verantwortung zu befreien und eine gr\u00fcne Bilanz zu geringeren Kosten vorzulegen. <\/strong> Die<strong> France Galva<\/strong> Group hat seit vielen Jahren einen <strong>kontinuierlichen Prozess zur Verbesserung ihrer Umweltauswirkungen<\/strong> und eine<strong> strenge \u00dcberwachung der geltenden Normen<\/strong> eingef\u00fchrt<strong>.<\/strong> Jeder Standort, ob mit 20 oder 250 Mitarbeitern, hat einen Verantwortlichen f\u00fcr Qualit\u00e4t, Sicherheit und Umwelt in seinem Managementteam, um die lokalen Probleme genau zu erfassen.[\/vc_column_text]<div class=\"clearboth\"><\/div><style>#thegem-divider-69fb483f55978 {margin-top: 25px !important;}<\/style><div id=\"thegem-divider-69fb483f55978\" class=\"gem-divider  \" style=\"\" ><\/div>[vc_separator css=&#8220;.vc_custom_1715277941456{background-color: #5f727f !important;}&#8220;]<div class=\"clearboth\"><\/div><style>#thegem-divider-69fb483f55a17 {margin-top: 25px !important;}<\/style><div id=\"thegem-divider-69fb483f55a17\" class=\"gem-divider  \" style=\"\" ><\/div>[vc_column_text css=&#8220;&#8220;]Das Supportteam in der Zentrale besteht aus 5 Personen. <img class=\"size-full wp-image-4325 alignleft\" src=\"https:\/\/www.conimast.fr\/wp-content\/uploads\/2024\/05\/normes-iso.jpg\" alt=\"\" width=\"218\" height=\"82\"><strong>Unsere Standards: <\/strong>Diese Standards und die vollst\u00e4ndige Kontrolle \u00fcber die Produktion der Kandelaber, vom Blech bis zum Mast, verpflichten uns zur Einhaltung der strengsten ethisch-deontologischen Grunds\u00e4tze.[\/vc_column_text][\/vc_column_inner][\/vc_row_inner][\/vc_column][\/vc_row][vc_row][vc_column width=&#8220;1\/2&#8243;][vc_column_text css=&#8220;&#8220;]<\/p>\n<h4>unsere Fertigungslinie f\u00fcr Masten<\/h4>\n<p>[\/vc_column_text]<div class=\"clearboth\"><\/div><style>#thegem-divider-69fb483f55ab2 {margin-top: 30px !important;}<\/style><div id=\"thegem-divider-69fb483f55ab2\" class=\"gem-divider  \" style=\"\" ><\/div><div class=\"gem-image gem-wrapbox gem-wrapbox-style-default gem-wrapbox-position-below  thegem-custom-69fb483f55b4f3816\"  style=\"\" ><div class=\"gem-wrapbox-inner \" ><img class=\"gem-wrapbox-element img-responsive\" src=\"https:\/\/www.conimast.fr\/wp-content\/uploads\/2024\/05\/ligne-de-fabrication-de-mats-2.jpg\" alt=\"\"\/><\/div><\/div>[\/vc_column][vc_column width=&#8220;1\/2&#8243;][vc_column_text css=&#8220;&#8220;]<\/p>\n<h5>1. Stahlcoils<\/h5>\n<p>[\/vc_column_text][vc_column_text css=&#8220;&#8220;]Der Stahl stammt von Arcelor Mittal oder seinen franz\u00f6sischen Tochtergesellschaften 2 (Quellen: Regeln und Verpflichtung der Lieferanten).[\/vc_column_text][vc_separator css=&#8220;.vc_custom_1715277941456{background-color: #5f727f !important;}&#8220;][vc_column_text css=&#8220;&#8220;]<\/p>\n<h5>2. Abwickeln Richten<\/h5>\n<p>[\/vc_column_text][vc_column_text css=&#8220;&#8220;]Die Verwendung von h\u00f6herwertigem Stahl S235, HLE erm\u00f6glicht es, das Gewicht der Produkte zu begrenzen, indem die Dicke und die Konizit\u00e4t der Masten f\u00fcr sehr anspruchsvolle Gewichte und Windzonen angepasst werden.[\/vc_column_text][vc_separator css=&#8220;.vc_custom_1715277941456{background-color: #5f727f !important;}&#8220;][vc_column_text css=&#8220;&#8220;]<\/p>\n<h5>3. Spalten<\/h5>\n<p>[\/vc_column_text][vc_column_text css=&#8220;&#8220;]Computergest\u00fctzte Design- und Zeichnungssysteme optimieren die Abmessungen, um Verluste und Verschnitt zu begrenzen (Rentabilit\u00e4t und Preis).[\/vc_column_text][vc_separator css=&#8220;.vc_custom_1715277941456{background-color: #5f727f !important;}&#8220;][vc_column_text css=&#8220;&#8220;]<\/p>\n<h5>4. Schnitt durch die Trapezmuskeln<\/h5>\n<p>[\/vc_column_text][vc_column_text css=&#8220;&#8220;]Conimast ist mit einer automatischen Linie ausgestattet, um die Schr\u00e4gen an der Basis und an der Spitze der Masten zu entfernen, um die Nacharbeit und den Verschnitt zu begrenzen.[\/vc_column_text][vc_separator css=&#8220;.vc_custom_1715277941456{background-color: #5f727f !important;}&#8220;][vc_column_text css=&#8220;&#8220;]<\/p>\n<h5>5. Falz \/ Roboterlinie<\/h5>\n<p>[\/vc_column_text][vc_column_text css=&#8220;&#8220;]Conimast ist mit einer automatischen und robotergesteuerten Falzmaschine ausgestattet, um die Wiederholbarkeit und die Sicherheit der Mitarbeiter zu erh\u00f6hen.<br \/>\nDas Unternehmen arbeitet mit verschiedenen Recyclingunternehmen zusammen:   <strong>.<br \/>\nPour les chutes d\u2019acier : <\/strong>  DERICHEBOURG (89)  <strong>.<br \/>\nPour les huiles hydrauliques : <\/strong>  Firma YONNE RECYCLAGE (89) <strong>.<\/strong> <strong>F\u00fcr L\u00f6sungsmittel :<\/strong> SARP INDUSTRIE (78) Conimast verf\u00fcgt \u00fcber eine Yaskawa-Roboterlinie.[\/vc_column_text][vc_separator css=&#8220;.vc_custom_1715277941456{background-color: #5f727f !important;}&#8220;][vc_column_text css=&#8220;&#8220;]<\/p>\n<h5>6. Schwei\u00dfen (Chrom 6 wird aus dem Prozess verbannt)<\/h5>\n<p>[\/vc_column_text][vc_column_text css=&#8220;&#8220;]Durch Zusammenf\u00fchren und Schmelzen von Metall ohne Zusatzwerkstoff (Plasmatechnologie) 6 Oder durch Zusammenf\u00fchren und Zusatzwerkstoff (Unterflusstechnologie).<br \/>\nWiederaufnahme der Schwei\u00dfung.<br \/>\nLieferant f\u00fcr Schwei\u00dfdraht: SAF &#8211; Air liquide.[\/vc_column_text]<div class=\"clearboth\"><\/div><style>#thegem-divider-69fb483f55f95 {margin-top: 40px !important;}<\/style><div id=\"thegem-divider-69fb483f55f95\" class=\"gem-divider  \" style=\"\" ><\/div>[\/vc_column][\/vc_row][vc_row full_width=&#8220;stretch_row&#8220; css=&#8220;.vc_custom_1715277600707{padding-bottom: 60px !important;background-color: #f2f8fc !important;}&#8220;][vc_column]<div class=\"clearboth\"><\/div><style>#thegem-divider-69fb483f56035 {margin-top: 25px !important;}<\/style><div id=\"thegem-divider-69fb483f56035\" class=\"gem-divider  \" style=\"\" ><\/div>[vc_column_text css=&#8220;&#8220;]<\/p>\n<h4>Wir investieren in eine saubere und verantwortungsvolle Industrie<\/h4>\n<p>[\/vc_column_text][vc_row_inner][vc_column_inner width=&#8220;2\/3&#8243;]<div class=\"clearboth\"><\/div><style>#thegem-divider-69fb483f560ce {margin-top: 25px !important;}<\/style><div id=\"thegem-divider-69fb483f560ce\" class=\"gem-divider  \" style=\"\" ><\/div><div class=\"gem-image gem-wrapbox gem-wrapbox-style-default gem-wrapbox-position-below  thegem-custom-69fb483f561688509\"  style=\"\" ><div class=\"gem-wrapbox-inner \" ><img class=\"gem-wrapbox-element img-responsive\" src=\"https:\/\/www.conimast.fr\/wp-content\/uploads\/2024\/05\/ambitions.jpg\" alt=\"\"\/><\/div><\/div>[\/vc_column_inner][vc_column_inner width=&#8220;1\/3&#8243;]<div class=\"clearboth\"><\/div><style>#thegem-divider-69fb483f56e88 {margin-top: 40px !important;}<\/style><div id=\"thegem-divider-69fb483f56e88\" class=\"gem-divider  \" style=\"\" ><\/div>[vc_column_text css=&#8220;&#8220;]1. Unsere Galvanisierungsanlagen sind mit Wasseraufbereitungsanlagen ausgestattet.<\/p>\n<p>[\/vc_column_text][vc_separator css=&#8220;.vc_custom_1715277941456{background-color: #5f727f !important;}&#8220;][vc_column_text css=&#8220;&#8220;]2. Alle unsere Galvanikanlagen sind mit Rauchgasabsaugungen ausgestattet.[\/vc_column_text][vc_separator css=&#8220;.vc_custom_1715277941456{background-color: #5f727f !important;}&#8220;][vc_column_text css=&#8220;&#8220;]3. Die Schleifbereiche sind mit einer Absaugung ausgestattet, um den Zinkstaub zu entfernen.[\/vc_column_text]<div class=\"clearboth\"><\/div><style>#thegem-divider-69fb483f56f33 {margin-top: 15px !important;}<\/style><div id=\"thegem-divider-69fb483f56f33\" class=\"gem-divider  \" style=\"\" ><\/div>[vc_single_image image=&#8220;4395&#8243; img_size=&#8220;full&#8220; css=&#8220;&#8220;][\/vc_column_inner][\/vc_row_inner][\/vc_column][\/vc_row][vc_row full_width=&#8220;stretch_row&#8220; css=&#8220;.vc_custom_1715280238905{padding-bottom: 60px !important;}&#8220;][vc_column]<div class=\"clearboth\"><\/div><style>#thegem-divider-69fb483f56fd2 {margin-top: 25px !important;}<\/style><div id=\"thegem-divider-69fb483f56fd2\" class=\"gem-divider  \" style=\"\" ><\/div>[vc_column_text css=&#8220;&#8220;]<\/p>\n<h4>unsere Ambitionen f\u00fcr morgen<\/h4>\n<p>[\/vc_column_text]<div class=\"clearboth\"><\/div><style>#thegem-divider-69fb483f57077 {margin-top: -20px !important;}<\/style><div id=\"thegem-divider-69fb483f57077\" class=\"gem-divider  \" style=\"\" ><\/div>[vc_column_text css=&#8220;&#8220;]<\/p>\n<h6><strong>Handeln Sie mit uns<\/strong><\/h6>\n<p>[\/vc_column_text][vc_row_inner][vc_column_inner width=&#8220;1\/2&#8243;]<div class=\"clearboth\"><\/div><style>#thegem-divider-69fb483f57111 {margin-top: 25px !important;}<\/style><div id=\"thegem-divider-69fb483f57111\" class=\"gem-divider  \" style=\"\" ><\/div><div class=\"gem-image gem-wrapbox gem-wrapbox-style-default gem-wrapbox-position-below  thegem-custom-69fb483f571ad6555\"  style=\"\" ><div class=\"gem-wrapbox-inner \" ><img class=\"gem-wrapbox-element img-responsive\" src=\"https:\/\/www.conimast.fr\/wp-content\/uploads\/2024\/05\/demain.jpg\" alt=\"\"\/><\/div><\/div>[\/vc_column_inner][vc_column_inner width=&#8220;1\/2&#8243;]<div class=\"clearboth\"><\/div><style>#thegem-divider-69fb483f575e5 {margin-top: 40px !important;}<\/style><div id=\"thegem-divider-69fb483f575e5\" class=\"gem-divider  \" style=\"\" ><\/div>[vc_column_text css=&#8220;&#8220;]<strong>1.<\/strong> Wir m\u00f6chten die R\u00fcckkehr unserer Liefertouren nutzen, um eine echte Wertsch\u00f6pfungskette f\u00fcr <strong>ausgediente<\/strong> Masten zu schaffen, die dem Recycling zugef\u00fchrt werden.<br \/>\nAnbringung einer Telefonnummer auf den Masten, um die Abholung an einem Sammelpunkt anzuzeigen.[\/vc_column_text][vc_separator css=&#8220;.vc_custom_1715277941456{background-color: #5f727f !important;}&#8220;][vc_column_text css=&#8220;&#8220;]<strong>2. VERMEIDUNG VON NICHT RECYCELBAREN ABF\u00c4LLEN F\u00dcR UNSERE VERPACKUNGEN<\/strong>.<br \/>\nDie Transportstoffe bestehen bereits aus recycelten und wiederverwertbaren Materialien.<br \/>\n.<br \/>\nErsetzen der PE-Schutzwinkel durch einen Schutz aus recycelter und wiederverwertbarer Pappe.<\/p>\n<p>[\/vc_column_text][\/vc_column_inner][\/vc_row_inner][\/vc_column][\/vc_row]<\/p>\n<\/div>","protected":false},"excerpt":{"rendered":"<p>[vc_row css=&#8220;.vc_custom_1511178027038{margin-bottom: 0px !important;}&#8220;][vc_column][vc_column_text css=&#8220;.vc_custom_1715277531070{margin-top: -12px !important;}&#8220;] conimast w\u00e4hlen&#8230; 1 [\/vc_column_text][\/vc_column][\/vc_row][vc_row][vc_column width=&#8220;1\/2&#8243;][\/vc_column][vc_column width=&#8220;1\/2&#8243;][\/vc_column][\/vc_row][vc_row full_width=&#8220;stretch_row&#8220; css=&#8220;.vc_custom_1715277600707{padding-bottom: 60px !important;background-color: #f2f8fc !important;}&#8220;][vc_column][vc_column_text css=&#8220;&#8220;]&#8230;<\/p>\n","protected":false},"author":1,"featured_media":0,"parent":15485,"menu_order":0,"comment_status":"closed","ping_status":"closed","template":"","meta":{"_acf_changed":false,"footnotes":""},"class_list":["post-15119","page","type-page","status-publish"],"acf":[],"yoast_head":"<!-- This site is optimized with the Yoast SEO plugin v26.4 - https:\/\/yoast.com\/wordpress\/plugins\/seo\/ -->\r\n<title>Die Vorgehensweise - Conimast<\/title>\r\n<meta name=\"robots\" content=\"index, follow, max-snippet:-1, max-image-preview:large, max-video-preview:-1\" \/>\r\n<link rel=\"canonical\" href=\"https:\/\/www.conimast.fr\/responsabilite-sociale-et-environnementale\/la-demarche\/\" \/>\r\n<meta property=\"og:locale\" content=\"de_DE\" \/>\r\n<meta property=\"og:type\" content=\"article\" \/>\r\n<meta property=\"og:title\" content=\"Die Vorgehensweise - Conimast\" \/>\r\n<meta property=\"og:description\" content=\"[vc_row css=&#8220;.vc_custom_1511178027038{margin-bottom: 0px !important;}&#8220;][vc_column][vc_column_text css=&#8220;.vc_custom_1715277531070{margin-top: -12px !important;}&#8220;] conimast w\u00e4hlen&#8230; 1 [\/vc_column_text][\/vc_column][\/vc_row][vc_row][vc_column width=&#8220;1\/2&#8243;][\/vc_column][vc_column width=&#8220;1\/2&#8243;][\/vc_column][\/vc_row][vc_row full_width=&#8220;stretch_row&#8220; css=&#8220;.vc_custom_1715277600707{padding-bottom: 60px !important;background-color: #f2f8fc !important;}&#8220;][vc_column][vc_column_text css=&#8220;&#8220;]...\" \/>\r\n<meta property=\"og:url\" content=\"https:\/\/www.conimast.fr\/responsabilite-sociale-et-environnementale\/la-demarche\/\" \/>\r\n<meta property=\"og:site_name\" content=\"Conimast\" \/>\r\n<meta property=\"article:modified_time\" content=\"2024-09-05T09:58:05+00:00\" \/>\r\n<meta property=\"og:image\" content=\"https:\/\/www.conimast.fr\/wp-content\/uploads\/2024\/05\/normes-iso.jpg\" \/>\r\n<meta name=\"twitter:card\" content=\"summary_large_image\" \/>\r\n<meta name=\"twitter:label1\" content=\"Gesch\u00e4tzte Lesezeit\" \/>\n\t<meta name=\"twitter:data1\" content=\"6\u00a0Minuten\" \/>\r\n<script type=\"application\/ld+json\" class=\"yoast-schema-graph\">{\"@context\":\"https:\/\/schema.org\",\"@graph\":[{\"@type\":\"WebPage\",\"@id\":\"https:\/\/www.conimast.fr\/responsabilite-sociale-et-environnementale\/la-demarche\/\",\"url\":\"https:\/\/www.conimast.fr\/responsabilite-sociale-et-environnementale\/la-demarche\/\",\"name\":\"Die Vorgehensweise - Conimast\",\"isPartOf\":{\"@id\":\"https:\/\/www.conimast.fr\/#website\"},\"primaryImageOfPage\":{\"@id\":\"https:\/\/www.conimast.fr\/responsabilite-sociale-et-environnementale\/la-demarche\/#primaryimage\"},\"image\":{\"@id\":\"https:\/\/www.conimast.fr\/responsabilite-sociale-et-environnementale\/la-demarche\/#primaryimage\"},\"thumbnailUrl\":\"https:\/\/www.conimast.fr\/wp-content\/uploads\/2024\/05\/normes-iso.jpg\",\"datePublished\":\"2024-04-12T08:50:11+00:00\",\"dateModified\":\"2024-09-05T09:58:05+00:00\",\"breadcrumb\":{\"@id\":\"https:\/\/www.conimast.fr\/responsabilite-sociale-et-environnementale\/la-demarche\/#breadcrumb\"},\"inLanguage\":\"de\",\"potentialAction\":[{\"@type\":\"ReadAction\",\"target\":[\"https:\/\/www.conimast.fr\/responsabilite-sociale-et-environnementale\/la-demarche\/\"]}]},{\"@type\":\"ImageObject\",\"inLanguage\":\"de\",\"@id\":\"https:\/\/www.conimast.fr\/responsabilite-sociale-et-environnementale\/la-demarche\/#primaryimage\",\"url\":\"https:\/\/www.conimast.fr\/wp-content\/uploads\/2024\/05\/normes-iso.jpg\",\"contentUrl\":\"https:\/\/www.conimast.fr\/wp-content\/uploads\/2024\/05\/normes-iso.jpg\"},{\"@type\":\"BreadcrumbList\",\"@id\":\"https:\/\/www.conimast.fr\/responsabilite-sociale-et-environnementale\/la-demarche\/#breadcrumb\",\"itemListElement\":[{\"@type\":\"ListItem\",\"position\":1,\"name\":\"Accueil\",\"item\":\"https:\/\/www.conimast.fr\/de\/\"},{\"@type\":\"ListItem\",\"position\":2,\"name\":\"CSR\",\"item\":\"https:\/\/www.conimast.fr\/de\/csr\/\"},{\"@type\":\"ListItem\",\"position\":3,\"name\":\"Die Vorgehensweise\"}]},{\"@type\":\"WebSite\",\"@id\":\"https:\/\/www.conimast.fr\/#website\",\"url\":\"https:\/\/www.conimast.fr\/\",\"name\":\"Conimast\",\"description\":\"sp\u00e9cialiste du Mobilier urbain d&#039;\u00e9clairage\",\"potentialAction\":[{\"@type\":\"SearchAction\",\"target\":{\"@type\":\"EntryPoint\",\"urlTemplate\":\"https:\/\/www.conimast.fr\/?s={search_term_string}\"},\"query-input\":{\"@type\":\"PropertyValueSpecification\",\"valueRequired\":true,\"valueName\":\"search_term_string\"}}],\"inLanguage\":\"de\"}]}<\/script>\r\n<!-- \/ Yoast SEO plugin. -->","yoast_head_json":{"title":"Die Vorgehensweise - Conimast","robots":{"index":"index","follow":"follow","max-snippet":"max-snippet:-1","max-image-preview":"max-image-preview:large","max-video-preview":"max-video-preview:-1"},"canonical":"https:\/\/www.conimast.fr\/responsabilite-sociale-et-environnementale\/la-demarche\/","og_locale":"de_DE","og_type":"article","og_title":"Die Vorgehensweise - Conimast","og_description":"[vc_row css=&#8220;.vc_custom_1511178027038{margin-bottom: 0px !important;}&#8220;][vc_column][vc_column_text css=&#8220;.vc_custom_1715277531070{margin-top: -12px !important;}&#8220;] conimast w\u00e4hlen&#8230; 1 [\/vc_column_text][\/vc_column][\/vc_row][vc_row][vc_column width=&#8220;1\/2&#8243;][\/vc_column][vc_column width=&#8220;1\/2&#8243;][\/vc_column][\/vc_row][vc_row full_width=&#8220;stretch_row&#8220; css=&#8220;.vc_custom_1715277600707{padding-bottom: 60px !important;background-color: #f2f8fc !important;}&#8220;][vc_column][vc_column_text css=&#8220;&#8220;]...","og_url":"https:\/\/www.conimast.fr\/responsabilite-sociale-et-environnementale\/la-demarche\/","og_site_name":"Conimast","article_modified_time":"2024-09-05T09:58:05+00:00","og_image":[{"url":"https:\/\/www.conimast.fr\/wp-content\/uploads\/2024\/05\/normes-iso.jpg","type":"","width":"","height":""}],"twitter_card":"summary_large_image","twitter_misc":{"Gesch\u00e4tzte Lesezeit":"6\u00a0Minuten"},"schema":{"@context":"https:\/\/schema.org","@graph":[{"@type":"WebPage","@id":"https:\/\/www.conimast.fr\/responsabilite-sociale-et-environnementale\/la-demarche\/","url":"https:\/\/www.conimast.fr\/responsabilite-sociale-et-environnementale\/la-demarche\/","name":"Die Vorgehensweise - Conimast","isPartOf":{"@id":"https:\/\/www.conimast.fr\/#website"},"primaryImageOfPage":{"@id":"https:\/\/www.conimast.fr\/responsabilite-sociale-et-environnementale\/la-demarche\/#primaryimage"},"image":{"@id":"https:\/\/www.conimast.fr\/responsabilite-sociale-et-environnementale\/la-demarche\/#primaryimage"},"thumbnailUrl":"https:\/\/www.conimast.fr\/wp-content\/uploads\/2024\/05\/normes-iso.jpg","datePublished":"2024-04-12T08:50:11+00:00","dateModified":"2024-09-05T09:58:05+00:00","breadcrumb":{"@id":"https:\/\/www.conimast.fr\/responsabilite-sociale-et-environnementale\/la-demarche\/#breadcrumb"},"inLanguage":"de","potentialAction":[{"@type":"ReadAction","target":["https:\/\/www.conimast.fr\/responsabilite-sociale-et-environnementale\/la-demarche\/"]}]},{"@type":"ImageObject","inLanguage":"de","@id":"https:\/\/www.conimast.fr\/responsabilite-sociale-et-environnementale\/la-demarche\/#primaryimage","url":"https:\/\/www.conimast.fr\/wp-content\/uploads\/2024\/05\/normes-iso.jpg","contentUrl":"https:\/\/www.conimast.fr\/wp-content\/uploads\/2024\/05\/normes-iso.jpg"},{"@type":"BreadcrumbList","@id":"https:\/\/www.conimast.fr\/responsabilite-sociale-et-environnementale\/la-demarche\/#breadcrumb","itemListElement":[{"@type":"ListItem","position":1,"name":"Accueil","item":"https:\/\/www.conimast.fr\/de\/"},{"@type":"ListItem","position":2,"name":"CSR","item":"https:\/\/www.conimast.fr\/de\/csr\/"},{"@type":"ListItem","position":3,"name":"Die Vorgehensweise"}]},{"@type":"WebSite","@id":"https:\/\/www.conimast.fr\/#website","url":"https:\/\/www.conimast.fr\/","name":"Conimast","description":"sp\u00e9cialiste du Mobilier urbain d&#039;\u00e9clairage","potentialAction":[{"@type":"SearchAction","target":{"@type":"EntryPoint","urlTemplate":"https:\/\/www.conimast.fr\/?s={search_term_string}"},"query-input":{"@type":"PropertyValueSpecification","valueRequired":true,"valueName":"search_term_string"}}],"inLanguage":"de"}]}},"_links":{"self":[{"href":"https:\/\/www.conimast.fr\/de\/wp-json\/wp\/v2\/pages\/15119","targetHints":{"allow":["GET"]}}],"collection":[{"href":"https:\/\/www.conimast.fr\/de\/wp-json\/wp\/v2\/pages"}],"about":[{"href":"https:\/\/www.conimast.fr\/de\/wp-json\/wp\/v2\/types\/page"}],"author":[{"embeddable":true,"href":"https:\/\/www.conimast.fr\/de\/wp-json\/wp\/v2\/users\/1"}],"replies":[{"embeddable":true,"href":"https:\/\/www.conimast.fr\/de\/wp-json\/wp\/v2\/comments?post=15119"}],"version-history":[{"count":0,"href":"https:\/\/www.conimast.fr\/de\/wp-json\/wp\/v2\/pages\/15119\/revisions"}],"up":[{"embeddable":true,"href":"https:\/\/www.conimast.fr\/de\/wp-json\/wp\/v2\/pages\/15485"}],"wp:attachment":[{"href":"https:\/\/www.conimast.fr\/de\/wp-json\/wp\/v2\/media?parent=15119"}],"curies":[{"name":"wp","href":"https:\/\/api.w.org\/{rel}","templated":true}]}}