{"id":15095,"date":"2024-04-12T10:49:35","date_gmt":"2024-04-12T08:49:35","guid":{"rendered":"https:\/\/www.conimast.fr\/recycling\/"},"modified":"2024-09-24T15:44:34","modified_gmt":"2024-09-24T13:44:34","slug":"recycling","status":"publish","type":"page","link":"https:\/\/www.conimast.fr\/de\/csr\/recycling\/","title":{"rendered":"Recycling"},"content":{"rendered":"<div class=\"wpb-content-wrapper\"><p>[vc_row el_class=&#8220;st-dropcap&#8220;][vc_column width=&#8220;1\/2&#8243; offset=&#8220;vc_col-lg-6 vc_col-md-6 vc_col-xs-12&#8243;]<div class=\"clearboth\"><\/div><style>#thegem-divider-6a048de13f7b0 {margin-top: 80px !important;}<\/style><div id=\"thegem-divider-6a048de13f7b0\" class=\"gem-divider  \" style=\"\" ><\/div>[vc_single_image image=&#8220;4502&#8243; img_size=&#8220;full&#8220; css=&#8220;&#8220;][\/vc_column][vc_column width=&#8220;1\/2&#8243;]<div class=\"clearboth\"><\/div><style>#thegem-divider-6a048de13f892 {margin-top: 65px !important;}<\/style><div id=\"thegem-divider-6a048de13f892\" class=\"gem-divider  \" style=\"\" ><\/div>[vc_column_text css=&#8220;&#8220;]<\/p>\n<div class=\"title-h2\" style=\"text-align: left; margin-bottom: 20px;\">Sprechen Sie mit mir \u00fcber die CO2-Bilanz!<\/div>\n<div style=\"width: 55px; height: 3px; background: #fbc300; text-indent: 9999px;\">1<\/div>\n<p>[\/vc_column_text][vc_column_text css=&#8220;&#8220;]<\/p>\n<h4>Treibhausgasemissionen?<\/h4>\n<p>[\/vc_column_text]<div class=\"clearboth\"><\/div><style>#thegem-divider-6a048de13f93a {margin-top: 15px !important;}<\/style><div id=\"thegem-divider-6a048de13f93a\" class=\"gem-divider  \" style=\"\" ><\/div>[vc_column_text css=&#8220;&#8220;]<span style=\"color: #777777;\">GHG ist die Summe von sieben sogenannten Treibhausgasen, die direkt an der globalen Erw\u00e4rmung beteiligt sind. <\/span>[\/vc_column_text]<div class=\"clearboth\"><\/div><style>#thegem-divider-6a048de13f9df {margin-top: 30px !important;}<\/style><div id=\"thegem-divider-6a048de13f9df\" class=\"gem-divider  \" style=\"\" ><\/div><div class=\"gem-list lazy-loading gem-list-type-arrow\" ><ul>\n<li>(CO2) Kohlendioxid<\/li>\n<li>(CH4) Methan<\/li>\n<li>(N2O) Stickstoffhemioxid<\/li>\n<li>(FCKW) Fluorchlorkohlenwasserstoffe<\/li>\n<li>(HFC) teilhalogenierte Fluorkohlenwasserstoffe<\/li>\n<li>(PFC) Perfluorkohlenstoffe<\/li>\n<li>(SF6) Schwefelhexafluorid<\/li>\n<li>(NF3) Stickstofftrifluorid<\/li>\n<\/ul>\n<\/div><div class=\"clearboth\"><\/div><style>#thegem-divider-6a048de13fbc6 {margin-top: 60px !important;}<\/style><div id=\"thegem-divider-6a048de13fbc6\" class=\"gem-divider  \" style=\"\" ><\/div>[\/vc_column][\/vc_row][vc_row full_width=&#8220;stretch_row&#8220; css=&#8220;.vc_custom_1715348855866{margin-bottom: -1px !important;padding-bottom: 110px !important;background-image: url(https:\/\/www.conimast.fr\/wp-content\/uploads\/2024\/05\/foret.jpg?id=4564) !important;background-position: center !important;background-repeat: no-repeat !important;background-size: cover !important;}&#8220;][vc_column]<div class=\"clearboth\"><\/div><style>#thegem-divider-6a048de13fc65 {margin-top: 80px !important;}<\/style><div id=\"thegem-divider-6a048de13fc65\" class=\"gem-divider  \" style=\"\" ><\/div>[vc_tta_tabs style=&#8220;flat&#8220; color=&#8220;white&#8220; spacing=&#8220;5&#8243; active_section=&#8220;1&#8243;][vc_tta_section title=&#8220;SCOPE 1&#8243; tab_id=&#8220;1569497953741-ddaff051-d8a6d24f-1173&#8243;][vc_column_text css=&#8220;&#8220;]<\/p>\n<h5>DIREKTE EMISSION VON TREIBHAUSGASEN<\/h5>\n<p>[\/vc_column_text]<div class=\"clearboth\"><\/div><style>#thegem-divider-6a048de13fd06 {margin-top: 40px !important;}<\/style><div id=\"thegem-divider-6a048de13fd06\" class=\"gem-divider  \" style=\"\" ><\/div>[vc_row_inner][vc_column_inner width=&#8220;1\/3&#8243;][vc_single_image image=&#8220;4427&#8243; img_size=&#8220;300&#215;300&#8243; css=&#8220;&#8220;][\/vc_column_inner][vc_column_inner width=&#8220;2\/3&#8243;]<div class=\"gem-list\" ><ul>\n<li>Alle Sendungen direkt auf der Website des Unternehmens<\/li>\n<li>Beheizung des Zinkbadofens f\u00fcr die Feuerverzinkung<\/li>\n<li>Heizung der Lackieranlage, der chemischen Konversionsanlage, des Entgasungsofens, des Polymerisationsofens.<\/li>\n<li>Heizung der R\u00e4umlichkeiten<\/li>\n<li>Fass- und Sohlenschwei\u00dferlinie<\/li>\n<li>Elektrizit\u00e4t f\u00fcr die Produktionslinie, Spaltanlage, Abkantpressen<\/li>\n<li>Heizung und Klimatisierung von R\u00e4umen<\/li>\n<li>Computer und Server<\/li>\n<\/ul>\n<\/div>[\/vc_column_inner][\/vc_row_inner][\/vc_tta_section][vc_tta_section title=&#8220;SCOPE 2&#8243; tab_id=&#8220;1569498085968-49cc968c-f106d24f-1173&#8243;][vc_column_text css=&#8220;&#8220;]<\/p>\n<h5>Indirekte Treibhausgasemissionen aus Energietr\u00e4gern<\/h5>\n<p>[\/vc_column_text]<div class=\"clearboth\"><\/div><style>#thegem-divider-6a048de13feb2 {margin-top: 40px !important;}<\/style><div id=\"thegem-divider-6a048de13feb2\" class=\"gem-divider  \" style=\"\" ><\/div>[vc_row_inner][vc_column_inner width=&#8220;1\/3&#8243;][vc_single_image image=&#8220;3526&#8243; img_size=&#8220;full&#8220; css=&#8220;&#8220;][\/vc_column_inner][vc_column_inner width=&#8220;2\/3&#8243;]<div class=\"clearboth\"><\/div><style>#thegem-divider-6a048de13ff4d {margin-top: 20px !important;}<\/style><div id=\"thegem-divider-6a048de13ff4d\" class=\"gem-divider  \" style=\"\" ><\/div><div class=\"gem-list\" ><ul>\n<li>Alle Emissionen aus der Produktion von Energietr\u00e4gern.<\/li>\n<li>Emissionen aus der Gasf\u00f6rderung und Stromerzeugung<\/li>\n<\/ul>\n<\/div>[\/vc_column_inner][\/vc_row_inner][\/vc_tta_section][vc_tta_section title=&#8220;SCOPE 3&#8243; tab_id=&#8220;1569498104194-817a1482-f883d24f-1173&#8243;][vc_column_text css=&#8220;&#8220;]<\/p>\n<h5>Sonstige indirekte Emissionen<\/h5>\n<p>[\/vc_column_text]<div class=\"clearboth\"><\/div><style>#thegem-divider-6a048de1400cf {margin-top: 40px !important;}<\/style><div id=\"thegem-divider-6a048de1400cf\" class=\"gem-divider  \" style=\"\" ><\/div>[vc_row_inner][vc_column_inner width=&#8220;1\/3&#8243;][vc_single_image image=&#8220;4519&#8243; img_size=&#8220;300&#215;300&#8243; css=&#8220;&#8220;][\/vc_column_inner][vc_column_inner width=&#8220;2\/3&#8243;]<div class=\"clearboth\"><\/div><style>#thegem-divider-6a048de140167 {margin-top: 12px !important;}<\/style><div id=\"thegem-divider-6a048de140167\" class=\"gem-divider  \" style=\"\" ><\/div><div class=\"gem-list\" ><ul>\n<li>Treibhausgase aus der Stahlherstellung (von der Erzgewinnung bis zu den Hoch\u00f6fen)<\/li>\n<li>Gase aus der Gewinnung und Raffination von Zink, das f\u00fcr die Feuerverzinkung verwendet wird.<\/li>\n<li>Gas aufgrund der F\u00f6rderung und des Transports von Gas und des verwendeten \u00d6ls<\/li>\n<li>Die Herstellung von Pulverlack<\/li>\n<li>Die Herstellung von Schwei\u00dfzusatzdr\u00e4hten<\/li>\n<li>Lieferwege f\u00fcr Masten<\/li>\n<li>Bef\u00f6rderung von Mitarbeitern zwischen Wohn- und Arbeitsst\u00e4tte<\/li>\n<li>Recycling von Produktions- und Verpackungsabf\u00e4llen<\/li>\n<\/ul>\n<\/div>[\/vc_column_inner][\/vc_row_inner][\/vc_tta_section][\/vc_tta_tabs][\/vc_column][\/vc_row][vc_row][vc_column]<div class=\"clearboth\"><\/div><style>#thegem-divider-6a048de140315 {margin-top: 65px !important;}<\/style><div id=\"thegem-divider-6a048de140315\" class=\"gem-divider  \" style=\"\" ><\/div>[vc_column_text css=&#8220;&#8220;]<\/p>\n<div class=\"title-h2\" style=\"text-align: left; margin-bottom: 20px;\">CO2-Bilanz: SCOPE 3 Vorteil f\u00fcr die integrierte franz\u00f6sische Industrieproduktion!<\/div>\n<div style=\"width: 55px; height: 3px; background: #fbc300; text-indent: 9999px;\">1<\/div>\n<p>[\/vc_column_text][\/vc_column][\/vc_row][vc_row full_width=&#8220;stretch_row&#8220; css=&#8220;.vc_custom_1715331143650{background-position: center !important;background-repeat: no-repeat !important;background-size: cover !important;}&#8220;][vc_column][vc_column_text css=&#8220;&#8220;]<\/p>\n<div class=\"title-h4\" style=\"margin-bottom: 20px; text-align: center;\">WAS WIR TUN<\/div>\n<p>[\/vc_column_text]<div class=\"clearboth\"><\/div><style>#thegem-divider-6a048de1403b3 {margin-top: -20px !important;}<\/style><div id=\"thegem-divider-6a048de1403b3\" class=\"gem-divider  \" style=\"\" ><\/div>[vc_column_text css=&#8220;&#8220;]<\/p>\n<p style=\"text-align: center;\"><strong>Der erste Schritt in Richtung Umweltverantwortung ist der Kauf einer integrierten franz\u00f6sischen Industrieproduktion!<\/strong><\/p>\n<p>[\/vc_column_text][vc_single_image image=&#8220;16387&#8243; img_size=&#8220;full&#8220; alignment=&#8220;center&#8220; css=&#8220;&#8220;]<div class=\"clearboth\"><\/div><style>#thegem-divider-6a048de14044b {margin-top: 60px !important;}<\/style><div id=\"thegem-divider-6a048de14044b\" class=\"gem-divider  \" style=\"\" ><\/div>[\/vc_column][\/vc_row][vc_row full_width=&#8220;stretch_row&#8220; disable_element=&#8220;yes&#8220; css=&#8220;.vc_custom_1725521372079{margin-top: 0px !important;margin-bottom: -20px !important;border-top-width: 0px !important;padding-top: 0px !important;background-color: #f9f9f9 !important;background-position: center !important;background-repeat: no-repeat !important;background-size: cover !important;}&#8220;][vc_column]<div class=\"clearboth\"><\/div><style>#thegem-divider-6a048de1404e2 {margin-top: 20px !important;}<\/style><div id=\"thegem-divider-6a048de1404e2\" class=\"gem-divider  \" style=\"\" ><\/div>[vc_column_text css=&#8220;&#8220;]<\/p>\n<div class=\"title-h4\" style=\"margin-bottom: 20px; text-align: center;\">WAS UNSERE KONKURRENTEN TUN<\/div>\n<p>[\/vc_column_text]<div class=\"clearboth\"><\/div><style>#thegem-divider-6a048de140577 {margin-top: -20px !important;}<\/style><div id=\"thegem-divider-6a048de140577\" class=\"gem-divider  \" style=\"\" ><\/div>[vc_column_text css=&#8220;&#8220;]<\/p>\n<p style=\"text-align: center;\"><strong>Von der Stahlrolle bis zur Herstellung der Masten.<\/strong><\/p>\n<p>[\/vc_column_text][vc_single_image image=&#8220;4498&#8243; img_size=&#8220;full&#8220; alignment=&#8220;center&#8220; css=&#8220;&#8220;]<div class=\"clearboth\"><\/div><style>#thegem-divider-6a048de140633 {margin-top: 60px !important;}<\/style><div id=\"thegem-divider-6a048de140633\" class=\"gem-divider  \" style=\"\" ><\/div>[\/vc_column][\/vc_row][vc_row full_width=&#8220;stretch_row&#8220; css=&#8220;.vc_custom_1715332503564{margin-bottom: 0px !important;border-bottom-width: 0px !important;padding-top: 20px !important;padding-bottom: 40px !important;background-color: #4c82c3 !important;}&#8220;][vc_column width=&#8220;1\/2&#8243;][vc_column_text css=&#8220;&#8220;]<span style=\"color: #ffffff;\"><strong>Die Erstellung einer CO2-Bilanz bringt nichts &#8230;<\/strong><\/span><span style=\"color: #ffffff;\">Wenn dieser Schritt nicht mit einer echten Selbstreflexion \u00fcber die M\u00f6glichkeiten zur Begrenzung der Emissionen verbunden ist.<\/span><span style=\"color: #ffffff;\"><strong>Kompostierbare Verpackung der Masten<\/strong><\/span><span style=\"color: #ffffff;\">Kurzer R\u00fcckgewinnungskreislauf am Ende der Lebensdauer der Kandelaber<\/span><span style=\"color: #ffffff;\">Solarenergie auf den Tanklagern<\/span><span style=\"color: #ffffff;\">Nutzung von Abw\u00e4rme (sog. Fatal Heat)<\/span><span style=\"color: #ffffff;\">Und in erster Linie eine Auswahl von Lieferanten, die aus der N\u00e4he kommen und sich f\u00fcr niedrige Emissionen oder Reduzierungen engagieren.<\/span><span style=\"color: #ffffff;\"><strong>Im Fall von Conimast International<\/strong><\/span><span style=\"color: #ffffff;\">Scope 1 ist weniger g\u00fcnstig als ein Unternehmen, das Zulieferer f\u00fcr energieintensive Schritte einsetzt, mehr Emissionen vor Ort.<\/span>[\/vc_column_text][\/vc_column][vc_column width=&#8220;1\/2&#8243;][vc_column_text css=&#8220;&#8220;]<span style=\"color: #ffffff;\">Wenn die Feuerverzinkung oder die Lackierung ausgelagert wird, werden die Emissionen in Scope 3 umgewandelt, bei Conimast in Scope 1.<\/span><\/p>\n<p><span style=\"color: #ffffff;\">Die \u00dcbertragung von Kosten (Transport) f\u00fcr diese Auslagerung wird ebenfalls in Scope 3 verbucht.<\/span><br \/>\n<span style=\"color: #ffffff;\">Die Masse der CO2-Emissionen, die bei der Herstellung von Stahl und Zink freigesetzt werden, verdeckt und verschleiert die tats\u00e4chlichen Vorteile der Vollintegration von Coils bis zum Endprodukt an einem Standort.<\/span><\/p>\n<p><span style=\"color: #ffffff;\">Ein B\u00fcro, das Produkte von der anderen Seite des Planeten importiert, wird daher einen hervorragenden Scope 1 bieten!<\/span><br \/>\n<span style=\"color: #ffffff;\">Und ein Scope 3, der sich von einem lokalen Unternehmen kaum von den Emissionen aus dem Containertransport unterscheidet.<\/span><br \/>\n<span style=\"color: #ffffff;\">Es liegt an Ihnen, wachsam zu sein und sich nicht von diesem weitgehend verbesserungsf\u00e4higen und irref\u00fchrenden SCOPE-Ansatz t\u00e4uschen zu lassen.<\/span>[\/vc_column_text][\/vc_column][\/vc_row]<\/p>\n<\/div>","protected":false},"excerpt":{"rendered":"<p>[vc_row el_class=&#8220;st-dropcap&#8220;][vc_column width=&#8220;1\/2&#8243; offset=&#8220;vc_col-lg-6 vc_col-md-6 vc_col-xs-12&#8243;][vc_single_image image=&#8220;4502&#8243; img_size=&#8220;full&#8220; css=&#8220;&#8220;][\/vc_column][vc_column width=&#8220;1\/2&#8243;][vc_column_text css=&#8220;&#8220;] Sprechen Sie mit mir \u00fcber die CO2-Bilanz! 1 [\/vc_column_text][vc_column_text&#8230;<\/p>\n","protected":false},"author":1,"featured_media":0,"parent":15485,"menu_order":0,"comment_status":"closed","ping_status":"closed","template":"","meta":{"_acf_changed":false,"footnotes":""},"class_list":["post-15095","page","type-page","status-publish"],"acf":[],"yoast_head":"<!-- This site is optimized with the Yoast SEO plugin v26.4 - https:\/\/yoast.com\/wordpress\/plugins\/seo\/ -->\r\n<title>Recycling - Conimast<\/title>\r\n<meta name=\"robots\" content=\"index, follow, max-snippet:-1, max-image-preview:large, max-video-preview:-1\" \/>\r\n<link rel=\"canonical\" href=\"https:\/\/www.conimast.fr\/de\/csr\/recycling\/\" \/>\r\n<meta property=\"og:locale\" content=\"de_DE\" \/>\r\n<meta property=\"og:type\" content=\"article\" \/>\r\n<meta property=\"og:title\" content=\"Recycling - Conimast\" \/>\r\n<meta property=\"og:description\" content=\"[vc_row el_class=&#8220;st-dropcap&#8220;][vc_column width=&#8220;1\/2&#8243; offset=&#8220;vc_col-lg-6 vc_col-md-6 vc_col-xs-12&#8243;][vc_single_image image=&#8220;4502&#8243; img_size=&#8220;full&#8220; css=&#8220;&#8220;][\/vc_column][vc_column width=&#8220;1\/2&#8243;][vc_column_text css=&#8220;&#8220;] Sprechen Sie mit mir \u00fcber die CO2-Bilanz! 1 [\/vc_column_text][vc_column_text...\" \/>\r\n<meta property=\"og:url\" content=\"https:\/\/www.conimast.fr\/de\/csr\/recycling\/\" \/>\r\n<meta property=\"og:site_name\" content=\"Conimast\" \/>\r\n<meta property=\"article:modified_time\" content=\"2024-09-24T13:44:34+00:00\" \/>\r\n<meta name=\"twitter:card\" content=\"summary_large_image\" \/>\r\n<meta name=\"twitter:label1\" content=\"Gesch\u00e4tzte Lesezeit\" \/>\n\t<meta name=\"twitter:data1\" content=\"5\u00a0Minuten\" \/>\r\n<script type=\"application\/ld+json\" class=\"yoast-schema-graph\">{\"@context\":\"https:\/\/schema.org\",\"@graph\":[{\"@type\":\"WebPage\",\"@id\":\"https:\/\/www.conimast.fr\/de\/csr\/recycling\/\",\"url\":\"https:\/\/www.conimast.fr\/de\/csr\/recycling\/\",\"name\":\"Recycling - Conimast\",\"isPartOf\":{\"@id\":\"https:\/\/www.conimast.fr\/#website\"},\"datePublished\":\"2024-04-12T08:49:35+00:00\",\"dateModified\":\"2024-09-24T13:44:34+00:00\",\"breadcrumb\":{\"@id\":\"https:\/\/www.conimast.fr\/de\/csr\/recycling\/#breadcrumb\"},\"inLanguage\":\"de\",\"potentialAction\":[{\"@type\":\"ReadAction\",\"target\":[\"https:\/\/www.conimast.fr\/de\/csr\/recycling\/\"]}]},{\"@type\":\"BreadcrumbList\",\"@id\":\"https:\/\/www.conimast.fr\/de\/csr\/recycling\/#breadcrumb\",\"itemListElement\":[{\"@type\":\"ListItem\",\"position\":1,\"name\":\"Accueil\",\"item\":\"https:\/\/www.conimast.fr\/de\/\"},{\"@type\":\"ListItem\",\"position\":2,\"name\":\"CSR\",\"item\":\"https:\/\/www.conimast.fr\/de\/csr\/\"},{\"@type\":\"ListItem\",\"position\":3,\"name\":\"Recycling\"}]},{\"@type\":\"WebSite\",\"@id\":\"https:\/\/www.conimast.fr\/#website\",\"url\":\"https:\/\/www.conimast.fr\/\",\"name\":\"Conimast\",\"description\":\"sp\u00e9cialiste du Mobilier urbain d&#039;\u00e9clairage\",\"potentialAction\":[{\"@type\":\"SearchAction\",\"target\":{\"@type\":\"EntryPoint\",\"urlTemplate\":\"https:\/\/www.conimast.fr\/?s={search_term_string}\"},\"query-input\":{\"@type\":\"PropertyValueSpecification\",\"valueRequired\":true,\"valueName\":\"search_term_string\"}}],\"inLanguage\":\"de\"}]}<\/script>\r\n<!-- \/ Yoast SEO plugin. -->","yoast_head_json":{"title":"Recycling - Conimast","robots":{"index":"index","follow":"follow","max-snippet":"max-snippet:-1","max-image-preview":"max-image-preview:large","max-video-preview":"max-video-preview:-1"},"canonical":"https:\/\/www.conimast.fr\/de\/csr\/recycling\/","og_locale":"de_DE","og_type":"article","og_title":"Recycling - Conimast","og_description":"[vc_row el_class=&#8220;st-dropcap&#8220;][vc_column width=&#8220;1\/2&#8243; offset=&#8220;vc_col-lg-6 vc_col-md-6 vc_col-xs-12&#8243;][vc_single_image image=&#8220;4502&#8243; img_size=&#8220;full&#8220; css=&#8220;&#8220;][\/vc_column][vc_column width=&#8220;1\/2&#8243;][vc_column_text css=&#8220;&#8220;] Sprechen Sie mit mir \u00fcber die CO2-Bilanz! 1 [\/vc_column_text][vc_column_text...","og_url":"https:\/\/www.conimast.fr\/de\/csr\/recycling\/","og_site_name":"Conimast","article_modified_time":"2024-09-24T13:44:34+00:00","twitter_card":"summary_large_image","twitter_misc":{"Gesch\u00e4tzte Lesezeit":"5\u00a0Minuten"},"schema":{"@context":"https:\/\/schema.org","@graph":[{"@type":"WebPage","@id":"https:\/\/www.conimast.fr\/de\/csr\/recycling\/","url":"https:\/\/www.conimast.fr\/de\/csr\/recycling\/","name":"Recycling - Conimast","isPartOf":{"@id":"https:\/\/www.conimast.fr\/#website"},"datePublished":"2024-04-12T08:49:35+00:00","dateModified":"2024-09-24T13:44:34+00:00","breadcrumb":{"@id":"https:\/\/www.conimast.fr\/de\/csr\/recycling\/#breadcrumb"},"inLanguage":"de","potentialAction":[{"@type":"ReadAction","target":["https:\/\/www.conimast.fr\/de\/csr\/recycling\/"]}]},{"@type":"BreadcrumbList","@id":"https:\/\/www.conimast.fr\/de\/csr\/recycling\/#breadcrumb","itemListElement":[{"@type":"ListItem","position":1,"name":"Accueil","item":"https:\/\/www.conimast.fr\/de\/"},{"@type":"ListItem","position":2,"name":"CSR","item":"https:\/\/www.conimast.fr\/de\/csr\/"},{"@type":"ListItem","position":3,"name":"Recycling"}]},{"@type":"WebSite","@id":"https:\/\/www.conimast.fr\/#website","url":"https:\/\/www.conimast.fr\/","name":"Conimast","description":"sp\u00e9cialiste du Mobilier urbain d&#039;\u00e9clairage","potentialAction":[{"@type":"SearchAction","target":{"@type":"EntryPoint","urlTemplate":"https:\/\/www.conimast.fr\/?s={search_term_string}"},"query-input":{"@type":"PropertyValueSpecification","valueRequired":true,"valueName":"search_term_string"}}],"inLanguage":"de"}]}},"_links":{"self":[{"href":"https:\/\/www.conimast.fr\/de\/wp-json\/wp\/v2\/pages\/15095","targetHints":{"allow":["GET"]}}],"collection":[{"href":"https:\/\/www.conimast.fr\/de\/wp-json\/wp\/v2\/pages"}],"about":[{"href":"https:\/\/www.conimast.fr\/de\/wp-json\/wp\/v2\/types\/page"}],"author":[{"embeddable":true,"href":"https:\/\/www.conimast.fr\/de\/wp-json\/wp\/v2\/users\/1"}],"replies":[{"embeddable":true,"href":"https:\/\/www.conimast.fr\/de\/wp-json\/wp\/v2\/comments?post=15095"}],"version-history":[{"count":3,"href":"https:\/\/www.conimast.fr\/de\/wp-json\/wp\/v2\/pages\/15095\/revisions"}],"predecessor-version":[{"id":16398,"href":"https:\/\/www.conimast.fr\/de\/wp-json\/wp\/v2\/pages\/15095\/revisions\/16398"}],"up":[{"embeddable":true,"href":"https:\/\/www.conimast.fr\/de\/wp-json\/wp\/v2\/pages\/15485"}],"wp:attachment":[{"href":"https:\/\/www.conimast.fr\/de\/wp-json\/wp\/v2\/media?parent=15095"}],"curies":[{"name":"wp","href":"https:\/\/api.w.org\/{rel}","templated":true}]}}